{"id":841,"date":"2024-11-01T06:09:29","date_gmt":"2024-11-01T06:09:29","guid":{"rendered":"https:\/\/www.kassiopeia.fi\/hotel-k5-levi\/?page_id=841"},"modified":"2025-09-03T07:14:39","modified_gmt":"2025-09-03T07:14:39","slug":"miksi-varata-suoraan","status":"publish","type":"page","link":"https:\/\/www.kassiopeia.fi\/hotel-k5-levi\/miksi-varata-suoraan\/","title":{"rendered":"Miksi varata suoraan meilt\u00e4"},"content":{"rendered":"\n<div class=\"wp-block-cover alignfull is-light cover-hero wp-duotone-unset-1\" style=\"margin-top:0px;margin-bottom:0px;padding-top:0px;padding-right:0px;padding-bottom:0px;padding-left:0px;min-height:30vw;aspect-ratio:unset;\"><img loading=\"lazy\" decoding=\"async\" width=\"2000\" height=\"1125\" class=\"wp-block-cover__image-background wp-image-843\" alt=\"Hotel K5 aula ja vastaanotto.\" src=\"https:\/\/www.kassiopeia.fi\/hotel-k5-levi\/wp-content\/uploads\/sites\/4\/2024\/11\/k5-aula.jpg\" style=\"object-position:48% 28%\" data-object-fit=\"cover\" data-object-position=\"48% 28%\" srcset=\"https:\/\/www.kassiopeia.fi\/hotel-k5-levi\/wp-content\/uploads\/sites\/4\/2024\/11\/k5-aula.jpg 2000w, https:\/\/www.kassiopeia.fi\/hotel-k5-levi\/wp-content\/uploads\/sites\/4\/2024\/11\/k5-aula-300x169.jpg 300w, https:\/\/www.kassiopeia.fi\/hotel-k5-levi\/wp-content\/uploads\/sites\/4\/2024\/11\/k5-aula-1024x576.jpg 1024w, https:\/\/www.kassiopeia.fi\/hotel-k5-levi\/wp-content\/uploads\/sites\/4\/2024\/11\/k5-aula-768x432.jpg 768w, https:\/\/www.kassiopeia.fi\/hotel-k5-levi\/wp-content\/uploads\/sites\/4\/2024\/11\/k5-aula-1536x864.jpg 1536w\" sizes=\"auto, (max-width: 2000px) 100vw, 2000px\" \/><span aria-hidden=\"true\" class=\"wp-block-cover__background has-black-background-color has-background-dim-0 has-background-dim\"><\/span><div class=\"wp-block-cover__inner-container is-layout-flow wp-container-core-cover-is-layout-6e17fc20 wp-block-cover-is-layout-flow\">\n<h1 class=\"wp-block-heading has-text-align-center\" id=\"h-\" style=\"font-size:70px\"><\/h1>\n\n\n\n<p><\/p>\n<\/div><\/div>\n\n\n\n<div class=\"breadcrumb-container\"><ul id=\"breadcrumbs\" class=\"breadcrumbs\"><li class=\"item-home\"><a class=\"bread-link bread-home\" href=\"https:\/\/www.kassiopeia.fi\/hotel-k5-levi\" title=\"Hotel K5 Levi\">Hotel K5 Levi<\/a><\/li><li class=\"separator separator-home\"> \/ <\/li><\/ul><\/div>\n<style>\n    \n<\/style>\n\n\n<div class=\"wp-block-group alignfull is-layout-constrained wp-container-core-group-is-layout-226df1c0 wp-block-group-is-layout-constrained\" style=\"padding-top:var(--wp--preset--spacing--50);padding-right:var(--wp--preset--spacing--40);padding-bottom:var(--wp--preset--spacing--40);padding-left:var(--wp--preset--spacing--40)\">\n<div class=\"wp-block-group alignwide is-layout-constrained wp-container-core-group-is-layout-9517baca wp-block-group-is-layout-constrained\">\n<h1 class=\"wp-block-heading has-text-align-center\" id=\"h-miksi-varata-suoraan-meilta\" style=\"margin-bottom:var(--wp--preset--spacing--60)\">Miksi varata suoraan meilt\u00e4<\/h1>\n\n\n\n<p class=\"has-text-align-center has-large-font-size\">Varatessasi hotellihuoneen suoraan meilt\u00e4, joko nettisivuilta, puhelimitse tai s\u00e4hk\u00f6postitse, saat k\u00e4ytt\u00f6\u00f6si loistavia etuja!<\/p>\n<\/div>\n<\/div>\n\n\n\n<div class=\"wp-block-group alignfull is-layout-constrained wp-container-core-group-is-layout-0c9c989a wp-block-group-is-layout-constrained\" style=\"margin-top:0;margin-bottom:0;padding-top:var(--wp--preset--spacing--70);padding-right:var(--wp--preset--spacing--40);padding-bottom:var(--wp--preset--spacing--70);padding-left:var(--wp--preset--spacing--40)\">\n<div class=\"wp-block-media-text alignwide has-media-on-the-right is-stacked-on-mobile is-vertically-aligned-center is-image-fill-element\" style=\"margin-top:var(--wp--preset--spacing--60);margin-bottom:var(--wp--preset--spacing--60)\"><div class=\"wp-block-media-text__content\">\n<div style=\"height:22px\" aria-hidden=\"true\" class=\"wp-block-spacer\"><\/div>\n\n\n\n<h3 class=\"wp-block-heading\" id=\"h-sujuvampaa-asiointia\">Sujuvampaa asiointia<\/h3>\n\n\n\n<p>Varausten muokkaaminen ja muu asiointi on sujuvampaa ja helpompaa kun varaat majoituksen suoraan meilt\u00e4. Jos teet varauksen ulkopuoliselta online-matkatoimistolta, on mahdolliset muutokset hoidettava heid\u00e4n kanssaan. Meilt\u00e4 saat henkil\u00f6kohtaista ja nopeaa palvelua, ja meid\u00e4t saat aina puhelimitse kiinni!<\/p>\n\n\n\n<h3 class=\"wp-block-heading\" id=\"h-ei-piilokuluja\">Ei piilokuluja<\/h3>\n\n\n\n<p>Meilt\u00e4 varatun majoituksen hinta sis\u00e4lt\u00e4\u00e4 aina verot, emmek\u00e4 veloita varaus- tai palvelumaksuja.<\/p>\n\n\n\n<h3 class=\"wp-block-heading\" id=\"h-huomioimme-erikoistoiveet-ensisijaisesti\">Huomioimme erikoistoiveet ensisijaisesti<\/h3>\n\n\n\n<p>Otamme kaikki erikoistoiveet huomioon, mutta huomioimme ensisijaisesti meilt\u00e4 suoraan varanneiden asiakkaiden toiveet.<\/p>\n\n\n\n<div style=\"height:40px\" aria-hidden=\"true\" class=\"wp-block-spacer\"><\/div>\n<\/div><figure class=\"wp-block-media-text__media\"><img loading=\"lazy\" decoding=\"async\" width=\"1024\" height=\"576\" src=\"https:\/\/www.kassiopeia.fi\/hotel-k5-levi\/wp-content\/uploads\/sites\/4\/2024\/11\/laskija-rinteessa-sydan-1024x576.jpg\" alt=\"Laskettelija Levin rinteess\u00e4 ja tekee syd\u00e4men k\u00e4sill\u00e4.\" class=\"wp-image-844 size-full\" style=\"object-position:50% 50%\" srcset=\"https:\/\/www.kassiopeia.fi\/hotel-k5-levi\/wp-content\/uploads\/sites\/4\/2024\/11\/laskija-rinteessa-sydan-1024x576.jpg 1024w, https:\/\/www.kassiopeia.fi\/hotel-k5-levi\/wp-content\/uploads\/sites\/4\/2024\/11\/laskija-rinteessa-sydan-300x169.jpg 300w, https:\/\/www.kassiopeia.fi\/hotel-k5-levi\/wp-content\/uploads\/sites\/4\/2024\/11\/laskija-rinteessa-sydan-768x432.jpg 768w, https:\/\/www.kassiopeia.fi\/hotel-k5-levi\/wp-content\/uploads\/sites\/4\/2024\/11\/laskija-rinteessa-sydan-1536x864.jpg 1536w, https:\/\/www.kassiopeia.fi\/hotel-k5-levi\/wp-content\/uploads\/sites\/4\/2024\/11\/laskija-rinteessa-sydan.jpg 2000w\" sizes=\"auto, (max-width: 1024px) 100vw, 1024px\" \/><\/figure><\/div>\n\n\n\n<div class=\"wp-block-media-text alignwide has-media-on-the-right is-stacked-on-mobile is-vertically-aligned-center is-image-fill-element has-k-5-levi-12-background-color has-background\" style=\"margin-top:var(--wp--preset--spacing--60);margin-bottom:var(--wp--preset--spacing--60)\"><div class=\"wp-block-media-text__content\">\n<div style=\"height:22px\" aria-hidden=\"true\" class=\"wp-block-spacer\"><\/div>\n\n\n\n<h2 class=\"wp-block-heading\" id=\"h-liity-star-memberiksi-nyt\">Liity Star Memberiksi nyt!<\/h2>\n\n\n\n<h3 class=\"wp-block-heading\" id=\"h-parhaita-tarjouksia\">Parhaita tarjouksia<\/h3>\n\n\n\n<p>Kanta-asiakasetumme <strong>-10 % p\u00e4iv\u00e4n majoitushinnasta<\/strong> saa ainoastaan varauksiin, jotka tehd\u00e4\u00e4n suoraan nettisivuiltamme. Jos varaat huoneen ulkopuoliselta online-matkatoimistolta, ei kanta-asiakasetua voi liitt\u00e4\u00e4 majoituksen hintaan.<\/p>\n\n\n\n<h3 class=\"wp-block-heading\" id=\"h-ilmainen-huoneluokan-korotus\">Ilmainen huoneluokan korotus<\/h3>\n\n\n\n<p>Tarjoamme ilmaisen huoneluokan korotuksen, yhden huoneluokan verran, suoraan meilt\u00e4 varattuihin hotellihuoneisiin (Star Member kanta-asiakkaille saatavuuden mukaan, ei koske huoneistoja). Kysy etua sis\u00e4\u00e4nkirjautumisen yhteydess\u00e4.<\/p>\n\n\n\n<h3 class=\"wp-block-heading\" id=\"h-mahdollisuus-myohaisempaan-uloskirjautumiseen\">Mahdollisuus my\u00f6h\u00e4isemp\u00e4\u00e4n uloskirjautumiseen<\/h3>\n\n\n\n<p>Tarjoamme my\u00f6h\u00e4isen uloskirjautumisen, klo 14, suoraan meilt\u00e4 varattuihin hotellihuoneisiin (Star Member kanta-asiakkaille mahdollisuuksien mukaan, ei koske huoneistoja).<\/p>\n\n\n\n<p><em>Star Member -edut eiv\u00e4t koske Levi Chalets -huoneistoja.<\/em><\/p>\n\n\n\n<div class=\"wp-block-buttons is-layout-flex wp-block-buttons-is-layout-flex\">\n<div class=\"wp-block-button\"><a class=\"wp-block-button__link has-text-align-left wp-element-button\" href=\"https:\/\/www.kassiopeia.fi\/star-member\/\" target=\"_blank\" rel=\"noreferrer noopener\">Liity ilmaiseksi Star Member kanta-asiakkaaksemme!<\/a><\/div>\n<\/div>\n\n\n\n<div style=\"height:40px\" aria-hidden=\"true\" class=\"wp-block-spacer\"><\/div>\n<\/div><figure class=\"wp-block-media-text__media\"><img loading=\"lazy\" decoding=\"async\" width=\"1024\" height=\"627\" src=\"https:\/\/www.kassiopeia.fi\/hotel-k5-levi\/wp-content\/uploads\/sites\/4\/2024\/10\/kassiopeia-star-member-kanta-asiakkaita-ruokailemassa-levin-ravintolassa-1024x627.jpg\" alt=\"Kassiopeian Star Memberit illallisella.\" class=\"wp-image-757 size-full\" style=\"object-position:60% 36%\" srcset=\"https:\/\/www.kassiopeia.fi\/hotel-k5-levi\/wp-content\/uploads\/sites\/4\/2024\/10\/kassiopeia-star-member-kanta-asiakkaita-ruokailemassa-levin-ravintolassa-1024x627.jpg 1024w, https:\/\/www.kassiopeia.fi\/hotel-k5-levi\/wp-content\/uploads\/sites\/4\/2024\/10\/kassiopeia-star-member-kanta-asiakkaita-ruokailemassa-levin-ravintolassa-300x184.jpg 300w, https:\/\/www.kassiopeia.fi\/hotel-k5-levi\/wp-content\/uploads\/sites\/4\/2024\/10\/kassiopeia-star-member-kanta-asiakkaita-ruokailemassa-levin-ravintolassa-768x470.jpg 768w, https:\/\/www.kassiopeia.fi\/hotel-k5-levi\/wp-content\/uploads\/sites\/4\/2024\/10\/kassiopeia-star-member-kanta-asiakkaita-ruokailemassa-levin-ravintolassa.jpg 1132w\" sizes=\"auto, (max-width: 1024px) 100vw, 1024px\" \/><\/figure><\/div>\n<\/div>\n","protected":false},"excerpt":{"rendered":"<p>Miksi varata suoraan meilt\u00e4 Varatessasi hotellihuoneen suoraan meilt\u00e4, joko nettisivuilta, puhelimitse tai s\u00e4hk\u00f6postitse, saat k\u00e4ytt\u00f6\u00f6si loistavia etuja! Sujuvampaa asiointia Varausten muokkaaminen ja muu asiointi on sujuvampaa ja helpompaa kun varaat majoituksen suoraan meilt\u00e4. Jos teet varauksen ulkopuoliselta online-matkatoimistolta, on mahdolliset muutokset hoidettava heid\u00e4n kanssaan. Meilt\u00e4 saat henkil\u00f6kohtaista ja nopeaa palvelua, ja meid\u00e4t saat aina puhelimitse [&hellip;]<\/p>\n","protected":false},"author":7,"featured_media":0,"parent":0,"menu_order":0,"comment_status":"closed","ping_status":"closed","template":"","meta":{"_acf_changed":false,"footnotes":""},"class_list":["post-841","page","type-page","status-publish","hentry"],"acf":[],"yoast_head":"<!-- This site is optimized with the Yoast SEO Premium plugin v27.2 (Yoast SEO v27.2) - https:\/\/yoast.com\/product\/yoast-seo-premium-wordpress\/ -->\n<title>Miksi varata suoraan meilt\u00e4 - Hotel K5 Levi<\/title>\n<meta name=\"description\" content=\"Varatessasi hotellihuoneen suoraan Hotel K5 Levist\u00e4, saat k\u00e4ytt\u00f6\u00f6si loistavia etuja! Lue lis\u00e4\u00e4 sivuiltamme.\" \/>\n<meta name=\"robots\" content=\"index, follow, max-snippet:-1, max-image-preview:large, max-video-preview:-1\" \/>\n<link rel=\"canonical\" href=\"https:\/\/www.kassiopeia.fi\/hotel-k5-levi\/miksi-varata-suoraan\/\" \/>\n<meta property=\"og:locale\" content=\"en_US\" \/>\n<meta property=\"og:type\" content=\"article\" \/>\n<meta property=\"og:title\" content=\"Miksi varata suoraan meilt\u00e4\" \/>\n<meta property=\"og:description\" content=\"Varatessasi hotellihuoneen suoraan Hotel K5 Levist\u00e4, saat k\u00e4ytt\u00f6\u00f6si loistavia etuja! Lue lis\u00e4\u00e4 sivuiltamme.\" \/>\n<meta property=\"og:url\" content=\"https:\/\/www.kassiopeia.fi\/hotel-k5-levi\/miksi-varata-suoraan\/\" \/>\n<meta property=\"og:site_name\" content=\"Hotel K5 Levi\" \/>\n<meta property=\"article:modified_time\" content=\"2025-09-03T07:14:39+00:00\" \/>\n<meta property=\"og:image\" content=\"https:\/\/www.kassiopeia.fi\/hotel-k5-levi\/wp-content\/uploads\/sites\/4\/2024\/11\/k5-aula.jpg\" \/>\n\t<meta property=\"og:image:width\" content=\"2000\" \/>\n\t<meta property=\"og:image:height\" content=\"1125\" \/>\n\t<meta property=\"og:image:type\" content=\"image\/jpeg\" \/>\n<meta name=\"twitter:card\" content=\"summary_large_image\" \/>\n<meta name=\"twitter:label1\" content=\"Est. reading time\" \/>\n\t<meta name=\"twitter:data1\" content=\"2 minutes\" \/>\n<script type=\"application\/ld+json\" class=\"yoast-schema-graph\">{\"@context\":\"https:\/\/schema.org\",\"@graph\":[{\"@type\":\"WebPage\",\"@id\":\"https:\/\/www.kassiopeia.fi\/hotel-k5-levi\/miksi-varata-suoraan\/\",\"url\":\"https:\/\/www.kassiopeia.fi\/hotel-k5-levi\/miksi-varata-suoraan\/\",\"name\":\"Miksi varata suoraan meilt\u00e4 - Hotel K5 Levi\",\"isPartOf\":{\"@id\":\"https:\/\/www.kassiopeia.fi\/hotel-k5-levi\/#website\"},\"primaryImageOfPage\":{\"@id\":\"https:\/\/www.kassiopeia.fi\/hotel-k5-levi\/miksi-varata-suoraan\/#primaryimage\"},\"image\":{\"@id\":\"https:\/\/www.kassiopeia.fi\/hotel-k5-levi\/miksi-varata-suoraan\/#primaryimage\"},\"thumbnailUrl\":\"https:\/\/www.kassiopeia.fi\/hotel-k5-levi\/wp-content\/uploads\/sites\/4\/2024\/11\/k5-aula.jpg\",\"datePublished\":\"2024-11-01T06:09:29+00:00\",\"dateModified\":\"2025-09-03T07:14:39+00:00\",\"description\":\"Varatessasi hotellihuoneen suoraan Hotel K5 Levist\u00e4, saat k\u00e4ytt\u00f6\u00f6si loistavia etuja! Lue lis\u00e4\u00e4 sivuiltamme.\",\"breadcrumb\":{\"@id\":\"https:\/\/www.kassiopeia.fi\/hotel-k5-levi\/miksi-varata-suoraan\/#breadcrumb\"},\"inLanguage\":\"en-US\",\"potentialAction\":[{\"@type\":\"ReadAction\",\"target\":[\"https:\/\/www.kassiopeia.fi\/hotel-k5-levi\/miksi-varata-suoraan\/\"]}]},{\"@type\":\"ImageObject\",\"inLanguage\":\"en-US\",\"@id\":\"https:\/\/www.kassiopeia.fi\/hotel-k5-levi\/miksi-varata-suoraan\/#primaryimage\",\"url\":\"https:\/\/www.kassiopeia.fi\/hotel-k5-levi\/wp-content\/uploads\/sites\/4\/2024\/11\/k5-aula.jpg\",\"contentUrl\":\"https:\/\/www.kassiopeia.fi\/hotel-k5-levi\/wp-content\/uploads\/sites\/4\/2024\/11\/k5-aula.jpg\",\"width\":2000,\"height\":1125,\"caption\":\"Hotel K5 aula ja vastaanotto.\"},{\"@type\":\"BreadcrumbList\",\"@id\":\"https:\/\/www.kassiopeia.fi\/hotel-k5-levi\/miksi-varata-suoraan\/#breadcrumb\",\"itemListElement\":[{\"@type\":\"ListItem\",\"position\":1,\"name\":\"Home\",\"item\":\"https:\/\/www.kassiopeia.fi\/hotel-k5-levi\/\"},{\"@type\":\"ListItem\",\"position\":2,\"name\":\"Miksi varata suoraan meilt\u00e4\"}]},{\"@type\":\"WebSite\",\"@id\":\"https:\/\/www.kassiopeia.fi\/hotel-k5-levi\/#website\",\"url\":\"https:\/\/www.kassiopeia.fi\/hotel-k5-levi\/\",\"name\":\"Hotel K5 Levi\",\"description\":\"\",\"potentialAction\":[{\"@type\":\"SearchAction\",\"target\":{\"@type\":\"EntryPoint\",\"urlTemplate\":\"https:\/\/www.kassiopeia.fi\/hotel-k5-levi\/?s={search_term_string}\"},\"query-input\":{\"@type\":\"PropertyValueSpecification\",\"valueRequired\":true,\"valueName\":\"search_term_string\"}}],\"inLanguage\":\"en-US\"}]}<\/script>\n<!-- \/ Yoast SEO Premium plugin. -->","yoast_head_json":{"title":"Miksi varata suoraan meilt\u00e4 - Hotel K5 Levi","description":"Varatessasi hotellihuoneen suoraan Hotel K5 Levist\u00e4, saat k\u00e4ytt\u00f6\u00f6si loistavia etuja! Lue lis\u00e4\u00e4 sivuiltamme.","robots":{"index":"index","follow":"follow","max-snippet":"max-snippet:-1","max-image-preview":"max-image-preview:large","max-video-preview":"max-video-preview:-1"},"canonical":"https:\/\/www.kassiopeia.fi\/hotel-k5-levi\/miksi-varata-suoraan\/","og_locale":"en_US","og_type":"article","og_title":"Miksi varata suoraan meilt\u00e4","og_description":"Varatessasi hotellihuoneen suoraan Hotel K5 Levist\u00e4, saat k\u00e4ytt\u00f6\u00f6si loistavia etuja! Lue lis\u00e4\u00e4 sivuiltamme.","og_url":"https:\/\/www.kassiopeia.fi\/hotel-k5-levi\/miksi-varata-suoraan\/","og_site_name":"Hotel K5 Levi","article_modified_time":"2025-09-03T07:14:39+00:00","og_image":[{"width":2000,"height":1125,"url":"https:\/\/www.kassiopeia.fi\/hotel-k5-levi\/wp-content\/uploads\/sites\/4\/2024\/11\/k5-aula.jpg","type":"image\/jpeg"}],"twitter_card":"summary_large_image","twitter_misc":{"Est. reading time":"2 minutes"},"schema":{"@context":"https:\/\/schema.org","@graph":[{"@type":"WebPage","@id":"https:\/\/www.kassiopeia.fi\/hotel-k5-levi\/miksi-varata-suoraan\/","url":"https:\/\/www.kassiopeia.fi\/hotel-k5-levi\/miksi-varata-suoraan\/","name":"Miksi varata suoraan meilt\u00e4 - Hotel K5 Levi","isPartOf":{"@id":"https:\/\/www.kassiopeia.fi\/hotel-k5-levi\/#website"},"primaryImageOfPage":{"@id":"https:\/\/www.kassiopeia.fi\/hotel-k5-levi\/miksi-varata-suoraan\/#primaryimage"},"image":{"@id":"https:\/\/www.kassiopeia.fi\/hotel-k5-levi\/miksi-varata-suoraan\/#primaryimage"},"thumbnailUrl":"https:\/\/www.kassiopeia.fi\/hotel-k5-levi\/wp-content\/uploads\/sites\/4\/2024\/11\/k5-aula.jpg","datePublished":"2024-11-01T06:09:29+00:00","dateModified":"2025-09-03T07:14:39+00:00","description":"Varatessasi hotellihuoneen suoraan Hotel K5 Levist\u00e4, saat k\u00e4ytt\u00f6\u00f6si loistavia etuja! Lue lis\u00e4\u00e4 sivuiltamme.","breadcrumb":{"@id":"https:\/\/www.kassiopeia.fi\/hotel-k5-levi\/miksi-varata-suoraan\/#breadcrumb"},"inLanguage":"en-US","potentialAction":[{"@type":"ReadAction","target":["https:\/\/www.kassiopeia.fi\/hotel-k5-levi\/miksi-varata-suoraan\/"]}]},{"@type":"ImageObject","inLanguage":"en-US","@id":"https:\/\/www.kassiopeia.fi\/hotel-k5-levi\/miksi-varata-suoraan\/#primaryimage","url":"https:\/\/www.kassiopeia.fi\/hotel-k5-levi\/wp-content\/uploads\/sites\/4\/2024\/11\/k5-aula.jpg","contentUrl":"https:\/\/www.kassiopeia.fi\/hotel-k5-levi\/wp-content\/uploads\/sites\/4\/2024\/11\/k5-aula.jpg","width":2000,"height":1125,"caption":"Hotel K5 aula ja vastaanotto."},{"@type":"BreadcrumbList","@id":"https:\/\/www.kassiopeia.fi\/hotel-k5-levi\/miksi-varata-suoraan\/#breadcrumb","itemListElement":[{"@type":"ListItem","position":1,"name":"Home","item":"https:\/\/www.kassiopeia.fi\/hotel-k5-levi\/"},{"@type":"ListItem","position":2,"name":"Miksi varata suoraan meilt\u00e4"}]},{"@type":"WebSite","@id":"https:\/\/www.kassiopeia.fi\/hotel-k5-levi\/#website","url":"https:\/\/www.kassiopeia.fi\/hotel-k5-levi\/","name":"Hotel K5 Levi","description":"","potentialAction":[{"@type":"SearchAction","target":{"@type":"EntryPoint","urlTemplate":"https:\/\/www.kassiopeia.fi\/hotel-k5-levi\/?s={search_term_string}"},"query-input":{"@type":"PropertyValueSpecification","valueRequired":true,"valueName":"search_term_string"}}],"inLanguage":"en-US"}]}},"lang":"fi","translations":{"fi":841,"en":849},"pll_sync_post":[],"_links":{"self":[{"href":"https:\/\/www.kassiopeia.fi\/hotel-k5-levi\/wp-json\/wp\/v2\/pages\/841","targetHints":{"allow":["GET"]}}],"collection":[{"href":"https:\/\/www.kassiopeia.fi\/hotel-k5-levi\/wp-json\/wp\/v2\/pages"}],"about":[{"href":"https:\/\/www.kassiopeia.fi\/hotel-k5-levi\/wp-json\/wp\/v2\/types\/page"}],"author":[{"embeddable":true,"href":"https:\/\/www.kassiopeia.fi\/hotel-k5-levi\/wp-json\/wp\/v2\/users\/7"}],"replies":[{"embeddable":true,"href":"https:\/\/www.kassiopeia.fi\/hotel-k5-levi\/wp-json\/wp\/v2\/comments?post=841"}],"version-history":[{"count":9,"href":"https:\/\/www.kassiopeia.fi\/hotel-k5-levi\/wp-json\/wp\/v2\/pages\/841\/revisions"}],"predecessor-version":[{"id":2725,"href":"https:\/\/www.kassiopeia.fi\/hotel-k5-levi\/wp-json\/wp\/v2\/pages\/841\/revisions\/2725"}],"wp:attachment":[{"href":"https:\/\/www.kassiopeia.fi\/hotel-k5-levi\/wp-json\/wp\/v2\/media?parent=841"}],"curies":[{"name":"wp","href":"https:\/\/api.w.org\/{rel}","templated":true}]}}