{"id":562,"date":"2024-10-30T13:59:43","date_gmt":"2024-10-30T13:59:43","guid":{"rendered":"https:\/\/www.kassiopeia.fi\/hotel-k5-levi\/?page_id=562"},"modified":"2025-07-29T12:17:35","modified_gmt":"2025-07-29T12:17:35","slug":"lemmikit","status":"publish","type":"page","link":"https:\/\/www.kassiopeia.fi\/hotel-k5-levi\/majoitus\/lemmikit\/","title":{"rendered":"Lemmikit"},"content":{"rendered":"\n<div class=\"wp-block-cover alignfull is-light cover-hero wp-duotone-unset-1\" style=\"margin-top:0px;margin-bottom:0px;padding-top:0px;padding-right:0px;padding-bottom:0px;padding-left:0px;min-height:30vw;aspect-ratio:unset;\"><img loading=\"lazy\" decoding=\"async\" width=\"1024\" height=\"576\" class=\"wp-block-cover__image-background wp-image-545\" alt=\"Lemmikkiyst\u00e4v\u00e4llist\u00e4 majoitusta Levill\u00e4.\" src=\"https:\/\/www.kassiopeia.fi\/hotel-k5-levi\/wp-content\/uploads\/sites\/4\/2024\/10\/lemmiystavallinen-hotelli-levi.jpg\" style=\"object-position:47% 76%\" data-object-fit=\"cover\" data-object-position=\"47% 76%\" srcset=\"https:\/\/www.kassiopeia.fi\/hotel-k5-levi\/wp-content\/uploads\/sites\/4\/2024\/10\/lemmiystavallinen-hotelli-levi.jpg 1024w, https:\/\/www.kassiopeia.fi\/hotel-k5-levi\/wp-content\/uploads\/sites\/4\/2024\/10\/lemmiystavallinen-hotelli-levi-300x169.jpg 300w, https:\/\/www.kassiopeia.fi\/hotel-k5-levi\/wp-content\/uploads\/sites\/4\/2024\/10\/lemmiystavallinen-hotelli-levi-768x432.jpg 768w\" sizes=\"auto, (max-width: 1024px) 100vw, 1024px\" \/><span aria-hidden=\"true\" class=\"wp-block-cover__background has-black-background-color has-background-dim-0 has-background-dim\"><\/span><div class=\"wp-block-cover__inner-container is-layout-flow wp-container-core-cover-is-layout-6e17fc20 wp-block-cover-is-layout-flow\">\n<h1 class=\"wp-block-heading has-text-align-center\" id=\"h-\" style=\"font-size:70px\"><\/h1>\n\n\n\n<p><\/p>\n<\/div><\/div>\n\n\n\n<div class=\"breadcrumb-container\"><ul id=\"breadcrumbs\" class=\"breadcrumbs\"><li class=\"item-home\"><a class=\"bread-link bread-home\" href=\"https:\/\/www.kassiopeia.fi\/hotel-k5-levi\" title=\"Hotel K5 Levi\">Hotel K5 Levi<\/a><\/li><li class=\"separator separator-home\"> \/ <\/li><\/ul><\/div>\n<style>\n    \n<\/style>\n\n\n<div class=\"wp-block-group alignfull is-layout-constrained wp-container-core-group-is-layout-412725b9 wp-block-group-is-layout-constrained\" style=\"padding-top:var(--wp--preset--spacing--50);padding-right:var(--wp--preset--spacing--40);padding-bottom:var(--wp--preset--spacing--80);padding-left:var(--wp--preset--spacing--40)\">\n<div class=\"wp-block-group alignwide is-layout-constrained wp-container-core-group-is-layout-9517baca wp-block-group-is-layout-constrained\">\n<h1 class=\"wp-block-heading has-text-align-center\" id=\"h-meille-ovat-lemmikit-tervetulleita\" style=\"margin-bottom:var(--wp--preset--spacing--60)\">Meille ovat lemmikit tervetulleita<\/h1>\n\n\n\n<p class=\"has-text-align-center has-large-font-size\">Koko perhe mukaan! Meille ovat perheen lemmikit tervetulleita hotellihuoneisiin ja K5 Villas -m\u00f6kkihuoneistoihin majoittumaan.<\/p>\n<\/div>\n<\/div>\n\n\n\n<div class=\"wp-block-group alignfull is-layout-constrained wp-container-core-group-is-layout-0c9c989a wp-block-group-is-layout-constrained\" style=\"margin-top:0;margin-bottom:0;padding-top:var(--wp--preset--spacing--70);padding-right:var(--wp--preset--spacing--40);padding-bottom:var(--wp--preset--spacing--70);padding-left:var(--wp--preset--spacing--40)\">\n<div class=\"wp-block-media-text alignwide has-media-on-the-right is-stacked-on-mobile is-vertically-aligned-center is-image-fill-element\" style=\"margin-top:var(--wp--preset--spacing--60);margin-bottom:var(--wp--preset--spacing--60)\"><div class=\"wp-block-media-text__content\">\n<div style=\"height:22px\" aria-hidden=\"true\" class=\"wp-block-spacer\"><\/div>\n\n\n\n<h3 class=\"wp-block-heading\" id=\"h-hinta-lemmikkimajoitukseen\">Hinta lemmikkimajoitukseen<\/h3>\n\n\n\n<p>Lemmikkimaksumme on <strong>25 \u20ac \/ 1-2 lemmikki\u00e4 \/ oleskelu<\/strong> hotellihuoneissa tai K5 Villas- m\u00f6kkihuoneistoissa.<\/p>\n\n\n\n<p>Meill\u00e4 on rajattu m\u00e4\u00e4r\u00e4 lemmikkihuoneita ja -m\u00f6kkihuoneistoja, joten tarkistathan lemmikkimajoituksen saatavuuden ennen varaamista ja ilmoitathan mukaan saapuvasta lemmikist\u00e4 etuk\u00e4teen.<\/p>\n\n\n\n<div style=\"height:40px\" aria-hidden=\"true\" class=\"wp-block-spacer\"><\/div>\n<\/div><figure class=\"wp-block-media-text__media\"><img loading=\"lazy\" decoding=\"async\" width=\"800\" height=\"600\" src=\"https:\/\/www.kassiopeia.fi\/hotel-k5-levi\/wp-content\/uploads\/sites\/4\/2024\/10\/hotel-k5-levi-lemmikkihuone.jpg\" alt=\"Koira hotellihuoneessa.\" class=\"wp-image-565 size-full\" style=\"object-position:50% 50%\" srcset=\"https:\/\/www.kassiopeia.fi\/hotel-k5-levi\/wp-content\/uploads\/sites\/4\/2024\/10\/hotel-k5-levi-lemmikkihuone.jpg 800w, https:\/\/www.kassiopeia.fi\/hotel-k5-levi\/wp-content\/uploads\/sites\/4\/2024\/10\/hotel-k5-levi-lemmikkihuone-300x225.jpg 300w, https:\/\/www.kassiopeia.fi\/hotel-k5-levi\/wp-content\/uploads\/sites\/4\/2024\/10\/hotel-k5-levi-lemmikkihuone-768x576.jpg 768w\" sizes=\"auto, (max-width: 800px) 100vw, 800px\" \/><\/figure><\/div>\n\n\n\n<div class=\"wp-block-media-text alignwide is-stacked-on-mobile is-vertically-aligned-center is-image-fill-element\" style=\"margin-top:var(--wp--preset--spacing--60);margin-bottom:var(--wp--preset--spacing--60)\"><figure class=\"wp-block-media-text__media\"><img loading=\"lazy\" decoding=\"async\" width=\"700\" height=\"875\" src=\"https:\/\/www.kassiopeia.fi\/hotel-k5-levi\/wp-content\/uploads\/sites\/4\/2024\/10\/koira_luonnossa_levilla-kesa.jpg\" alt=\"Koira luonnossa Levill\u00e4.\" class=\"wp-image-571 size-full\" style=\"object-position:50% 50%\" srcset=\"https:\/\/www.kassiopeia.fi\/hotel-k5-levi\/wp-content\/uploads\/sites\/4\/2024\/10\/koira_luonnossa_levilla-kesa.jpg 700w, https:\/\/www.kassiopeia.fi\/hotel-k5-levi\/wp-content\/uploads\/sites\/4\/2024\/10\/koira_luonnossa_levilla-kesa-240x300.jpg 240w\" sizes=\"auto, (max-width: 700px) 100vw, 700px\" \/><\/figure><div class=\"wp-block-media-text__content\">\n<div style=\"height:22px\" aria-hidden=\"true\" class=\"wp-block-spacer\"><\/div>\n\n\n\n<h3 class=\"wp-block-heading\" id=\"h-vinkkeja-lemmikin-kanssa-matkustamiseen\">Vinkkej\u00e4 lemmikin kanssa matkustamiseen<\/h3>\n\n\n\n<ul class=\"wp-block-list\">\n<li><strong>Varaa lemmikille sopiva huone<\/strong><br>Meilt\u00e4 l\u00f6ytyy hotellihuoneita ja K5 Villas -m\u00f6kkihuoneistoja lemmikeille. Varaathan lemmikkihuoneen tai m\u00f6kkihuoneiston.<\/li>\n\n\n\n<li><strong>J\u00e4t\u00e4 yhteystiedot vastaanottoon<\/strong><br>Jos joudut j\u00e4tt\u00e4m\u00e4\u00e4n lemmikkisi yksin huoneeseen, j\u00e4t\u00e4 yhteystietosi vastaanottoon. N\u00e4in henkil\u00f6kunta voi ottaa sinuun yhteytt\u00e4, jos lemmikill\u00e4si on h\u00e4t\u00e4.<\/li>\n\n\n\n<li><strong>Sovi siivouksesta erikseen<\/strong><br>Sovi siivouksen ajankohdasta erikseen vastaanotossa, jotta lemmikkisi ei h\u00e4iriinny siivouksen aikana.<\/li>\n\n\n\n<li><strong>Varaudu mahdollisiin vahinkoihin<\/strong><br>Jos lemmikillesi sattuu vahinko huoneessa, ilmoitathan siit\u00e4 mahdollisimman pian vastaanottoon.<\/li>\n<\/ul>\n\n\n\n<div style=\"height:40px\" aria-hidden=\"true\" class=\"wp-block-spacer\"><\/div>\n<\/div><\/div>\n<\/div>\n","protected":false},"excerpt":{"rendered":"<p>Meille ovat lemmikit tervetulleita Koko perhe mukaan! Meille ovat perheen lemmikit tervetulleita hotellihuoneisiin ja K5 Villas -m\u00f6kkihuoneistoihin majoittumaan. Hinta lemmikkimajoitukseen Lemmikkimaksumme on 25 \u20ac \/ 1-2 lemmikki\u00e4 \/ oleskelu hotellihuoneissa tai K5 Villas- m\u00f6kkihuoneistoissa. Meill\u00e4 on rajattu m\u00e4\u00e4r\u00e4 lemmikkihuoneita ja -m\u00f6kkihuoneistoja, joten tarkistathan lemmikkimajoituksen saatavuuden ennen varaamista ja ilmoitathan mukaan saapuvasta lemmikist\u00e4 etuk\u00e4teen. Vinkkej\u00e4 lemmikin [&hellip;]<\/p>\n","protected":false},"author":7,"featured_media":0,"parent":574,"menu_order":0,"comment_status":"closed","ping_status":"closed","template":"","meta":{"_acf_changed":false,"footnotes":""},"class_list":["post-562","page","type-page","status-publish","hentry"],"acf":[],"yoast_head":"<!-- This site is optimized with the Yoast SEO Premium plugin v27.2 (Yoast SEO v27.2) - https:\/\/yoast.com\/product\/yoast-seo-premium-wordpress\/ -->\n<title>Lemmikit - Hotel K5 Levi<\/title>\n<meta name=\"description\" content=\"Koko perhe mukaan! Meille ovat perheen lemmikit tervetulleita hotellihuoneisiin ja K5 Villas -m\u00f6kkihuoneistoihin majoittumaan. Lue lis\u00e4\u00e4!\" \/>\n<meta name=\"robots\" content=\"index, follow, max-snippet:-1, max-image-preview:large, max-video-preview:-1\" \/>\n<link rel=\"canonical\" href=\"https:\/\/www.kassiopeia.fi\/hotel-k5-levi\/majoitus\/lemmikit\/\" \/>\n<meta property=\"og:locale\" content=\"en_US\" \/>\n<meta property=\"og:type\" content=\"article\" \/>\n<meta property=\"og:title\" content=\"Lemmikit\" \/>\n<meta property=\"og:description\" content=\"Koko perhe mukaan! Meille ovat perheen lemmikit tervetulleita hotellihuoneisiin ja K5 Villas -m\u00f6kkihuoneistoihin majoittumaan. Lue lis\u00e4\u00e4!\" \/>\n<meta property=\"og:url\" content=\"https:\/\/www.kassiopeia.fi\/hotel-k5-levi\/majoitus\/lemmikit\/\" \/>\n<meta property=\"og:site_name\" content=\"Hotel K5 Levi\" \/>\n<meta property=\"article:modified_time\" content=\"2025-07-29T12:17:35+00:00\" \/>\n<meta property=\"og:image\" content=\"https:\/\/www.kassiopeia.fi\/hotel-k5-levi\/wp-content\/uploads\/sites\/4\/2024\/10\/lemmiystavallinen-hotelli-levi.jpg\" \/>\n\t<meta property=\"og:image:width\" content=\"1024\" \/>\n\t<meta property=\"og:image:height\" content=\"576\" \/>\n\t<meta property=\"og:image:type\" content=\"image\/jpeg\" \/>\n<meta name=\"twitter:card\" content=\"summary_large_image\" \/>\n<meta name=\"twitter:label1\" content=\"Est. reading time\" \/>\n\t<meta name=\"twitter:data1\" content=\"2 minutes\" \/>\n<script type=\"application\/ld+json\" class=\"yoast-schema-graph\">{\"@context\":\"https:\/\/schema.org\",\"@graph\":[{\"@type\":\"WebPage\",\"@id\":\"https:\/\/www.kassiopeia.fi\/hotel-k5-levi\/majoitus\/lemmikit\/\",\"url\":\"https:\/\/www.kassiopeia.fi\/hotel-k5-levi\/majoitus\/lemmikit\/\",\"name\":\"Lemmikit - Hotel K5 Levi\",\"isPartOf\":{\"@id\":\"https:\/\/www.kassiopeia.fi\/hotel-k5-levi\/#website\"},\"primaryImageOfPage\":{\"@id\":\"https:\/\/www.kassiopeia.fi\/hotel-k5-levi\/majoitus\/lemmikit\/#primaryimage\"},\"image\":{\"@id\":\"https:\/\/www.kassiopeia.fi\/hotel-k5-levi\/majoitus\/lemmikit\/#primaryimage\"},\"thumbnailUrl\":\"https:\/\/www.kassiopeia.fi\/hotel-k5-levi\/wp-content\/uploads\/sites\/4\/2024\/10\/lemmiystavallinen-hotelli-levi.jpg\",\"datePublished\":\"2024-10-30T13:59:43+00:00\",\"dateModified\":\"2025-07-29T12:17:35+00:00\",\"description\":\"Koko perhe mukaan! Meille ovat perheen lemmikit tervetulleita hotellihuoneisiin ja K5 Villas -m\u00f6kkihuoneistoihin majoittumaan. Lue lis\u00e4\u00e4!\",\"breadcrumb\":{\"@id\":\"https:\/\/www.kassiopeia.fi\/hotel-k5-levi\/majoitus\/lemmikit\/#breadcrumb\"},\"inLanguage\":\"en-US\",\"potentialAction\":[{\"@type\":\"ReadAction\",\"target\":[\"https:\/\/www.kassiopeia.fi\/hotel-k5-levi\/majoitus\/lemmikit\/\"]}]},{\"@type\":\"ImageObject\",\"inLanguage\":\"en-US\",\"@id\":\"https:\/\/www.kassiopeia.fi\/hotel-k5-levi\/majoitus\/lemmikit\/#primaryimage\",\"url\":\"https:\/\/www.kassiopeia.fi\/hotel-k5-levi\/wp-content\/uploads\/sites\/4\/2024\/10\/lemmiystavallinen-hotelli-levi.jpg\",\"contentUrl\":\"https:\/\/www.kassiopeia.fi\/hotel-k5-levi\/wp-content\/uploads\/sites\/4\/2024\/10\/lemmiystavallinen-hotelli-levi.jpg\",\"width\":1024,\"height\":576,\"caption\":\"Lemmikkiyst\u00e4v\u00e4llist\u00e4 majoitusta Levill\u00e4.\"},{\"@type\":\"BreadcrumbList\",\"@id\":\"https:\/\/www.kassiopeia.fi\/hotel-k5-levi\/majoitus\/lemmikit\/#breadcrumb\",\"itemListElement\":[{\"@type\":\"ListItem\",\"position\":1,\"name\":\"Home\",\"item\":\"https:\/\/www.kassiopeia.fi\/hotel-k5-levi\/\"},{\"@type\":\"ListItem\",\"position\":2,\"name\":\"Majoitus\",\"item\":\"https:\/\/www.kassiopeia.fi\/hotel-k5-levi\/majoitus\/\"},{\"@type\":\"ListItem\",\"position\":3,\"name\":\"Lemmikit\"}]},{\"@type\":\"WebSite\",\"@id\":\"https:\/\/www.kassiopeia.fi\/hotel-k5-levi\/#website\",\"url\":\"https:\/\/www.kassiopeia.fi\/hotel-k5-levi\/\",\"name\":\"Hotel K5 Levi\",\"description\":\"\",\"potentialAction\":[{\"@type\":\"SearchAction\",\"target\":{\"@type\":\"EntryPoint\",\"urlTemplate\":\"https:\/\/www.kassiopeia.fi\/hotel-k5-levi\/?s={search_term_string}\"},\"query-input\":{\"@type\":\"PropertyValueSpecification\",\"valueRequired\":true,\"valueName\":\"search_term_string\"}}],\"inLanguage\":\"en-US\"}]}<\/script>\n<!-- \/ Yoast SEO Premium plugin. -->","yoast_head_json":{"title":"Lemmikit - Hotel K5 Levi","description":"Koko perhe mukaan! Meille ovat perheen lemmikit tervetulleita hotellihuoneisiin ja K5 Villas -m\u00f6kkihuoneistoihin majoittumaan. Lue lis\u00e4\u00e4!","robots":{"index":"index","follow":"follow","max-snippet":"max-snippet:-1","max-image-preview":"max-image-preview:large","max-video-preview":"max-video-preview:-1"},"canonical":"https:\/\/www.kassiopeia.fi\/hotel-k5-levi\/majoitus\/lemmikit\/","og_locale":"en_US","og_type":"article","og_title":"Lemmikit","og_description":"Koko perhe mukaan! Meille ovat perheen lemmikit tervetulleita hotellihuoneisiin ja K5 Villas -m\u00f6kkihuoneistoihin majoittumaan. Lue lis\u00e4\u00e4!","og_url":"https:\/\/www.kassiopeia.fi\/hotel-k5-levi\/majoitus\/lemmikit\/","og_site_name":"Hotel K5 Levi","article_modified_time":"2025-07-29T12:17:35+00:00","og_image":[{"width":1024,"height":576,"url":"https:\/\/www.kassiopeia.fi\/hotel-k5-levi\/wp-content\/uploads\/sites\/4\/2024\/10\/lemmiystavallinen-hotelli-levi.jpg","type":"image\/jpeg"}],"twitter_card":"summary_large_image","twitter_misc":{"Est. reading time":"2 minutes"},"schema":{"@context":"https:\/\/schema.org","@graph":[{"@type":"WebPage","@id":"https:\/\/www.kassiopeia.fi\/hotel-k5-levi\/majoitus\/lemmikit\/","url":"https:\/\/www.kassiopeia.fi\/hotel-k5-levi\/majoitus\/lemmikit\/","name":"Lemmikit - Hotel K5 Levi","isPartOf":{"@id":"https:\/\/www.kassiopeia.fi\/hotel-k5-levi\/#website"},"primaryImageOfPage":{"@id":"https:\/\/www.kassiopeia.fi\/hotel-k5-levi\/majoitus\/lemmikit\/#primaryimage"},"image":{"@id":"https:\/\/www.kassiopeia.fi\/hotel-k5-levi\/majoitus\/lemmikit\/#primaryimage"},"thumbnailUrl":"https:\/\/www.kassiopeia.fi\/hotel-k5-levi\/wp-content\/uploads\/sites\/4\/2024\/10\/lemmiystavallinen-hotelli-levi.jpg","datePublished":"2024-10-30T13:59:43+00:00","dateModified":"2025-07-29T12:17:35+00:00","description":"Koko perhe mukaan! Meille ovat perheen lemmikit tervetulleita hotellihuoneisiin ja K5 Villas -m\u00f6kkihuoneistoihin majoittumaan. Lue lis\u00e4\u00e4!","breadcrumb":{"@id":"https:\/\/www.kassiopeia.fi\/hotel-k5-levi\/majoitus\/lemmikit\/#breadcrumb"},"inLanguage":"en-US","potentialAction":[{"@type":"ReadAction","target":["https:\/\/www.kassiopeia.fi\/hotel-k5-levi\/majoitus\/lemmikit\/"]}]},{"@type":"ImageObject","inLanguage":"en-US","@id":"https:\/\/www.kassiopeia.fi\/hotel-k5-levi\/majoitus\/lemmikit\/#primaryimage","url":"https:\/\/www.kassiopeia.fi\/hotel-k5-levi\/wp-content\/uploads\/sites\/4\/2024\/10\/lemmiystavallinen-hotelli-levi.jpg","contentUrl":"https:\/\/www.kassiopeia.fi\/hotel-k5-levi\/wp-content\/uploads\/sites\/4\/2024\/10\/lemmiystavallinen-hotelli-levi.jpg","width":1024,"height":576,"caption":"Lemmikkiyst\u00e4v\u00e4llist\u00e4 majoitusta Levill\u00e4."},{"@type":"BreadcrumbList","@id":"https:\/\/www.kassiopeia.fi\/hotel-k5-levi\/majoitus\/lemmikit\/#breadcrumb","itemListElement":[{"@type":"ListItem","position":1,"name":"Home","item":"https:\/\/www.kassiopeia.fi\/hotel-k5-levi\/"},{"@type":"ListItem","position":2,"name":"Majoitus","item":"https:\/\/www.kassiopeia.fi\/hotel-k5-levi\/majoitus\/"},{"@type":"ListItem","position":3,"name":"Lemmikit"}]},{"@type":"WebSite","@id":"https:\/\/www.kassiopeia.fi\/hotel-k5-levi\/#website","url":"https:\/\/www.kassiopeia.fi\/hotel-k5-levi\/","name":"Hotel K5 Levi","description":"","potentialAction":[{"@type":"SearchAction","target":{"@type":"EntryPoint","urlTemplate":"https:\/\/www.kassiopeia.fi\/hotel-k5-levi\/?s={search_term_string}"},"query-input":{"@type":"PropertyValueSpecification","valueRequired":true,"valueName":"search_term_string"}}],"inLanguage":"en-US"}]}},"lang":"fi","translations":{"fi":562},"pll_sync_post":[],"_links":{"self":[{"href":"https:\/\/www.kassiopeia.fi\/hotel-k5-levi\/wp-json\/wp\/v2\/pages\/562","targetHints":{"allow":["GET"]}}],"collection":[{"href":"https:\/\/www.kassiopeia.fi\/hotel-k5-levi\/wp-json\/wp\/v2\/pages"}],"about":[{"href":"https:\/\/www.kassiopeia.fi\/hotel-k5-levi\/wp-json\/wp\/v2\/types\/page"}],"author":[{"embeddable":true,"href":"https:\/\/www.kassiopeia.fi\/hotel-k5-levi\/wp-json\/wp\/v2\/users\/7"}],"replies":[{"embeddable":true,"href":"https:\/\/www.kassiopeia.fi\/hotel-k5-levi\/wp-json\/wp\/v2\/comments?post=562"}],"version-history":[{"count":8,"href":"https:\/\/www.kassiopeia.fi\/hotel-k5-levi\/wp-json\/wp\/v2\/pages\/562\/revisions"}],"predecessor-version":[{"id":2589,"href":"https:\/\/www.kassiopeia.fi\/hotel-k5-levi\/wp-json\/wp\/v2\/pages\/562\/revisions\/2589"}],"up":[{"embeddable":true,"href":"https:\/\/www.kassiopeia.fi\/hotel-k5-levi\/wp-json\/wp\/v2\/pages\/574"}],"wp:attachment":[{"href":"https:\/\/www.kassiopeia.fi\/hotel-k5-levi\/wp-json\/wp\/v2\/media?parent=562"}],"curies":[{"name":"wp","href":"https:\/\/api.w.org\/{rel}","templated":true}]}}