{"id":2830,"date":"2025-10-22T06:08:45","date_gmt":"2025-10-22T06:08:45","guid":{"rendered":"https:\/\/www.kassiopeia.fi\/hotel-k5-levi\/?page_id=2830"},"modified":"2025-10-30T09:25:41","modified_gmt":"2025-10-30T09:25:41","slug":"cafe-katka","status":"publish","type":"page","link":"https:\/\/www.kassiopeia.fi\/hotel-k5-levi\/cafe-katka\/","title":{"rendered":"Caf\u00e9 K\u00e4tk\u00e4"},"content":{"rendered":"\n<div class=\"wp-block-cover alignfull cover-hero wp-duotone-unset-1\" style=\"margin-top:0px;margin-bottom:0px;padding-top:0px;padding-right:0px;padding-bottom:0px;padding-left:0px;min-height:30vw;aspect-ratio:unset;\"><img loading=\"lazy\" decoding=\"async\" width=\"1920\" height=\"1280\" class=\"wp-block-cover__image-background wp-image-62 size-full\" alt=\"\" src=\"https:\/\/www.kassiopeia.fi\/hotel-k5-levi\/wp-content\/uploads\/sites\/4\/2024\/10\/aamiainen-levi-croissant.jpg\" data-object-fit=\"cover\" srcset=\"https:\/\/www.kassiopeia.fi\/hotel-k5-levi\/wp-content\/uploads\/sites\/4\/2024\/10\/aamiainen-levi-croissant.jpg 1920w, https:\/\/www.kassiopeia.fi\/hotel-k5-levi\/wp-content\/uploads\/sites\/4\/2024\/10\/aamiainen-levi-croissant-300x200.jpg 300w, https:\/\/www.kassiopeia.fi\/hotel-k5-levi\/wp-content\/uploads\/sites\/4\/2024\/10\/aamiainen-levi-croissant-1024x683.jpg 1024w, https:\/\/www.kassiopeia.fi\/hotel-k5-levi\/wp-content\/uploads\/sites\/4\/2024\/10\/aamiainen-levi-croissant-768x512.jpg 768w, https:\/\/www.kassiopeia.fi\/hotel-k5-levi\/wp-content\/uploads\/sites\/4\/2024\/10\/aamiainen-levi-croissant-1536x1024.jpg 1536w\" sizes=\"auto, (max-width: 1920px) 100vw, 1920px\" \/><span aria-hidden=\"true\" class=\"wp-block-cover__background has-black-background-color has-background-dim-0 has-background-dim\"><\/span><div class=\"wp-block-cover__inner-container is-layout-flow wp-container-core-cover-is-layout-6e17fc20 wp-block-cover-is-layout-flow\">\n<h1 class=\"wp-block-heading has-text-align-center\" id=\"h-\" style=\"font-size:70px\"><\/h1>\n\n\n\n<p><\/p>\n<\/div><\/div>\n\n\n\n<div class=\"breadcrumb-container\"><ul id=\"breadcrumbs\" class=\"breadcrumbs\"><li class=\"item-home\"><a class=\"bread-link bread-home\" href=\"https:\/\/www.kassiopeia.fi\/hotel-k5-levi\" title=\"Hotel K5 Levi\">Hotel K5 Levi<\/a><\/li><li class=\"separator separator-home\"> \/ <\/li><\/ul><\/div>\n<style>\n    \n<\/style>\n\n\n<div class=\"wp-block-group alignfull is-layout-constrained wp-container-core-group-is-layout-294a2ad3 wp-block-group-is-layout-constrained\" style=\"margin-top:0;margin-bottom:0;padding-top:var(--wp--preset--spacing--40);padding-right:var(--wp--preset--spacing--40);padding-bottom:var(--wp--preset--spacing--70);padding-left:var(--wp--preset--spacing--40)\">\n<figure class=\"wp-block-image aligncenter size-medium\"><img loading=\"lazy\" decoding=\"async\" width=\"300\" height=\"130\" src=\"https:\/\/www.kassiopeia.fi\/hotel-k5-levi\/wp-content\/uploads\/sites\/4\/2025\/10\/Cafe_Katka_RGB-300x130.jpg\" alt=\"\" class=\"wp-image-2902\" srcset=\"https:\/\/www.kassiopeia.fi\/hotel-k5-levi\/wp-content\/uploads\/sites\/4\/2025\/10\/Cafe_Katka_RGB-300x130.jpg 300w, https:\/\/www.kassiopeia.fi\/hotel-k5-levi\/wp-content\/uploads\/sites\/4\/2025\/10\/Cafe_Katka_RGB.jpg 500w\" sizes=\"auto, (max-width: 300px) 100vw, 300px\" \/><\/figure>\n<\/div>\n\n\n\n<div class=\"wp-block-group alignfull is-layout-constrained wp-container-core-group-is-layout-244a2f0a wp-block-group-is-layout-constrained\" style=\"padding-top:var(--wp--preset--spacing--50);padding-right:var(--wp--preset--spacing--40);padding-bottom:var(--wp--preset--spacing--70);padding-left:var(--wp--preset--spacing--40)\">\n<div class=\"wp-block-group alignwide ingress is-layout-constrained wp-block-group-is-layout-constrained\">\n<h1 class=\"wp-block-heading has-text-align-center\" id=\"h-cafe-katka\" style=\"margin-bottom:var(--wp--preset--spacing--60)\">Caf\u00e9 K\u00e4tk\u00e4<\/h1>\n\n\n\n<p class=\"has-text-align-center has-large-font-size\">Caf\u00e9 K\u00e4tk\u00e4 sijaitsee Hotel K5 Levin ensimm\u00e4isess\u00e4 kerroksessa. Tervetuloa herkuttelemaan ja tervehtim\u00e4\u00e4n samalla pihapiiriss\u00e4 talvisin olevia poroja!<br><\/p>\n<\/div>\n\n\n\n<div class=\"wp-block-group alignfull is-layout-constrained wp-container-core-group-is-layout-af458586 wp-block-group-is-layout-constrained\" style=\"margin-top:0;margin-bottom:0;padding-top:0;padding-right:var(--wp--preset--spacing--40);padding-bottom:0;padding-left:0\">\n\n<style>\n    #wp-block-acf-tietokentat-424469624 p {\n        margin: 0px;\n        margin-bottom: 9px;\n        <br \/>\n<b>Warning<\/b>:  Undefined variable $textAlign in <b>\/var\/www\/kassiopeia.fi\/git-repo\/kassiopeia\/kassiopeia-custom-blocks\/blocks\/tietokentat\/block.php<\/b> on line <b>74<\/b><br \/>\n    }\n<\/style>\n\n<div class=\"align wp-block-acf-tietokentat has-text-color has-black-color\" id=\"wp-block-acf-tietokentat-424469624\"><p style=\"text-align: center;\"><em>Restaurant services are closed from April 20 to November 8, 2026.<\/em><\/p>\n<p style=\"text-align: center;\">K\u00e4tk\u00e4nrannantie 2, 99130 Levi<br \/>\n<a href=\"mailto:restaurantkatka@kassiopeia.fi\" target=\"_blank\" rel=\"noreferrer noopener\">restaurantkatka@kassiopeia.fi<\/a><br \/>\n+358 16 639 1100<\/p>\n<\/div>\n<\/div>\n<\/div>\n\n\n\n<div class=\"wp-block-group alignfull has-k-5-levi-9-background-color has-background is-layout-constrained wp-container-core-group-is-layout-0c9c989a wp-block-group-is-layout-constrained\" style=\"margin-top:0;margin-bottom:0;padding-top:var(--wp--preset--spacing--70);padding-right:var(--wp--preset--spacing--40);padding-bottom:var(--wp--preset--spacing--70);padding-left:var(--wp--preset--spacing--40)\">\n<div class=\"wp-block-media-text alignwide is-stacked-on-mobile is-vertically-aligned-center is-image-fill-element has-general-1-background-color has-background\" style=\"margin-bottom:var(--wp--preset--spacing--70)\"><figure class=\"wp-block-media-text__media\"><img loading=\"lazy\" decoding=\"async\" width=\"1024\" height=\"768\" src=\"https:\/\/www.kassiopeia.fi\/hotel-k5-levi\/wp-content\/uploads\/sites\/4\/2025\/10\/korvapuusti-1024x768.jpg\" alt=\"\" class=\"wp-image-2831 size-full\" style=\"object-position:71% 19%\" srcset=\"https:\/\/www.kassiopeia.fi\/hotel-k5-levi\/wp-content\/uploads\/sites\/4\/2025\/10\/korvapuusti-1024x768.jpg 1024w, https:\/\/www.kassiopeia.fi\/hotel-k5-levi\/wp-content\/uploads\/sites\/4\/2025\/10\/korvapuusti-300x225.jpg 300w, https:\/\/www.kassiopeia.fi\/hotel-k5-levi\/wp-content\/uploads\/sites\/4\/2025\/10\/korvapuusti-768x576.jpg 768w, https:\/\/www.kassiopeia.fi\/hotel-k5-levi\/wp-content\/uploads\/sites\/4\/2025\/10\/korvapuusti-1536x1152.jpg 1536w, https:\/\/www.kassiopeia.fi\/hotel-k5-levi\/wp-content\/uploads\/sites\/4\/2025\/10\/korvapuusti.jpg 2048w\" sizes=\"auto, (max-width: 1024px) 100vw, 1024px\" \/><\/figure><div class=\"wp-block-media-text__content\">\n<h3 class=\"wp-block-heading\" id=\"h-tervetuloa-cafe-katkaan\">Tervetuloa Caf\u00e9 k\u00e4tk\u00e4\u00e4n!<\/h3>\n\n\n\n<p>Caf\u00e9 K\u00e4tk\u00e4ss\u00e4 on tarjolla suussa sulavia itseleivottuja suolaisia ja makeita herkkuja, sek\u00e4 kuumia ja kylmi\u00e4 juomia.<br><br><\/p>\n<\/div><\/div>\n\n\n\n<div class=\"wp-block-media-text alignwide has-media-on-the-right is-stacked-on-mobile is-vertically-aligned-center is-image-fill-element has-general-1-background-color has-background\"><div class=\"wp-block-media-text__content\">\n<h3 class=\"wp-block-heading\" id=\"h-tervehdi-samalla-poroja\">Tervehdi samalla poroja<\/h3>\n\n\n\n<p>Hotel K5 Levin edustalla on aitaus, jossa p\u00e4\u00e4set <a href=\"https:\/\/www.kassiopeia.fi\/hotel-k5-levi\/porot\/\">tervehtim\u00e4\u00e4n poroja<\/a>. Hotellin vastaanotossa on myynniss\u00e4 j\u00e4k\u00e4l\u00e4\u00e4, joka on porojen lempiruokaa, ja jolla voit ruokkia ja tutustua poroihimme l\u00e4hemp\u00e4\u00e4. <br><br>Porot tuodaan aitaukseen alkutalvesta, kun pysyv\u00e4 lumi on satanut maahan.&nbsp;Porot ovat ilonamme kev\u00e4\u00e4ll\u00e4 siihen saakka, kunnes hotellimme sulkeutuu!<br><\/p>\n<\/div><figure class=\"wp-block-media-text__media\"><img loading=\"lazy\" decoding=\"async\" width=\"1024\" height=\"683\" src=\"https:\/\/www.kassiopeia.fi\/hotel-k5-levi\/wp-content\/uploads\/sites\/4\/2024\/10\/poroaitaus-hotelk5levi-1024x683.jpg\" alt=\"Hotel K5 Levin pihapiirin porot.\" class=\"wp-image-72 size-full\" style=\"object-position:50% 50%\" srcset=\"https:\/\/www.kassiopeia.fi\/hotel-k5-levi\/wp-content\/uploads\/sites\/4\/2024\/10\/poroaitaus-hotelk5levi-1024x683.jpg 1024w, https:\/\/www.kassiopeia.fi\/hotel-k5-levi\/wp-content\/uploads\/sites\/4\/2024\/10\/poroaitaus-hotelk5levi-300x200.jpg 300w, https:\/\/www.kassiopeia.fi\/hotel-k5-levi\/wp-content\/uploads\/sites\/4\/2024\/10\/poroaitaus-hotelk5levi-768x512.jpg 768w, https:\/\/www.kassiopeia.fi\/hotel-k5-levi\/wp-content\/uploads\/sites\/4\/2024\/10\/poroaitaus-hotelk5levi-1536x1024.jpg 1536w, https:\/\/www.kassiopeia.fi\/hotel-k5-levi\/wp-content\/uploads\/sites\/4\/2024\/10\/poroaitaus-hotelk5levi.jpg 1920w\" sizes=\"auto, (max-width: 1024px) 100vw, 1024px\" \/><\/figure><\/div>\n<\/div>\n","protected":false},"excerpt":{"rendered":"<p>Caf\u00e9 K\u00e4tk\u00e4 Caf\u00e9 K\u00e4tk\u00e4 sijaitsee Hotel K5 Levin ensimm\u00e4isess\u00e4 kerroksessa. Tervetuloa herkuttelemaan ja tervehtim\u00e4\u00e4n samalla pihapiiriss\u00e4 talvisin olevia poroja! Tervetuloa Caf\u00e9 k\u00e4tk\u00e4\u00e4n! Caf\u00e9 K\u00e4tk\u00e4ss\u00e4 on tarjolla suussa sulavia itseleivottuja suolaisia ja makeita herkkuja, sek\u00e4 kuumia ja kylmi\u00e4 juomia. Tervehdi samalla poroja Hotel K5 Levin edustalla on aitaus, jossa p\u00e4\u00e4set tervehtim\u00e4\u00e4n poroja. Hotellin vastaanotossa on myynniss\u00e4 [&hellip;]<\/p>\n","protected":false},"author":8,"featured_media":0,"parent":0,"menu_order":0,"comment_status":"closed","ping_status":"closed","template":"","meta":{"_acf_changed":false,"footnotes":""},"class_list":["post-2830","page","type-page","status-publish","hentry"],"acf":[],"yoast_head":"<!-- This site is optimized with the Yoast SEO Premium plugin v27.2 (Yoast SEO v27.2) - https:\/\/yoast.com\/product\/yoast-seo-premium-wordpress\/ -->\n<title>Caf\u00e9 K\u00e4tk\u00e4 - Hotel K5 Levi<\/title>\n<meta name=\"description\" content=\"Caf\u00e9 K\u00e4tk\u00e4 sijaitsee Hotel K5 Levin ensimm\u00e4isess\u00e4 kerroksessa. Tervetuloa herkuttelemaan ja tervehtim\u00e4\u00e4n samalla pihapiiriss\u00e4 talvisin olevia poroja!\" \/>\n<meta name=\"robots\" content=\"index, follow, max-snippet:-1, max-image-preview:large, max-video-preview:-1\" \/>\n<link rel=\"canonical\" href=\"https:\/\/www.kassiopeia.fi\/hotel-k5-levi\/cafe-katka\/\" \/>\n<meta property=\"og:locale\" content=\"en_US\" \/>\n<meta property=\"og:type\" content=\"article\" \/>\n<meta property=\"og:title\" content=\"Caf\u00e9 K\u00e4tk\u00e4\" \/>\n<meta property=\"og:description\" content=\"Caf\u00e9 K\u00e4tk\u00e4 sijaitsee Hotel K5 Levin ensimm\u00e4isess\u00e4 kerroksessa. Tervetuloa herkuttelemaan ja tervehtim\u00e4\u00e4n samalla pihapiiriss\u00e4 talvisin olevia poroja!\" \/>\n<meta property=\"og:url\" content=\"https:\/\/www.kassiopeia.fi\/hotel-k5-levi\/cafe-katka\/\" \/>\n<meta property=\"og:site_name\" content=\"Hotel K5 Levi\" \/>\n<meta property=\"article:modified_time\" content=\"2025-10-30T09:25:41+00:00\" \/>\n<meta property=\"og:image\" content=\"https:\/\/www.kassiopeia.fi\/hotel-k5-levi\/wp-content\/uploads\/sites\/4\/2024\/10\/aamiainen-levi-croissant.jpg\" \/>\n\t<meta property=\"og:image:width\" content=\"1920\" \/>\n\t<meta property=\"og:image:height\" content=\"1280\" \/>\n\t<meta property=\"og:image:type\" content=\"image\/jpeg\" \/>\n<meta name=\"twitter:card\" content=\"summary_large_image\" \/>\n<meta name=\"twitter:label1\" content=\"Est. reading time\" \/>\n\t<meta name=\"twitter:data1\" content=\"2 minutes\" \/>\n<script type=\"application\/ld+json\" class=\"yoast-schema-graph\">{\"@context\":\"https:\/\/schema.org\",\"@graph\":[{\"@type\":\"WebPage\",\"@id\":\"https:\/\/www.kassiopeia.fi\/hotel-k5-levi\/cafe-katka\/\",\"url\":\"https:\/\/www.kassiopeia.fi\/hotel-k5-levi\/cafe-katka\/\",\"name\":\"Caf\u00e9 K\u00e4tk\u00e4 - Hotel K5 Levi\",\"isPartOf\":{\"@id\":\"https:\/\/www.kassiopeia.fi\/hotel-k5-levi\/#website\"},\"primaryImageOfPage\":{\"@id\":\"https:\/\/www.kassiopeia.fi\/hotel-k5-levi\/cafe-katka\/#primaryimage\"},\"image\":{\"@id\":\"https:\/\/www.kassiopeia.fi\/hotel-k5-levi\/cafe-katka\/#primaryimage\"},\"thumbnailUrl\":\"https:\/\/www.kassiopeia.fi\/hotel-k5-levi\/wp-content\/uploads\/sites\/4\/2024\/10\/aamiainen-levi-croissant.jpg\",\"datePublished\":\"2025-10-22T06:08:45+00:00\",\"dateModified\":\"2025-10-30T09:25:41+00:00\",\"description\":\"Caf\u00e9 K\u00e4tk\u00e4 sijaitsee Hotel K5 Levin ensimm\u00e4isess\u00e4 kerroksessa. Tervetuloa herkuttelemaan ja tervehtim\u00e4\u00e4n samalla pihapiiriss\u00e4 talvisin olevia poroja!\",\"breadcrumb\":{\"@id\":\"https:\/\/www.kassiopeia.fi\/hotel-k5-levi\/cafe-katka\/#breadcrumb\"},\"inLanguage\":\"en-US\",\"potentialAction\":[{\"@type\":\"ReadAction\",\"target\":[\"https:\/\/www.kassiopeia.fi\/hotel-k5-levi\/cafe-katka\/\"]}]},{\"@type\":\"ImageObject\",\"inLanguage\":\"en-US\",\"@id\":\"https:\/\/www.kassiopeia.fi\/hotel-k5-levi\/cafe-katka\/#primaryimage\",\"url\":\"https:\/\/www.kassiopeia.fi\/hotel-k5-levi\/wp-content\/uploads\/sites\/4\/2024\/10\/aamiainen-levi-croissant.jpg\",\"contentUrl\":\"https:\/\/www.kassiopeia.fi\/hotel-k5-levi\/wp-content\/uploads\/sites\/4\/2024\/10\/aamiainen-levi-croissant.jpg\",\"width\":1920,\"height\":1280},{\"@type\":\"BreadcrumbList\",\"@id\":\"https:\/\/www.kassiopeia.fi\/hotel-k5-levi\/cafe-katka\/#breadcrumb\",\"itemListElement\":[{\"@type\":\"ListItem\",\"position\":1,\"name\":\"Home\",\"item\":\"https:\/\/www.kassiopeia.fi\/hotel-k5-levi\/\"},{\"@type\":\"ListItem\",\"position\":2,\"name\":\"Caf\u00e9 K\u00e4tk\u00e4\"}]},{\"@type\":\"WebSite\",\"@id\":\"https:\/\/www.kassiopeia.fi\/hotel-k5-levi\/#website\",\"url\":\"https:\/\/www.kassiopeia.fi\/hotel-k5-levi\/\",\"name\":\"Hotel K5 Levi\",\"description\":\"\",\"potentialAction\":[{\"@type\":\"SearchAction\",\"target\":{\"@type\":\"EntryPoint\",\"urlTemplate\":\"https:\/\/www.kassiopeia.fi\/hotel-k5-levi\/?s={search_term_string}\"},\"query-input\":{\"@type\":\"PropertyValueSpecification\",\"valueRequired\":true,\"valueName\":\"search_term_string\"}}],\"inLanguage\":\"en-US\"}]}<\/script>\n<!-- \/ Yoast SEO Premium plugin. -->","yoast_head_json":{"title":"Caf\u00e9 K\u00e4tk\u00e4 - Hotel K5 Levi","description":"Caf\u00e9 K\u00e4tk\u00e4 sijaitsee Hotel K5 Levin ensimm\u00e4isess\u00e4 kerroksessa. Tervetuloa herkuttelemaan ja tervehtim\u00e4\u00e4n samalla pihapiiriss\u00e4 talvisin olevia poroja!","robots":{"index":"index","follow":"follow","max-snippet":"max-snippet:-1","max-image-preview":"max-image-preview:large","max-video-preview":"max-video-preview:-1"},"canonical":"https:\/\/www.kassiopeia.fi\/hotel-k5-levi\/cafe-katka\/","og_locale":"en_US","og_type":"article","og_title":"Caf\u00e9 K\u00e4tk\u00e4","og_description":"Caf\u00e9 K\u00e4tk\u00e4 sijaitsee Hotel K5 Levin ensimm\u00e4isess\u00e4 kerroksessa. Tervetuloa herkuttelemaan ja tervehtim\u00e4\u00e4n samalla pihapiiriss\u00e4 talvisin olevia poroja!","og_url":"https:\/\/www.kassiopeia.fi\/hotel-k5-levi\/cafe-katka\/","og_site_name":"Hotel K5 Levi","article_modified_time":"2025-10-30T09:25:41+00:00","og_image":[{"width":1920,"height":1280,"url":"https:\/\/www.kassiopeia.fi\/hotel-k5-levi\/wp-content\/uploads\/sites\/4\/2024\/10\/aamiainen-levi-croissant.jpg","type":"image\/jpeg"}],"twitter_card":"summary_large_image","twitter_misc":{"Est. reading time":"2 minutes"},"schema":{"@context":"https:\/\/schema.org","@graph":[{"@type":"WebPage","@id":"https:\/\/www.kassiopeia.fi\/hotel-k5-levi\/cafe-katka\/","url":"https:\/\/www.kassiopeia.fi\/hotel-k5-levi\/cafe-katka\/","name":"Caf\u00e9 K\u00e4tk\u00e4 - Hotel K5 Levi","isPartOf":{"@id":"https:\/\/www.kassiopeia.fi\/hotel-k5-levi\/#website"},"primaryImageOfPage":{"@id":"https:\/\/www.kassiopeia.fi\/hotel-k5-levi\/cafe-katka\/#primaryimage"},"image":{"@id":"https:\/\/www.kassiopeia.fi\/hotel-k5-levi\/cafe-katka\/#primaryimage"},"thumbnailUrl":"https:\/\/www.kassiopeia.fi\/hotel-k5-levi\/wp-content\/uploads\/sites\/4\/2024\/10\/aamiainen-levi-croissant.jpg","datePublished":"2025-10-22T06:08:45+00:00","dateModified":"2025-10-30T09:25:41+00:00","description":"Caf\u00e9 K\u00e4tk\u00e4 sijaitsee Hotel K5 Levin ensimm\u00e4isess\u00e4 kerroksessa. Tervetuloa herkuttelemaan ja tervehtim\u00e4\u00e4n samalla pihapiiriss\u00e4 talvisin olevia poroja!","breadcrumb":{"@id":"https:\/\/www.kassiopeia.fi\/hotel-k5-levi\/cafe-katka\/#breadcrumb"},"inLanguage":"en-US","potentialAction":[{"@type":"ReadAction","target":["https:\/\/www.kassiopeia.fi\/hotel-k5-levi\/cafe-katka\/"]}]},{"@type":"ImageObject","inLanguage":"en-US","@id":"https:\/\/www.kassiopeia.fi\/hotel-k5-levi\/cafe-katka\/#primaryimage","url":"https:\/\/www.kassiopeia.fi\/hotel-k5-levi\/wp-content\/uploads\/sites\/4\/2024\/10\/aamiainen-levi-croissant.jpg","contentUrl":"https:\/\/www.kassiopeia.fi\/hotel-k5-levi\/wp-content\/uploads\/sites\/4\/2024\/10\/aamiainen-levi-croissant.jpg","width":1920,"height":1280},{"@type":"BreadcrumbList","@id":"https:\/\/www.kassiopeia.fi\/hotel-k5-levi\/cafe-katka\/#breadcrumb","itemListElement":[{"@type":"ListItem","position":1,"name":"Home","item":"https:\/\/www.kassiopeia.fi\/hotel-k5-levi\/"},{"@type":"ListItem","position":2,"name":"Caf\u00e9 K\u00e4tk\u00e4"}]},{"@type":"WebSite","@id":"https:\/\/www.kassiopeia.fi\/hotel-k5-levi\/#website","url":"https:\/\/www.kassiopeia.fi\/hotel-k5-levi\/","name":"Hotel K5 Levi","description":"","potentialAction":[{"@type":"SearchAction","target":{"@type":"EntryPoint","urlTemplate":"https:\/\/www.kassiopeia.fi\/hotel-k5-levi\/?s={search_term_string}"},"query-input":{"@type":"PropertyValueSpecification","valueRequired":true,"valueName":"search_term_string"}}],"inLanguage":"en-US"}]}},"lang":"fi","translations":{"fi":2830,"en":2835},"pll_sync_post":[],"_links":{"self":[{"href":"https:\/\/www.kassiopeia.fi\/hotel-k5-levi\/wp-json\/wp\/v2\/pages\/2830","targetHints":{"allow":["GET"]}}],"collection":[{"href":"https:\/\/www.kassiopeia.fi\/hotel-k5-levi\/wp-json\/wp\/v2\/pages"}],"about":[{"href":"https:\/\/www.kassiopeia.fi\/hotel-k5-levi\/wp-json\/wp\/v2\/types\/page"}],"author":[{"embeddable":true,"href":"https:\/\/www.kassiopeia.fi\/hotel-k5-levi\/wp-json\/wp\/v2\/users\/8"}],"replies":[{"embeddable":true,"href":"https:\/\/www.kassiopeia.fi\/hotel-k5-levi\/wp-json\/wp\/v2\/comments?post=2830"}],"version-history":[{"count":4,"href":"https:\/\/www.kassiopeia.fi\/hotel-k5-levi\/wp-json\/wp\/v2\/pages\/2830\/revisions"}],"predecessor-version":[{"id":2903,"href":"https:\/\/www.kassiopeia.fi\/hotel-k5-levi\/wp-json\/wp\/v2\/pages\/2830\/revisions\/2903"}],"wp:attachment":[{"href":"https:\/\/www.kassiopeia.fi\/hotel-k5-levi\/wp-json\/wp\/v2\/media?parent=2830"}],"curies":[{"name":"wp","href":"https:\/\/api.w.org\/{rel}","templated":true}]}}