{"id":2518,"date":"2025-06-10T08:23:48","date_gmt":"2025-06-10T08:23:48","guid":{"rendered":"https:\/\/www.kassiopeia.fi\/hotel-k5-levi\/?page_id=2518"},"modified":"2025-11-17T09:58:28","modified_gmt":"2025-11-17T09:58:28","slug":"edut","status":"publish","type":"page","link":"https:\/\/www.kassiopeia.fi\/hotel-k5-levi\/edut\/","title":{"rendered":"Etuja hotellimme asiakkaille"},"content":{"rendered":"\n<div class=\"wp-block-cover alignfull is-light cover-hero wp-duotone-unset-1\" style=\"margin-top:0px;margin-bottom:0px;padding-top:0px;padding-right:0px;padding-bottom:0px;padding-left:0px;min-height:30vw;aspect-ratio:unset;\"><img loading=\"lazy\" decoding=\"async\" width=\"1024\" height=\"576\" class=\"wp-block-cover__image-background wp-image-844 size-large\" alt=\"Laskettelija Levin rinteess\u00e4 ja tekee syd\u00e4men k\u00e4sill\u00e4.\" src=\"https:\/\/www.kassiopeia.fi\/hotel-k5-levi\/wp-content\/uploads\/sites\/4\/2024\/11\/laskija-rinteessa-sydan-1024x576.jpg\" data-object-fit=\"cover\" srcset=\"https:\/\/www.kassiopeia.fi\/hotel-k5-levi\/wp-content\/uploads\/sites\/4\/2024\/11\/laskija-rinteessa-sydan-1024x576.jpg 1024w, https:\/\/www.kassiopeia.fi\/hotel-k5-levi\/wp-content\/uploads\/sites\/4\/2024\/11\/laskija-rinteessa-sydan-300x169.jpg 300w, https:\/\/www.kassiopeia.fi\/hotel-k5-levi\/wp-content\/uploads\/sites\/4\/2024\/11\/laskija-rinteessa-sydan-768x432.jpg 768w, https:\/\/www.kassiopeia.fi\/hotel-k5-levi\/wp-content\/uploads\/sites\/4\/2024\/11\/laskija-rinteessa-sydan-1536x864.jpg 1536w, https:\/\/www.kassiopeia.fi\/hotel-k5-levi\/wp-content\/uploads\/sites\/4\/2024\/11\/laskija-rinteessa-sydan.jpg 2000w\" sizes=\"auto, (max-width: 1024px) 100vw, 1024px\" \/><span aria-hidden=\"true\" class=\"wp-block-cover__background has-black-background-color has-background-dim-0 has-background-dim\"><\/span><div class=\"wp-block-cover__inner-container is-layout-flow wp-container-core-cover-is-layout-6e17fc20 wp-block-cover-is-layout-flow\">\n<h1 class=\"wp-block-heading has-text-align-center\" id=\"h-\" style=\"font-size:70px\"><\/h1>\n\n\n\n<p><\/p>\n<\/div><\/div>\n\n\n\n<div class=\"breadcrumb-container\"><ul id=\"breadcrumbs\" class=\"breadcrumbs\"><li class=\"item-home\"><a class=\"bread-link bread-home\" href=\"https:\/\/www.kassiopeia.fi\/hotel-k5-levi\" title=\"Hotel K5 Levi\">Hotel K5 Levi<\/a><\/li><li class=\"separator separator-home\"> \/ <\/li><\/ul><\/div>\n<style>\n    \n<\/style>\n\n\n<div class=\"wp-block-group alignfull is-layout-constrained wp-container-core-group-is-layout-226df1c0 wp-block-group-is-layout-constrained\" style=\"padding-top:var(--wp--preset--spacing--50);padding-right:var(--wp--preset--spacing--40);padding-bottom:var(--wp--preset--spacing--40);padding-left:var(--wp--preset--spacing--40)\">\n<div class=\"wp-block-group alignwide is-layout-constrained wp-container-core-group-is-layout-9517baca wp-block-group-is-layout-constrained\">\n<h1 class=\"wp-block-heading has-text-align-center\" id=\"h-etuja-hotellimme-asiakkaille\" style=\"margin-bottom:var(--wp--preset--spacing--60)\">Etuja hotellimme asiakkaille<\/h1>\n\n\n\n<p class=\"has-text-align-center has-large-font-size\">Hotellihuoneissa ja villaksissa majoittuvat asiakkaamme saavat useita rahanarvoisia etuja!<\/p>\n\n\n\n<div class=\"wp-block-group alignfull is-layout-constrained wp-container-core-group-is-layout-0c9c989a wp-block-group-is-layout-constrained\" style=\"margin-top:0;margin-bottom:0;padding-top:var(--wp--preset--spacing--70);padding-right:var(--wp--preset--spacing--40);padding-bottom:var(--wp--preset--spacing--70);padding-left:var(--wp--preset--spacing--40)\">\n<div class=\"wp-block-media-text alignwide has-media-on-the-right is-stacked-on-mobile is-vertically-aligned-center is-image-fill-element\" style=\"margin-top:var(--wp--preset--spacing--60);margin-bottom:var(--wp--preset--spacing--60)\"><div class=\"wp-block-media-text__content\">\n<h3 class=\"wp-block-heading\" id=\"h-elan-ski-shop-amp-rental\">Elan Ski Shop &amp; Rental<\/h3>\n\n\n\n<p><a href=\"https:\/\/www.elanskishoplevi.fi\/\" target=\"_blank\" rel=\"noreferrer noopener\">Elan Ski Shop &amp; Rentalista&nbsp;<\/a>saat laadukkaat v\u00e4lineet niin rinteeseen, ladulle, kuin vapaa-aikaankin. Vastaanotostamme on saatavissa asiakkaillemme&nbsp;<strong>-15 % alennuskuponkeja<\/strong>&nbsp;v\u00e4linevuokrista.<\/p>\n\n\n\n<p>Alennus ei koske vaatteita eik\u00e4 s\u00e4hk\u00f6py\u00f6ri\u00e4.<\/p>\n\n\n\n<div style=\"height:40px\" aria-hidden=\"true\" class=\"wp-block-spacer\"><\/div>\n<\/div><figure class=\"wp-block-media-text__media\"><img loading=\"lazy\" decoding=\"async\" width=\"1024\" height=\"1024\" src=\"https:\/\/www.kassiopeia.fi\/hotel-k5-levi\/wp-content\/uploads\/sites\/4\/2024\/11\/sukset-seinalla-1024x1024.jpg\" alt=\"Sukset sein\u00e4ll\u00e4.\" class=\"wp-image-987 size-full\" style=\"object-position:50% 50%\" srcset=\"https:\/\/www.kassiopeia.fi\/hotel-k5-levi\/wp-content\/uploads\/sites\/4\/2024\/11\/sukset-seinalla-1024x1024.jpg 1024w, https:\/\/www.kassiopeia.fi\/hotel-k5-levi\/wp-content\/uploads\/sites\/4\/2024\/11\/sukset-seinalla-300x300.jpg 300w, https:\/\/www.kassiopeia.fi\/hotel-k5-levi\/wp-content\/uploads\/sites\/4\/2024\/11\/sukset-seinalla-150x150.jpg 150w, https:\/\/www.kassiopeia.fi\/hotel-k5-levi\/wp-content\/uploads\/sites\/4\/2024\/11\/sukset-seinalla-768x768.jpg 768w, https:\/\/www.kassiopeia.fi\/hotel-k5-levi\/wp-content\/uploads\/sites\/4\/2024\/11\/sukset-seinalla.jpg 1200w\" sizes=\"auto, (max-width: 1024px) 100vw, 1024px\" \/><\/figure><\/div>\n\n\n\n<div class=\"wp-block-media-text alignwide has-media-on-the-right is-stacked-on-mobile is-vertically-aligned-center is-image-fill-element hidden\" style=\"margin-top:var(--wp--preset--spacing--60);margin-bottom:var(--wp--preset--spacing--60)\"><div class=\"wp-block-media-text__content\">\n<h3 class=\"wp-block-heading\" id=\"h-levi-ski-resortin-verkkokauppa-0\">Levi Ski Resortin verkkokauppa<\/h3>\n\n\n\n<p>Majoittuvat asiakkaat voivat ostaa aktiviteetteja <strong>-10 % alennuksella<\/strong> <a href=\"https:\/\/levi.skiperformance.com\/fi\/Kes%C3%A4\/store#\/fi\/Kes%C3%A4\/buy?is_promo=1&amp;is_promo_offer=0&amp;promo_connector_id=66\" target=\"_blank\" rel=\"noreferrer noopener\">Ski Resortin verkkokaupasta<\/a> kes\u00e4kaudella (edut ovat voimassa 21.9. saakka). Alennus on seuraaviin aktiviteetteihin:&nbsp;<\/p>\n\n\n\n<ul class=\"wp-block-list styled\">\n<li>N\u00e4k\u00f6alahissit &nbsp;<\/li>\n\n\n\n<li>1\u20135 p\u00e4iv\u00e4n py\u00f6r\u00e4vuokraus<\/li>\n\n\n\n<li>Seikkailuradat<\/li>\n\n\n\n<li>Kes\u00e4kelkkarata<\/li>\n<\/ul>\n\n\n\n<p>L\u00f6yd\u00e4t alennuskoodin hotellin infosivulta, jonne p\u00e4\u00e4set skannaamalla avainkorttikotelon QR-koodin.<\/p>\n\n\n\n<div style=\"height:40px\" aria-hidden=\"true\" class=\"wp-block-spacer\"><\/div>\n<\/div><figure class=\"wp-block-media-text__media\"><img decoding=\"async\" src=\"https:\/\/www.kassiopeia.fi\/hotel-levi-panorama\/wp-content\/uploads\/sites\/3\/2025\/02\/Kesakelkka-levi.jpg\" alt=\"Lapset laskevat Levin kes\u00e4kelkkaradalla.\" class=\"wp-image-4662 size-full\" style=\"object-position:50% 50%\"\/><\/figure><\/div>\n<\/div>\n<\/div>\n<\/div>\n","protected":false},"excerpt":{"rendered":"<p>Etuja hotellimme asiakkaille Hotellihuoneissa ja villaksissa majoittuvat asiakkaamme saavat useita rahanarvoisia etuja! Elan Ski Shop &amp; Rental Elan Ski Shop &amp; Rentalista&nbsp;saat laadukkaat v\u00e4lineet niin rinteeseen, ladulle, kuin vapaa-aikaankin. Vastaanotostamme on saatavissa asiakkaillemme&nbsp;-15 % alennuskuponkeja&nbsp;v\u00e4linevuokrista. Alennus ei koske vaatteita eik\u00e4 s\u00e4hk\u00f6py\u00f6ri\u00e4. Levi Ski Resortin verkkokauppa Majoittuvat asiakkaat voivat ostaa aktiviteetteja -10 % alennuksella Ski Resortin [&hellip;]<\/p>\n","protected":false},"author":8,"featured_media":0,"parent":0,"menu_order":0,"comment_status":"closed","ping_status":"closed","template":"","meta":{"_acf_changed":false,"footnotes":""},"class_list":["post-2518","page","type-page","status-publish","hentry"],"acf":[],"yoast_head":"<!-- This site is optimized with the Yoast SEO Premium plugin v27.2 (Yoast SEO v27.2) - https:\/\/yoast.com\/product\/yoast-seo-premium-wordpress\/ -->\n<title>Etuja hotellimme asiakkaille - Hotel K5 Levi<\/title>\n<meta name=\"description\" content=\"Varatessasi hotellihuoneen suoraan Hotel K5 Levist\u00e4 saat k\u00e4ytt\u00f6\u00f6si loistavia etuja! Lue lis\u00e4\u00e4 sivuiltamme.\" \/>\n<meta name=\"robots\" content=\"index, follow, max-snippet:-1, max-image-preview:large, max-video-preview:-1\" \/>\n<link rel=\"canonical\" href=\"https:\/\/www.kassiopeia.fi\/hotel-k5-levi\/edut\/\" \/>\n<meta property=\"og:locale\" content=\"en_US\" \/>\n<meta property=\"og:type\" content=\"article\" \/>\n<meta property=\"og:title\" content=\"Etuja hotellimme asiakkaille\" \/>\n<meta property=\"og:description\" content=\"Varatessasi hotellihuoneen suoraan Hotel K5 Levist\u00e4 saat k\u00e4ytt\u00f6\u00f6si loistavia etuja! Lue lis\u00e4\u00e4 sivuiltamme.\" \/>\n<meta property=\"og:url\" content=\"https:\/\/www.kassiopeia.fi\/hotel-k5-levi\/edut\/\" \/>\n<meta property=\"og:site_name\" content=\"Hotel K5 Levi\" \/>\n<meta property=\"article:modified_time\" content=\"2025-11-17T09:58:28+00:00\" \/>\n<meta property=\"og:image\" content=\"https:\/\/www.kassiopeia.fi\/hotel-k5-levi\/wp-content\/uploads\/sites\/4\/2024\/11\/laskija-rinteessa-sydan.jpg\" \/>\n\t<meta property=\"og:image:width\" content=\"2000\" \/>\n\t<meta property=\"og:image:height\" content=\"1125\" \/>\n\t<meta property=\"og:image:type\" content=\"image\/jpeg\" \/>\n<meta name=\"twitter:card\" content=\"summary_large_image\" \/>\n<meta name=\"twitter:label1\" content=\"Est. reading time\" \/>\n\t<meta name=\"twitter:data1\" content=\"1 minute\" \/>\n<script type=\"application\/ld+json\" class=\"yoast-schema-graph\">{\"@context\":\"https:\/\/schema.org\",\"@graph\":[{\"@type\":\"WebPage\",\"@id\":\"https:\/\/www.kassiopeia.fi\/hotel-k5-levi\/edut\/\",\"url\":\"https:\/\/www.kassiopeia.fi\/hotel-k5-levi\/edut\/\",\"name\":\"Etuja hotellimme asiakkaille - Hotel K5 Levi\",\"isPartOf\":{\"@id\":\"https:\/\/www.kassiopeia.fi\/hotel-k5-levi\/#website\"},\"primaryImageOfPage\":{\"@id\":\"https:\/\/www.kassiopeia.fi\/hotel-k5-levi\/edut\/#primaryimage\"},\"image\":{\"@id\":\"https:\/\/www.kassiopeia.fi\/hotel-k5-levi\/edut\/#primaryimage\"},\"thumbnailUrl\":\"https:\/\/www.kassiopeia.fi\/hotel-k5-levi\/wp-content\/uploads\/sites\/4\/2024\/11\/laskija-rinteessa-sydan-1024x576.jpg\",\"datePublished\":\"2025-06-10T08:23:48+00:00\",\"dateModified\":\"2025-11-17T09:58:28+00:00\",\"description\":\"Varatessasi hotellihuoneen suoraan Hotel K5 Levist\u00e4 saat k\u00e4ytt\u00f6\u00f6si loistavia etuja! Lue lis\u00e4\u00e4 sivuiltamme.\",\"breadcrumb\":{\"@id\":\"https:\/\/www.kassiopeia.fi\/hotel-k5-levi\/edut\/#breadcrumb\"},\"inLanguage\":\"en-US\",\"potentialAction\":[{\"@type\":\"ReadAction\",\"target\":[\"https:\/\/www.kassiopeia.fi\/hotel-k5-levi\/edut\/\"]}]},{\"@type\":\"ImageObject\",\"inLanguage\":\"en-US\",\"@id\":\"https:\/\/www.kassiopeia.fi\/hotel-k5-levi\/edut\/#primaryimage\",\"url\":\"https:\/\/www.kassiopeia.fi\/hotel-k5-levi\/wp-content\/uploads\/sites\/4\/2024\/11\/laskija-rinteessa-sydan.jpg\",\"contentUrl\":\"https:\/\/www.kassiopeia.fi\/hotel-k5-levi\/wp-content\/uploads\/sites\/4\/2024\/11\/laskija-rinteessa-sydan.jpg\",\"width\":2000,\"height\":1125,\"caption\":\"Laskettelija Levin rinteess\u00e4 ja tekee syd\u00e4men k\u00e4sill\u00e4.\"},{\"@type\":\"BreadcrumbList\",\"@id\":\"https:\/\/www.kassiopeia.fi\/hotel-k5-levi\/edut\/#breadcrumb\",\"itemListElement\":[{\"@type\":\"ListItem\",\"position\":1,\"name\":\"Home\",\"item\":\"https:\/\/www.kassiopeia.fi\/hotel-k5-levi\/\"},{\"@type\":\"ListItem\",\"position\":2,\"name\":\"Etuja hotellimme asiakkaille\"}]},{\"@type\":\"WebSite\",\"@id\":\"https:\/\/www.kassiopeia.fi\/hotel-k5-levi\/#website\",\"url\":\"https:\/\/www.kassiopeia.fi\/hotel-k5-levi\/\",\"name\":\"Hotel K5 Levi\",\"description\":\"\",\"potentialAction\":[{\"@type\":\"SearchAction\",\"target\":{\"@type\":\"EntryPoint\",\"urlTemplate\":\"https:\/\/www.kassiopeia.fi\/hotel-k5-levi\/?s={search_term_string}\"},\"query-input\":{\"@type\":\"PropertyValueSpecification\",\"valueRequired\":true,\"valueName\":\"search_term_string\"}}],\"inLanguage\":\"en-US\"}]}<\/script>\n<!-- \/ Yoast SEO Premium plugin. -->","yoast_head_json":{"title":"Etuja hotellimme asiakkaille - Hotel K5 Levi","description":"Varatessasi hotellihuoneen suoraan Hotel K5 Levist\u00e4 saat k\u00e4ytt\u00f6\u00f6si loistavia etuja! Lue lis\u00e4\u00e4 sivuiltamme.","robots":{"index":"index","follow":"follow","max-snippet":"max-snippet:-1","max-image-preview":"max-image-preview:large","max-video-preview":"max-video-preview:-1"},"canonical":"https:\/\/www.kassiopeia.fi\/hotel-k5-levi\/edut\/","og_locale":"en_US","og_type":"article","og_title":"Etuja hotellimme asiakkaille","og_description":"Varatessasi hotellihuoneen suoraan Hotel K5 Levist\u00e4 saat k\u00e4ytt\u00f6\u00f6si loistavia etuja! Lue lis\u00e4\u00e4 sivuiltamme.","og_url":"https:\/\/www.kassiopeia.fi\/hotel-k5-levi\/edut\/","og_site_name":"Hotel K5 Levi","article_modified_time":"2025-11-17T09:58:28+00:00","og_image":[{"width":2000,"height":1125,"url":"https:\/\/www.kassiopeia.fi\/hotel-k5-levi\/wp-content\/uploads\/sites\/4\/2024\/11\/laskija-rinteessa-sydan.jpg","type":"image\/jpeg"}],"twitter_card":"summary_large_image","twitter_misc":{"Est. reading time":"1 minute"},"schema":{"@context":"https:\/\/schema.org","@graph":[{"@type":"WebPage","@id":"https:\/\/www.kassiopeia.fi\/hotel-k5-levi\/edut\/","url":"https:\/\/www.kassiopeia.fi\/hotel-k5-levi\/edut\/","name":"Etuja hotellimme asiakkaille - Hotel K5 Levi","isPartOf":{"@id":"https:\/\/www.kassiopeia.fi\/hotel-k5-levi\/#website"},"primaryImageOfPage":{"@id":"https:\/\/www.kassiopeia.fi\/hotel-k5-levi\/edut\/#primaryimage"},"image":{"@id":"https:\/\/www.kassiopeia.fi\/hotel-k5-levi\/edut\/#primaryimage"},"thumbnailUrl":"https:\/\/www.kassiopeia.fi\/hotel-k5-levi\/wp-content\/uploads\/sites\/4\/2024\/11\/laskija-rinteessa-sydan-1024x576.jpg","datePublished":"2025-06-10T08:23:48+00:00","dateModified":"2025-11-17T09:58:28+00:00","description":"Varatessasi hotellihuoneen suoraan Hotel K5 Levist\u00e4 saat k\u00e4ytt\u00f6\u00f6si loistavia etuja! Lue lis\u00e4\u00e4 sivuiltamme.","breadcrumb":{"@id":"https:\/\/www.kassiopeia.fi\/hotel-k5-levi\/edut\/#breadcrumb"},"inLanguage":"en-US","potentialAction":[{"@type":"ReadAction","target":["https:\/\/www.kassiopeia.fi\/hotel-k5-levi\/edut\/"]}]},{"@type":"ImageObject","inLanguage":"en-US","@id":"https:\/\/www.kassiopeia.fi\/hotel-k5-levi\/edut\/#primaryimage","url":"https:\/\/www.kassiopeia.fi\/hotel-k5-levi\/wp-content\/uploads\/sites\/4\/2024\/11\/laskija-rinteessa-sydan.jpg","contentUrl":"https:\/\/www.kassiopeia.fi\/hotel-k5-levi\/wp-content\/uploads\/sites\/4\/2024\/11\/laskija-rinteessa-sydan.jpg","width":2000,"height":1125,"caption":"Laskettelija Levin rinteess\u00e4 ja tekee syd\u00e4men k\u00e4sill\u00e4."},{"@type":"BreadcrumbList","@id":"https:\/\/www.kassiopeia.fi\/hotel-k5-levi\/edut\/#breadcrumb","itemListElement":[{"@type":"ListItem","position":1,"name":"Home","item":"https:\/\/www.kassiopeia.fi\/hotel-k5-levi\/"},{"@type":"ListItem","position":2,"name":"Etuja hotellimme asiakkaille"}]},{"@type":"WebSite","@id":"https:\/\/www.kassiopeia.fi\/hotel-k5-levi\/#website","url":"https:\/\/www.kassiopeia.fi\/hotel-k5-levi\/","name":"Hotel K5 Levi","description":"","potentialAction":[{"@type":"SearchAction","target":{"@type":"EntryPoint","urlTemplate":"https:\/\/www.kassiopeia.fi\/hotel-k5-levi\/?s={search_term_string}"},"query-input":{"@type":"PropertyValueSpecification","valueRequired":true,"valueName":"search_term_string"}}],"inLanguage":"en-US"}]}},"lang":"fi","translations":{"fi":2518,"en":2523},"pll_sync_post":[],"_links":{"self":[{"href":"https:\/\/www.kassiopeia.fi\/hotel-k5-levi\/wp-json\/wp\/v2\/pages\/2518","targetHints":{"allow":["GET"]}}],"collection":[{"href":"https:\/\/www.kassiopeia.fi\/hotel-k5-levi\/wp-json\/wp\/v2\/pages"}],"about":[{"href":"https:\/\/www.kassiopeia.fi\/hotel-k5-levi\/wp-json\/wp\/v2\/types\/page"}],"author":[{"embeddable":true,"href":"https:\/\/www.kassiopeia.fi\/hotel-k5-levi\/wp-json\/wp\/v2\/users\/8"}],"replies":[{"embeddable":true,"href":"https:\/\/www.kassiopeia.fi\/hotel-k5-levi\/wp-json\/wp\/v2\/comments?post=2518"}],"version-history":[{"count":5,"href":"https:\/\/www.kassiopeia.fi\/hotel-k5-levi\/wp-json\/wp\/v2\/pages\/2518\/revisions"}],"predecessor-version":[{"id":2971,"href":"https:\/\/www.kassiopeia.fi\/hotel-k5-levi\/wp-json\/wp\/v2\/pages\/2518\/revisions\/2971"}],"wp:attachment":[{"href":"https:\/\/www.kassiopeia.fi\/hotel-k5-levi\/wp-json\/wp\/v2\/media?parent=2518"}],"curies":[{"name":"wp","href":"https:\/\/api.w.org\/{rel}","templated":true}]}}