{"id":1563,"date":"2024-11-19T08:32:02","date_gmt":"2024-11-19T08:32:02","guid":{"rendered":"https:\/\/www.kassiopeia.fi\/hotel-k5-levi\/?page_id=1563"},"modified":"2025-10-26T11:11:11","modified_gmt":"2025-10-26T11:11:11","slug":"juomalista","status":"publish","type":"page","link":"https:\/\/www.kassiopeia.fi\/hotel-k5-levi\/ravintola-katka\/juomalista\/","title":{"rendered":"Juomalista"},"content":{"rendered":"\n<div class=\"wp-block-cover alignfull cover-hero wp-duotone-unset-1\" style=\"margin-top:0px;margin-bottom:0px;padding-top:0px;padding-right:0px;padding-bottom:0px;padding-left:0px;min-height:30vw;aspect-ratio:unset;\"><img loading=\"lazy\" decoding=\"async\" width=\"1863\" height=\"1397\" class=\"wp-block-cover__image-background wp-image-626\" alt=\"\" src=\"https:\/\/www.kassiopeia.fi\/hotel-k5-levi\/wp-content\/uploads\/sites\/4\/2024\/10\/P3090604-hotel-k5-levi-ravintola-katka-baari.jpg\" data-object-fit=\"cover\" srcset=\"https:\/\/www.kassiopeia.fi\/hotel-k5-levi\/wp-content\/uploads\/sites\/4\/2024\/10\/P3090604-hotel-k5-levi-ravintola-katka-baari.jpg 1863w, https:\/\/www.kassiopeia.fi\/hotel-k5-levi\/wp-content\/uploads\/sites\/4\/2024\/10\/P3090604-hotel-k5-levi-ravintola-katka-baari-300x225.jpg 300w, https:\/\/www.kassiopeia.fi\/hotel-k5-levi\/wp-content\/uploads\/sites\/4\/2024\/10\/P3090604-hotel-k5-levi-ravintola-katka-baari-1024x768.jpg 1024w, https:\/\/www.kassiopeia.fi\/hotel-k5-levi\/wp-content\/uploads\/sites\/4\/2024\/10\/P3090604-hotel-k5-levi-ravintola-katka-baari-768x576.jpg 768w, https:\/\/www.kassiopeia.fi\/hotel-k5-levi\/wp-content\/uploads\/sites\/4\/2024\/10\/P3090604-hotel-k5-levi-ravintola-katka-baari-1536x1152.jpg 1536w\" sizes=\"auto, (max-width: 1863px) 100vw, 1863px\" \/><span aria-hidden=\"true\" class=\"wp-block-cover__background has-black-background-color has-background-dim-0 has-background-dim\"><\/span><div class=\"wp-block-cover__inner-container is-layout-flow wp-container-core-cover-is-layout-6e17fc20 wp-block-cover-is-layout-flow\">\n<h1 class=\"wp-block-heading has-text-align-center\" id=\"h-\" style=\"font-size:70px\"><\/h1>\n\n\n\n<p><\/p>\n<\/div><\/div>\n\n\n\n<div class=\"breadcrumb-container\"><ul id=\"breadcrumbs\" class=\"breadcrumbs\"><li class=\"item-home\"><a class=\"bread-link bread-home\" href=\"https:\/\/www.kassiopeia.fi\/hotel-k5-levi\" title=\"Hotel K5 Levi\">Hotel K5 Levi<\/a><\/li><li class=\"separator separator-home\"> \/ <\/li><\/ul><\/div>\n<style>\n    \n<\/style>\n\n\n<div class=\"wp-block-group alignfull is-layout-constrained wp-container-core-group-is-layout-294a2ad3 wp-block-group-is-layout-constrained\" style=\"margin-top:0;margin-bottom:0;padding-top:var(--wp--preset--spacing--40);padding-right:var(--wp--preset--spacing--40);padding-bottom:var(--wp--preset--spacing--70);padding-left:var(--wp--preset--spacing--40)\">\n<figure class=\"wp-block-image aligncenter size-medium\"><img loading=\"lazy\" decoding=\"async\" width=\"300\" height=\"108\" src=\"https:\/\/www.kassiopeia.fi\/hotel-k5-levi\/wp-content\/uploads\/sites\/4\/2024\/10\/restaurantkatka_logo_rgb_1000px-300x108.jpg\" alt=\"\" class=\"wp-image-623\" srcset=\"https:\/\/www.kassiopeia.fi\/hotel-k5-levi\/wp-content\/uploads\/sites\/4\/2024\/10\/restaurantkatka_logo_rgb_1000px-300x108.jpg 300w, https:\/\/www.kassiopeia.fi\/hotel-k5-levi\/wp-content\/uploads\/sites\/4\/2024\/10\/restaurantkatka_logo_rgb_1000px-768x277.jpg 768w, https:\/\/www.kassiopeia.fi\/hotel-k5-levi\/wp-content\/uploads\/sites\/4\/2024\/10\/restaurantkatka_logo_rgb_1000px.jpg 1000w\" sizes=\"auto, (max-width: 300px) 100vw, 300px\" \/><\/figure>\n<\/div>\n\n\n\n<div class=\"wp-block-group alignfull is-layout-constrained wp-container-core-group-is-layout-4a31ad5f wp-block-group-is-layout-constrained\" style=\"padding-top:var(--wp--preset--spacing--50);padding-right:var(--wp--preset--spacing--40);padding-bottom:var(--wp--preset--spacing--50);padding-left:var(--wp--preset--spacing--40)\">\n<div class=\"wp-block-group alignwide is-layout-constrained wp-container-core-group-is-layout-9517baca wp-block-group-is-layout-constrained\">\n<h1 class=\"wp-block-heading has-text-align-center\" id=\"h-juomalista\" style=\"margin-bottom:var(--wp--preset--spacing--60)\">juomalista<\/h1>\n\n\n\n<p class=\"has-text-align-center has-large-font-size\">Viihtyis\u00e4ss\u00e4 aulabaarissamme voit nauttia virvokkeita takkatulen \u00e4\u00e4ress\u00e4 istuen!<\/p>\n<\/div>\n\n\n\n<div class=\"wp-block-group alignfull is-layout-constrained wp-container-core-group-is-layout-95a14990 wp-block-group-is-layout-constrained\" style=\"margin-top:0;margin-bottom:0;padding-top:0;padding-right:var(--wp--preset--spacing--40);padding-bottom:var(--wp--preset--spacing--50);padding-left:0\">\n\n<style>\n    #wp-block-acf-tietokentat-436175796 p {\n        margin: 0px;\n        margin-bottom: 9px;\n        <br \/>\n<b>Warning<\/b>:  Undefined variable $textAlign in <b>\/var\/www\/kassiopeia.fi\/git-repo\/kassiopeia\/kassiopeia-custom-blocks\/blocks\/tietokentat\/block.php<\/b> on line <b>74<\/b><br \/>\n    }\n<\/style>\n\n<div class=\"align wp-block-acf-tietokentat has-text-color has-black-color\" id=\"wp-block-acf-tietokentat-436175796\"><p style=\"text-align: center;\"><strong>Opening Hours<\/strong><\/p>\n<p style=\"text-align: center;\"><em>Restaurant services are closed from April 20 to November 8, 2026.<\/em><\/p>\n<\/div>\n<\/div>\n<\/div>\n\n\n\n<div class=\"wp-block-group alignfull has-k-5-levi-12-background-color has-background is-layout-constrained wp-container-core-group-is-layout-bdbbb34e wp-block-group-is-layout-constrained\" style=\"padding-top:var(--wp--preset--spacing--60);padding-right:var(--wp--preset--spacing--40);padding-bottom:var(--wp--preset--spacing--70);padding-left:var(--wp--preset--spacing--40)\">\n<div class=\"wp-block-columns is-layout-flex wp-container-core-columns-is-layout-28f84493 wp-block-columns-is-layout-flex\">\n<div class=\"wp-block-column is-layout-flow wp-block-column-is-layout-flow\">\n<h2 class=\"wp-block-heading has-text-align-center\" id=\"h-drinkit\">drinkit<\/h2>\n\n\n\n<p class=\"has-text-align-center\"><strong>Arctic Blue Gin &amp; Tonic<\/strong> 14,50 \u20ac<br>Arctic Blue Gin, Muteman Premium Tonic<br>Water, Frozen Blueberries<br><strong>K\u00e4tk\u00e4 GT <\/strong>12,50 \u20ac<br>Helsinki Lingonberry Gin, Muteman  Premium <br>Tonic Water, Lime<br><strong>Blackcurrant Dream<\/strong> 9,50 \u20ac<br>Tanqueray Blackcurrant Gin, Blackcurrant Syrup,<br>Lemon Juice, Red Soda, Blackcurrants<br><strong>Limoncello Spritz<\/strong> 14 \u20ac<br>Limone Poli Elisir, Perlage Prosecco, Sparkling Water, Lemon<br><strong>Aperol Spritz<\/strong> 14 \u20ac<br>Aperol, Perlage Prosecco, Sparkling Water, Orange<br><strong>Gluhwein<\/strong> 10 \u20ac\/16cl<br><br><\/p>\n\n\n\n<p class=\"has-text-align-center\"><\/p>\n\n\n\n<p class=\"has-text-align-center\"><br><\/p>\n<\/div>\n\n\n\n<div class=\"wp-block-column is-layout-flow wp-block-column-is-layout-flow\">\n<h2 class=\"wp-block-heading has-text-align-center\" id=\"h-mocktailit\">mocktailit<\/h2>\n\n\n\n<p class=\"has-text-align-center\"><strong>K5 Mocktail<\/strong> 8 \u20ac<br>Seedlip Spice, Muteman Premium Mixer Bitter Grapefruits, Lemon<br><strong>Blueberry Mocktail<\/strong> 8 \u20ac<br>Blueberry Syrup, Lemon Juice, Sparkling Water, Lemon<\/p>\n\n\n\n<p class=\"has-text-align-center\"><\/p>\n<\/div>\n<\/div>\n\n\n\n<div class=\"wp-block-columns is-layout-flex wp-container-core-columns-is-layout-28f84493 wp-block-columns-is-layout-flex\">\n<div class=\"wp-block-column is-layout-flow wp-block-column-is-layout-flow\">\n<h2 class=\"wp-block-heading has-text-align-center\" id=\"h-oluet\">oluet<\/h2>\n\n\n\n<p class=\"has-text-align-center\"><strong>Heineken<\/strong> IV Draft 0,33 7,80 \u20ac \/ 0,5 10,80 \u20ac<br><strong>Lapin Kulta<\/strong> Pure III 0,33 8 \u20ac <em>(gluten free)<\/em><br><strong>Peroni<\/strong> 0,33 8,90 \u20ac  <em>(gluten free)<\/em><br><strong>Weihenstephaner<\/strong> Wheat 0,5 12,60 \u20ac<br><strong>Lapin Panimo<\/strong>: <br><strong>Aihki<\/strong> Dark Lager 0,33 9,80 \u20ac<br><strong>Rohki <\/strong>Premium Light Lager 0,33 9,80 \u20ac<br><strong>H\u00f6lm\u00f6<\/strong> Ipa 0,33 9,80 \u20ac<\/p>\n\n\n\n<p class=\"has-text-align-center\"><\/p>\n<\/div>\n\n\n\n<div class=\"wp-block-column is-layout-flow wp-block-column-is-layout-flow\">\n<h2 class=\"wp-block-heading has-text-align-center\" id=\"h-siiderit\">siiderit<\/h2>\n\n\n\n<p class=\"has-text-align-center\"><strong>Happy Joe<\/strong> Crispy Pear 0,275 8 \u20ac <br><\/p>\n\n\n\n<h2 class=\"wp-block-heading has-text-align-center\" id=\"h-lonkerot\">lonkerot<\/h2>\n\n\n\n<p class=\"has-text-align-center\"><strong>Hartwall Long Drink:<\/strong> <br>Grapefruit 0,33 8,60 \u20ac<br>Lemonade 0,33 8,60 \u20ac<br>Pineapple 0,33 8,60 \u20ac<\/p>\n\n\n\n<p class=\"has-text-align-center\"><\/p>\n<\/div>\n<\/div>\n\n\n\n<div class=\"wp-block-columns is-layout-flex wp-container-core-columns-is-layout-28f84493 wp-block-columns-is-layout-flex\">\n<div class=\"wp-block-column is-layout-flow wp-block-column-is-layout-flow\">\n<h2 class=\"wp-block-heading has-text-align-center\" id=\"h-alkoholittomat\">alkoholittomat<\/h2>\n\n\n\n<p class=\"has-text-align-center\"><strong>Happy Joe 0,0% <\/strong>Red Love Cider 0,275 6 \u20ac<br><strong>Louis Raison 0,5% <\/strong>Original Crisp Apple Cider 0,33 6 \u20ac<br><strong>Peroni 0,0%<\/strong> 0,33 6 \u20ac<br><strong>Bavaria Wit 0,0%<\/strong> 0,33 5 \u20ac<br><strong>Torres Natureo 0,0% <\/strong> 5 \u20ac\/16cl 0,375l 20 \u20ac \/btl plo<br>Garnacha, Syrah \/ Spain<br><strong>Torres Natureo 0,0%<\/strong> 5 \u20ac\/16cl 0,375l 20 \u20ac \/btl plo<br>Muscat \/ Spain<\/p>\n\n\n\n<p class=\"has-text-align-center\"><\/p>\n<\/div>\n\n\n\n<div class=\"wp-block-column is-layout-flow wp-block-column-is-layout-flow\">\n<h2 class=\"wp-block-heading has-text-align-center\" id=\"h-virvokkeet\">virvokkeet<\/h2>\n\n\n\n<p class=\"has-text-align-center\"><strong>Vichy<\/strong> Sparkling Water 0,25 3,60 \u20ac<br><strong>Still Water<\/strong> 0,5 4,50 \u20ac<br><strong>Soft Drinks <\/strong>0,25 3,60 \u20ac<br><strong>Red Bull <\/strong>Energy Drink 0,25 5 \u20ac <br><strong>Crodo Limonata<\/strong> Lime-Mint 0,33 5 \u20ac<\/p>\n\n\n\n<p class=\"has-text-align-center\"><\/p>\n\n\n\n<p class=\"has-text-align-center\"><br><\/p>\n<\/div>\n<\/div>\n\n\n\n<div class=\"wp-block-columns is-layout-flex wp-container-core-columns-is-layout-28f84493 wp-block-columns-is-layout-flex\">\n<div class=\"wp-block-column is-layout-flow wp-block-column-is-layout-flow\">\n<h2 class=\"wp-block-heading has-text-align-center\" id=\"h-kuohuviinit\">kuohuviinit<\/h2>\n\n\n\n<p class=\"has-text-align-center\"><strong>Sgajo Prosecco Bio<\/strong> 9,60 \u20ac\/12cl 46 \u20ac\/btl plo <br>Glera \/ Italy<br><strong>Freixenet Gordon Negro Cava Brut Piccolo<\/strong> 15\u20ac\/20cl<br>Spain<br><strong>Lehtikuohu Piccolo 0,0%<\/strong> 13,50\u20ac\/ 20cl<br>Finland<br><strong>Sauvio Cr\u00e9mant de Loire Ros\u00e9<\/strong> 10 \u20ac\/12cl<br>55 \u20ac\/btl Cabernet Franc \/ France<\/p>\n\n\n\n<p class=\"has-text-align-center\"><\/p>\n\n\n\n<p class=\"has-text-align-center\"><br><\/p>\n<\/div>\n\n\n\n<div class=\"wp-block-column is-layout-flow wp-block-column-is-layout-flow\">\n<h2 class=\"wp-block-heading has-text-align-center\" id=\"h-roseviinit\">roseviinit<\/h2>\n\n\n\n<p class=\"has-text-align-center\"><strong>Marqu\u00e9s De Caceres Excellens Rose<\/strong> 9,00 \u20ac\/16cl 46 \u20ac\/btl plo<br>Garnacha, Tempranillo \/ Spain<\/p>\n\n\n\n<p class=\"has-text-align-center\"><\/p>\n\n\n\n<p class=\"has-text-align-center\"><br><\/p>\n<\/div>\n<\/div>\n\n\n\n<div class=\"wp-block-columns is-layout-flex wp-container-core-columns-is-layout-28f84493 wp-block-columns-is-layout-flex\">\n<div class=\"wp-block-column is-layout-flow wp-block-column-is-layout-flow\">\n<h2 class=\"wp-block-heading has-text-align-center\" id=\"h-valkoviinit\">valkoviinit<\/h2>\n\n\n\n<p class=\"has-text-align-center\"><strong>Santa Helena Varietal Sauvignon Blanc<\/strong> 10,50 \u20ac\/16cl<br>48 \u20ac\/plo\/btl Sauvignon Blanc \/ Chile<br><strong>Weingut Th\u00f6rle Riesling Trocken<\/strong> 11,40 \u20ac\/16cl<br>52 \u20ac\/plo\/btl Riesling \/ Germany<br><strong>Peter Lehman Layers<\/strong> 10,80 \u20ac\/16cl 49 \u20ac plo\/btl<br>Semillon, Muscat, Gew\u00fcrztraminer, Pinot Gris \/ Australia<\/p>\n\n\n\n<p class=\"has-text-align-center\"><\/p>\n\n\n\n<p class=\"has-text-align-center\"><\/p>\n\n\n\n<p class=\"has-text-align-center\"><\/p>\n\n\n\n<p class=\"has-text-align-center\"><br><br><\/p>\n<\/div>\n\n\n\n<div class=\"wp-block-column is-layout-flow wp-block-column-is-layout-flow\">\n<h2 class=\"wp-block-heading has-text-align-center\" id=\"h-punaviinit\">punaviinit<\/h2>\n\n\n\n<p class=\"has-text-align-center\"><strong>Santa Helena Varietal Cabernet Sauvignon<\/strong> 10,50 \u20ac\/16cl<br>48 \u20ac\/plo\/btl Cabernet Sauvignon \/ Chile<br><strong>Verrochio Ripasso Superiore Valpolicella <\/strong>11,50 \u20ac\/16cl 58 \u20ac\/plo\/btl<br>Corvina, Rondinella, Molinara \/Italy<br><strong>Luigi Bosca Malbec Reserve<\/strong> 13,20 \u20ac\/16cl 59 \u20ac plo\/btl<br>Malbec \/ Argentina<br><strong>Masseria Borgo dei Trulli Primitivo<\/strong> 12,50 \u20ac\/16cl<br>50 \u20ac plo\/btl Primitivo \/ Italy<\/p>\n\n\n\n<p class=\"has-text-align-center\"><\/p>\n\n\n\n<p class=\"has-text-align-center\"><\/p>\n\n\n\n<p class=\"has-text-align-center\"><\/p>\n\n\n\n<p class=\"has-text-align-center\"><br><\/p>\n<\/div>\n<\/div>\n\n\n\n<div class=\"wp-block-columns is-layout-flex wp-container-core-columns-is-layout-28f84493 wp-block-columns-is-layout-flex\">\n<div class=\"wp-block-column is-layout-flow wp-block-column-is-layout-flow\">\n<h2 class=\"wp-block-heading has-text-align-center\" id=\"h-jalkiruokaviinit\">j\u00e4lkiruokaviinit<\/h2>\n\n\n\n<p class=\"has-text-align-center\"><strong>Churchill Late Bottled Vintage Port Wine <\/strong>12,00 \u20ac\/ 8cl<br>Touriga Nacional, Touriga Franca, Tinta Roriz, Tinta Barroca, Tinto C\u00e3o \/ Portugal<\/p>\n\n\n\n<p class=\"has-text-align-center\"><\/p>\n\n\n\n<p class=\"has-text-align-center\"><\/p>\n\n\n\n<p class=\"has-text-align-center\"><\/p>\n\n\n\n<p class=\"has-text-align-center\"><br><br><\/p>\n<\/div>\n\n\n\n<div class=\"wp-block-column is-layout-flow wp-block-column-is-layout-flow\"><\/div>\n<\/div>\n<\/div>\n","protected":false},"excerpt":{"rendered":"<p>juomalista Viihtyis\u00e4ss\u00e4 aulabaarissamme voit nauttia virvokkeita takkatulen \u00e4\u00e4ress\u00e4 istuen! drinkit Arctic Blue Gin &amp; Tonic 14,50 \u20acArctic Blue Gin, Muteman Premium TonicWater, Frozen BlueberriesK\u00e4tk\u00e4 GT 12,50 \u20acHelsinki Lingonberry Gin, Muteman Premium Tonic Water, LimeBlackcurrant Dream 9,50 \u20acTanqueray Blackcurrant Gin, Blackcurrant Syrup,Lemon Juice, Red Soda, BlackcurrantsLimoncello Spritz 14 \u20acLimone Poli Elisir, Perlage Prosecco, Sparkling Water, LemonAperol [&hellip;]<\/p>\n","protected":false},"author":8,"featured_media":0,"parent":94,"menu_order":0,"comment_status":"closed","ping_status":"closed","template":"","meta":{"_acf_changed":false,"footnotes":""},"class_list":["post-1563","page","type-page","status-publish","hentry"],"acf":[],"yoast_head":"<!-- This site is optimized with the Yoast SEO Premium plugin v27.2 (Yoast SEO v27.2) - https:\/\/yoast.com\/product\/yoast-seo-premium-wordpress\/ -->\n<title>Juomalista - Hotel K5 Levi<\/title>\n<meta name=\"description\" content=\"Viihtyis\u00e4ss\u00e4 Hotel K5 Levin aulabaarissamme voit nauttia virvokkeita takkatulen \u00e4\u00e4ress\u00e4 istuen! Katso juomalista sivuiltamme!\" \/>\n<meta name=\"robots\" content=\"index, follow, max-snippet:-1, max-image-preview:large, max-video-preview:-1\" \/>\n<link rel=\"canonical\" href=\"https:\/\/www.kassiopeia.fi\/hotel-k5-levi\/ravintola-katka\/juomalista\/\" \/>\n<meta property=\"og:locale\" content=\"en_US\" \/>\n<meta property=\"og:type\" content=\"article\" \/>\n<meta property=\"og:title\" content=\"Juomalista\" \/>\n<meta property=\"og:description\" content=\"Viihtyis\u00e4ss\u00e4 Hotel K5 Levin aulabaarissamme voit nauttia virvokkeita takkatulen \u00e4\u00e4ress\u00e4 istuen! Katso juomalista sivuiltamme!\" \/>\n<meta property=\"og:url\" content=\"https:\/\/www.kassiopeia.fi\/hotel-k5-levi\/ravintola-katka\/juomalista\/\" \/>\n<meta property=\"og:site_name\" content=\"Hotel K5 Levi\" \/>\n<meta property=\"article:modified_time\" content=\"2025-10-26T11:11:11+00:00\" \/>\n<meta property=\"og:image\" content=\"https:\/\/www.kassiopeia.fi\/hotel-k5-levi\/wp-content\/uploads\/sites\/4\/2024\/10\/P3090604-hotel-k5-levi-ravintola-katka-baari.jpg\" \/>\n\t<meta property=\"og:image:width\" content=\"1863\" \/>\n\t<meta property=\"og:image:height\" content=\"1397\" \/>\n\t<meta property=\"og:image:type\" content=\"image\/jpeg\" \/>\n<meta name=\"twitter:card\" content=\"summary_large_image\" \/>\n<meta name=\"twitter:label1\" content=\"Est. reading time\" \/>\n\t<meta name=\"twitter:data1\" content=\"3 minutes\" \/>\n<script type=\"application\/ld+json\" class=\"yoast-schema-graph\">{\"@context\":\"https:\/\/schema.org\",\"@graph\":[{\"@type\":\"WebPage\",\"@id\":\"https:\/\/www.kassiopeia.fi\/hotel-k5-levi\/ravintola-katka\/juomalista\/\",\"url\":\"https:\/\/www.kassiopeia.fi\/hotel-k5-levi\/ravintola-katka\/juomalista\/\",\"name\":\"Juomalista - Hotel K5 Levi\",\"isPartOf\":{\"@id\":\"https:\/\/www.kassiopeia.fi\/hotel-k5-levi\/#website\"},\"primaryImageOfPage\":{\"@id\":\"https:\/\/www.kassiopeia.fi\/hotel-k5-levi\/ravintola-katka\/juomalista\/#primaryimage\"},\"image\":{\"@id\":\"https:\/\/www.kassiopeia.fi\/hotel-k5-levi\/ravintola-katka\/juomalista\/#primaryimage\"},\"thumbnailUrl\":\"https:\/\/www.kassiopeia.fi\/hotel-k5-levi\/wp-content\/uploads\/sites\/4\/2024\/10\/P3090604-hotel-k5-levi-ravintola-katka-baari.jpg\",\"datePublished\":\"2024-11-19T08:32:02+00:00\",\"dateModified\":\"2025-10-26T11:11:11+00:00\",\"description\":\"Viihtyis\u00e4ss\u00e4 Hotel K5 Levin aulabaarissamme voit nauttia virvokkeita takkatulen \u00e4\u00e4ress\u00e4 istuen! Katso juomalista sivuiltamme!\",\"breadcrumb\":{\"@id\":\"https:\/\/www.kassiopeia.fi\/hotel-k5-levi\/ravintola-katka\/juomalista\/#breadcrumb\"},\"inLanguage\":\"en-US\",\"potentialAction\":[{\"@type\":\"ReadAction\",\"target\":[\"https:\/\/www.kassiopeia.fi\/hotel-k5-levi\/ravintola-katka\/juomalista\/\"]}]},{\"@type\":\"ImageObject\",\"inLanguage\":\"en-US\",\"@id\":\"https:\/\/www.kassiopeia.fi\/hotel-k5-levi\/ravintola-katka\/juomalista\/#primaryimage\",\"url\":\"https:\/\/www.kassiopeia.fi\/hotel-k5-levi\/wp-content\/uploads\/sites\/4\/2024\/10\/P3090604-hotel-k5-levi-ravintola-katka-baari.jpg\",\"contentUrl\":\"https:\/\/www.kassiopeia.fi\/hotel-k5-levi\/wp-content\/uploads\/sites\/4\/2024\/10\/P3090604-hotel-k5-levi-ravintola-katka-baari.jpg\",\"width\":1863,\"height\":1397},{\"@type\":\"BreadcrumbList\",\"@id\":\"https:\/\/www.kassiopeia.fi\/hotel-k5-levi\/ravintola-katka\/juomalista\/#breadcrumb\",\"itemListElement\":[{\"@type\":\"ListItem\",\"position\":1,\"name\":\"Home\",\"item\":\"https:\/\/www.kassiopeia.fi\/hotel-k5-levi\/\"},{\"@type\":\"ListItem\",\"position\":2,\"name\":\"Ravintola K\u00e4tk\u00e4\",\"item\":\"https:\/\/www.kassiopeia.fi\/hotel-k5-levi\/ravintola-katka\/\"},{\"@type\":\"ListItem\",\"position\":3,\"name\":\"Juomalista\"}]},{\"@type\":\"WebSite\",\"@id\":\"https:\/\/www.kassiopeia.fi\/hotel-k5-levi\/#website\",\"url\":\"https:\/\/www.kassiopeia.fi\/hotel-k5-levi\/\",\"name\":\"Hotel K5 Levi\",\"description\":\"\",\"potentialAction\":[{\"@type\":\"SearchAction\",\"target\":{\"@type\":\"EntryPoint\",\"urlTemplate\":\"https:\/\/www.kassiopeia.fi\/hotel-k5-levi\/?s={search_term_string}\"},\"query-input\":{\"@type\":\"PropertyValueSpecification\",\"valueRequired\":true,\"valueName\":\"search_term_string\"}}],\"inLanguage\":\"en-US\"}]}<\/script>\n<!-- \/ Yoast SEO Premium plugin. -->","yoast_head_json":{"title":"Juomalista - Hotel K5 Levi","description":"Viihtyis\u00e4ss\u00e4 Hotel K5 Levin aulabaarissamme voit nauttia virvokkeita takkatulen \u00e4\u00e4ress\u00e4 istuen! Katso juomalista sivuiltamme!","robots":{"index":"index","follow":"follow","max-snippet":"max-snippet:-1","max-image-preview":"max-image-preview:large","max-video-preview":"max-video-preview:-1"},"canonical":"https:\/\/www.kassiopeia.fi\/hotel-k5-levi\/ravintola-katka\/juomalista\/","og_locale":"en_US","og_type":"article","og_title":"Juomalista","og_description":"Viihtyis\u00e4ss\u00e4 Hotel K5 Levin aulabaarissamme voit nauttia virvokkeita takkatulen \u00e4\u00e4ress\u00e4 istuen! Katso juomalista sivuiltamme!","og_url":"https:\/\/www.kassiopeia.fi\/hotel-k5-levi\/ravintola-katka\/juomalista\/","og_site_name":"Hotel K5 Levi","article_modified_time":"2025-10-26T11:11:11+00:00","og_image":[{"width":1863,"height":1397,"url":"https:\/\/www.kassiopeia.fi\/hotel-k5-levi\/wp-content\/uploads\/sites\/4\/2024\/10\/P3090604-hotel-k5-levi-ravintola-katka-baari.jpg","type":"image\/jpeg"}],"twitter_card":"summary_large_image","twitter_misc":{"Est. reading time":"3 minutes"},"schema":{"@context":"https:\/\/schema.org","@graph":[{"@type":"WebPage","@id":"https:\/\/www.kassiopeia.fi\/hotel-k5-levi\/ravintola-katka\/juomalista\/","url":"https:\/\/www.kassiopeia.fi\/hotel-k5-levi\/ravintola-katka\/juomalista\/","name":"Juomalista - Hotel K5 Levi","isPartOf":{"@id":"https:\/\/www.kassiopeia.fi\/hotel-k5-levi\/#website"},"primaryImageOfPage":{"@id":"https:\/\/www.kassiopeia.fi\/hotel-k5-levi\/ravintola-katka\/juomalista\/#primaryimage"},"image":{"@id":"https:\/\/www.kassiopeia.fi\/hotel-k5-levi\/ravintola-katka\/juomalista\/#primaryimage"},"thumbnailUrl":"https:\/\/www.kassiopeia.fi\/hotel-k5-levi\/wp-content\/uploads\/sites\/4\/2024\/10\/P3090604-hotel-k5-levi-ravintola-katka-baari.jpg","datePublished":"2024-11-19T08:32:02+00:00","dateModified":"2025-10-26T11:11:11+00:00","description":"Viihtyis\u00e4ss\u00e4 Hotel K5 Levin aulabaarissamme voit nauttia virvokkeita takkatulen \u00e4\u00e4ress\u00e4 istuen! Katso juomalista sivuiltamme!","breadcrumb":{"@id":"https:\/\/www.kassiopeia.fi\/hotel-k5-levi\/ravintola-katka\/juomalista\/#breadcrumb"},"inLanguage":"en-US","potentialAction":[{"@type":"ReadAction","target":["https:\/\/www.kassiopeia.fi\/hotel-k5-levi\/ravintola-katka\/juomalista\/"]}]},{"@type":"ImageObject","inLanguage":"en-US","@id":"https:\/\/www.kassiopeia.fi\/hotel-k5-levi\/ravintola-katka\/juomalista\/#primaryimage","url":"https:\/\/www.kassiopeia.fi\/hotel-k5-levi\/wp-content\/uploads\/sites\/4\/2024\/10\/P3090604-hotel-k5-levi-ravintola-katka-baari.jpg","contentUrl":"https:\/\/www.kassiopeia.fi\/hotel-k5-levi\/wp-content\/uploads\/sites\/4\/2024\/10\/P3090604-hotel-k5-levi-ravintola-katka-baari.jpg","width":1863,"height":1397},{"@type":"BreadcrumbList","@id":"https:\/\/www.kassiopeia.fi\/hotel-k5-levi\/ravintola-katka\/juomalista\/#breadcrumb","itemListElement":[{"@type":"ListItem","position":1,"name":"Home","item":"https:\/\/www.kassiopeia.fi\/hotel-k5-levi\/"},{"@type":"ListItem","position":2,"name":"Ravintola K\u00e4tk\u00e4","item":"https:\/\/www.kassiopeia.fi\/hotel-k5-levi\/ravintola-katka\/"},{"@type":"ListItem","position":3,"name":"Juomalista"}]},{"@type":"WebSite","@id":"https:\/\/www.kassiopeia.fi\/hotel-k5-levi\/#website","url":"https:\/\/www.kassiopeia.fi\/hotel-k5-levi\/","name":"Hotel K5 Levi","description":"","potentialAction":[{"@type":"SearchAction","target":{"@type":"EntryPoint","urlTemplate":"https:\/\/www.kassiopeia.fi\/hotel-k5-levi\/?s={search_term_string}"},"query-input":{"@type":"PropertyValueSpecification","valueRequired":true,"valueName":"search_term_string"}}],"inLanguage":"en-US"}]}},"lang":"fi","translations":{"fi":1563,"en":1567},"pll_sync_post":[],"_links":{"self":[{"href":"https:\/\/www.kassiopeia.fi\/hotel-k5-levi\/wp-json\/wp\/v2\/pages\/1563","targetHints":{"allow":["GET"]}}],"collection":[{"href":"https:\/\/www.kassiopeia.fi\/hotel-k5-levi\/wp-json\/wp\/v2\/pages"}],"about":[{"href":"https:\/\/www.kassiopeia.fi\/hotel-k5-levi\/wp-json\/wp\/v2\/types\/page"}],"author":[{"embeddable":true,"href":"https:\/\/www.kassiopeia.fi\/hotel-k5-levi\/wp-json\/wp\/v2\/users\/8"}],"replies":[{"embeddable":true,"href":"https:\/\/www.kassiopeia.fi\/hotel-k5-levi\/wp-json\/wp\/v2\/comments?post=1563"}],"version-history":[{"count":9,"href":"https:\/\/www.kassiopeia.fi\/hotel-k5-levi\/wp-json\/wp\/v2\/pages\/1563\/revisions"}],"predecessor-version":[{"id":2851,"href":"https:\/\/www.kassiopeia.fi\/hotel-k5-levi\/wp-json\/wp\/v2\/pages\/1563\/revisions\/2851"}],"up":[{"embeddable":true,"href":"https:\/\/www.kassiopeia.fi\/hotel-k5-levi\/wp-json\/wp\/v2\/pages\/94"}],"wp:attachment":[{"href":"https:\/\/www.kassiopeia.fi\/hotel-k5-levi\/wp-json\/wp\/v2\/media?parent=1563"}],"curies":[{"name":"wp","href":"https:\/\/api.w.org\/{rel}","templated":true}]}}