{"id":1451,"date":"2024-11-13T07:18:39","date_gmt":"2024-11-13T07:18:39","guid":{"rendered":"https:\/\/www.kassiopeia.fi\/hotel-k5-levi\/?page_id=1451"},"modified":"2025-12-29T07:49:49","modified_gmt":"2025-12-29T07:49:49","slug":"christmas-lunch","status":"publish","type":"page","link":"https:\/\/www.kassiopeia.fi\/hotel-k5-levi\/en\/restaurant-katka\/christmas-lunch\/","title":{"rendered":"Christmas Lunch"},"content":{"rendered":"\n<div class=\"wp-block-cover alignfull is-light cover-hero wp-duotone-unset-1\" style=\"margin-top:0px;margin-bottom:0px;padding-top:0px;padding-right:0px;padding-bottom:0px;padding-left:0px;min-height:30vw;aspect-ratio:unset;\"><img loading=\"lazy\" decoding=\"async\" width=\"2000\" height=\"1333\" class=\"wp-block-cover__image-background wp-image-1014\" alt=\"\" src=\"https:\/\/www.kassiopeia.fi\/hotel-k5-levi\/wp-content\/uploads\/sites\/4\/2024\/11\/iStock-1060838790-2000x1333-1-1.jpg\" data-object-fit=\"cover\" srcset=\"https:\/\/www.kassiopeia.fi\/hotel-k5-levi\/wp-content\/uploads\/sites\/4\/2024\/11\/iStock-1060838790-2000x1333-1-1.jpg 2000w, https:\/\/www.kassiopeia.fi\/hotel-k5-levi\/wp-content\/uploads\/sites\/4\/2024\/11\/iStock-1060838790-2000x1333-1-1-300x200.jpg 300w, https:\/\/www.kassiopeia.fi\/hotel-k5-levi\/wp-content\/uploads\/sites\/4\/2024\/11\/iStock-1060838790-2000x1333-1-1-1024x682.jpg 1024w, https:\/\/www.kassiopeia.fi\/hotel-k5-levi\/wp-content\/uploads\/sites\/4\/2024\/11\/iStock-1060838790-2000x1333-1-1-768x512.jpg 768w, https:\/\/www.kassiopeia.fi\/hotel-k5-levi\/wp-content\/uploads\/sites\/4\/2024\/11\/iStock-1060838790-2000x1333-1-1-1536x1024.jpg 1536w\" sizes=\"auto, (max-width: 2000px) 100vw, 2000px\" \/><span aria-hidden=\"true\" class=\"wp-block-cover__background has-black-background-color has-background-dim-0 has-background-dim\"><\/span><div class=\"wp-block-cover__inner-container is-layout-flow wp-container-core-cover-is-layout-6e17fc20 wp-block-cover-is-layout-flow\">\n<h1 class=\"wp-block-heading has-text-align-center\" id=\"h-\" style=\"font-size:70px\"><\/h1>\n\n\n\n<p><\/p>\n<\/div><\/div>\n\n\n\n<div class=\"breadcrumb-container\"><ul id=\"breadcrumbs\" class=\"breadcrumbs\"><li class=\"item-home\"><a class=\"bread-link bread-home\" href=\"https:\/\/www.kassiopeia.fi\/hotel-k5-levi\" title=\"Hotel K5 Levi\">Hotel K5 Levi<\/a><\/li><li class=\"separator separator-home\"> \/ <\/li><\/ul><\/div>\n<style>\n    \n<\/style>\n\n\n<div class=\"wp-block-group alignfull is-layout-constrained wp-container-core-group-is-layout-294a2ad3 wp-block-group-is-layout-constrained\" style=\"margin-top:0;margin-bottom:0;padding-top:var(--wp--preset--spacing--40);padding-right:var(--wp--preset--spacing--40);padding-bottom:var(--wp--preset--spacing--70);padding-left:var(--wp--preset--spacing--40)\">\n<figure class=\"wp-block-image aligncenter size-medium\"><img loading=\"lazy\" decoding=\"async\" width=\"300\" height=\"108\" src=\"https:\/\/www.kassiopeia.fi\/hotel-k5-levi\/wp-content\/uploads\/sites\/4\/2024\/10\/restaurantkatka_logo_rgb_1000px-300x108.jpg\" alt=\"\" class=\"wp-image-623\" srcset=\"https:\/\/www.kassiopeia.fi\/hotel-k5-levi\/wp-content\/uploads\/sites\/4\/2024\/10\/restaurantkatka_logo_rgb_1000px-300x108.jpg 300w, https:\/\/www.kassiopeia.fi\/hotel-k5-levi\/wp-content\/uploads\/sites\/4\/2024\/10\/restaurantkatka_logo_rgb_1000px-768x277.jpg 768w, https:\/\/www.kassiopeia.fi\/hotel-k5-levi\/wp-content\/uploads\/sites\/4\/2024\/10\/restaurantkatka_logo_rgb_1000px.jpg 1000w\" sizes=\"auto, (max-width: 300px) 100vw, 300px\" \/><\/figure>\n<\/div>\n\n\n\n<div class=\"wp-block-group alignfull is-layout-constrained wp-container-core-group-is-layout-412725b9 wp-block-group-is-layout-constrained\" style=\"padding-top:var(--wp--preset--spacing--50);padding-right:var(--wp--preset--spacing--40);padding-bottom:var(--wp--preset--spacing--80);padding-left:var(--wp--preset--spacing--40)\">\n<div class=\"wp-block-group alignwide is-layout-constrained wp-container-core-group-is-layout-9517baca wp-block-group-is-layout-constrained\">\n<h1 class=\"wp-block-heading has-text-align-center\" id=\"h-christmas-lunch\" style=\"margin-bottom:var(--wp--preset--spacing--60)\">Christmas Lunch<\/h1>\n\n\n\n<p class=\"has-text-align-center has-large-font-size\">Restaurant K\u00e4tk\u00e4&#8217;s delicious Christmas lunch will be served on December 18th and 19th, 2025. You are warmly welcome!<\/p>\n<\/div>\n<\/div>\n\n\n\n<div class=\"wp-block-group alignfull hidden is-layout-constrained wp-container-core-group-is-layout-97829e9f wp-block-group-is-layout-constrained\" style=\"padding-right:var(--wp--preset--spacing--40);padding-left:var(--wp--preset--spacing--40)\">\n<div class=\"wp-block-media-text alignwide has-media-on-the-right is-stacked-on-mobile is-vertically-aligned-center is-image-fill-element has-k-5-levi-12-background-color has-background\"><div class=\"wp-block-media-text__content\">\n<h2 class=\"wp-block-heading has-text-align-left\" id=\"h-restaurant-katka-s-christmas-lunch\">Restaurant K\u00e4tk\u00e4&#8217;s Christmas Lunch<\/h2>\n\n\n\n<p>Christmas lunch will be served on:<\/p>\n\n\n\n<ul style=\"margin-top:0;margin-bottom:var(--wp--preset--spacing--60)\" class=\"wp-block-list styled2\">\n<li>Thursday, December 18th, from 11:00 AM to 2:00 PM, and<\/li>\n\n\n\n<li>Friday, December 19th, from 11:00 AM to 2:00 PM.<\/li>\n<\/ul>\n\n\n\n<div class=\"wp-block-columns is-layout-flex wp-container-core-columns-is-layout-28f84493 wp-block-columns-is-layout-flex\">\n<div class=\"wp-block-column is-layout-flow wp-block-column-is-layout-flow\" style=\"flex-basis:70%\">\n<h4 class=\"wp-block-heading has-panorama-2-color has-text-color has-link-color wp-elements-b2596dcd2dfebc7b77152f61405b541a\" id=\"h-14-90-person\" style=\"margin-top:0;margin-bottom:0;padding-top:0;padding-bottom:0\">14,90\u20ac \/ person<\/h4>\n\n\n\n<p class=\"has-small-font-size\" style=\"margin-top:0;margin-bottom:0;padding-top:0;padding-bottom:0\">Children aged 4\u201312: 7,45\u20ac<br>Children under 4: free<\/p>\n<\/div>\n<\/div>\n\n\n\n<div style=\"height:16px\" aria-hidden=\"true\" class=\"wp-block-spacer\"><\/div>\n<\/div><figure class=\"wp-block-media-text__media\"><img loading=\"lazy\" decoding=\"async\" width=\"1024\" height=\"683\" src=\"https:\/\/www.kassiopeia.fi\/hotel-k5-levi\/wp-content\/uploads\/sites\/4\/2024\/11\/joulukuusi-1-2048x1365-1-1024x683.jpg\" alt=\"\" class=\"wp-image-1018 size-full\" style=\"object-position:50% 50%\" srcset=\"https:\/\/www.kassiopeia.fi\/hotel-k5-levi\/wp-content\/uploads\/sites\/4\/2024\/11\/joulukuusi-1-2048x1365-1-1024x683.jpg 1024w, https:\/\/www.kassiopeia.fi\/hotel-k5-levi\/wp-content\/uploads\/sites\/4\/2024\/11\/joulukuusi-1-2048x1365-1-300x200.jpg 300w, https:\/\/www.kassiopeia.fi\/hotel-k5-levi\/wp-content\/uploads\/sites\/4\/2024\/11\/joulukuusi-1-2048x1365-1-768x512.jpg 768w, https:\/\/www.kassiopeia.fi\/hotel-k5-levi\/wp-content\/uploads\/sites\/4\/2024\/11\/joulukuusi-1-2048x1365-1-1536x1024.jpg 1536w, https:\/\/www.kassiopeia.fi\/hotel-k5-levi\/wp-content\/uploads\/sites\/4\/2024\/11\/joulukuusi-1-2048x1365-1.jpg 2048w\" sizes=\"auto, (max-width: 1024px) 100vw, 1024px\" \/><\/figure><\/div>\n<\/div>\n\n\n\n<div class=\"wp-block-group alignfull is-layout-constrained wp-container-core-group-is-layout-bdbbb34e wp-block-group-is-layout-constrained\" style=\"padding-top:var(--wp--preset--spacing--60);padding-right:var(--wp--preset--spacing--40);padding-bottom:var(--wp--preset--spacing--70);padding-left:var(--wp--preset--spacing--40)\">\n<h2 class=\"wp-block-heading has-text-align-center\" id=\"h-christmas-lunch-menu-2025\">Christmas Lunch Menu 2025<\/h2>\n\n\n\n<div class=\"wp-block-columns is-layout-flex wp-container-core-columns-is-layout-28f84493 wp-block-columns-is-layout-flex\">\n<div class=\"wp-block-column is-layout-flow wp-block-column-is-layout-flow\">\n<p class=\"has-text-align-center\">Green salad (Df,Gf)<br>Rosemary cucumber (Df,Gf)<br>Forest mushroom salad (Lf,Gf)<br>Beetroot salad \u201cRosolli\u201d (Df,Gf)<br>Cherry tomatoes (Df,Gf)<br>Bread cheese salad (Df,Gf)<br>Blackcurrant herring (Df,Gf)<br>Smoked salmon salad (Df,Gf)<br>Italian salad (Lf)<br>\u2605\u2605\u2605<br>Rice porridge (Lf,Gf)<br>Christmas ham and house mustard (Lf,Gf)<br>Boiled potatoes (Df,Gf)<br>Carrot casserole (Lf,Gf)<br>Rutabaga casserole (Lf)<br>Beetroot casserole (Df,V,Gf)<br>Creamy mustard sauce (Lf,Gf)<br>\u2605\u2605\u2605<br>Whipped plum cream (Lf,Gf)<br><\/p>\n<\/div>\n<\/div>\n\n\n\n<p class=\"has-text-align-center\"><br>DF=Dairy free \/ LF=Lactose free \/ GF=Gluten free, V=Vegan&nbsp;<br>You can get more information about food and food allergens from the restaurant staff.<br><br>We reserve the right to make changes.<\/p>\n<\/div>\n\n\n\n<div class=\"wp-block-group alignfull is-layout-constrained wp-container-core-group-is-layout-0c9c989a wp-block-group-is-layout-constrained\" style=\"margin-top:0;margin-bottom:0;padding-top:var(--wp--preset--spacing--70);padding-right:var(--wp--preset--spacing--40);padding-bottom:var(--wp--preset--spacing--70);padding-left:var(--wp--preset--spacing--40)\">\n<div class=\"wp-block-columns is-layout-flex wp-container-core-columns-is-layout-28f84493 wp-block-columns-is-layout-flex\">\n<div class=\"wp-block-column is-layout-flow wp-block-column-is-layout-flow\">\n<figure class=\"wp-block-image size-full openable-image\"><img loading=\"lazy\" decoding=\"async\" width=\"2048\" height=\"1365\" src=\"https:\/\/www.kassiopeia.fi\/hotel-k5-levi\/wp-content\/uploads\/sites\/4\/2024\/11\/joulukuusi-1-2048x1365-1.jpg\" alt=\"\" class=\"wp-image-1018\" style=\"aspect-ratio:1;object-fit:cover\" srcset=\"https:\/\/www.kassiopeia.fi\/hotel-k5-levi\/wp-content\/uploads\/sites\/4\/2024\/11\/joulukuusi-1-2048x1365-1.jpg 2048w, https:\/\/www.kassiopeia.fi\/hotel-k5-levi\/wp-content\/uploads\/sites\/4\/2024\/11\/joulukuusi-1-2048x1365-1-300x200.jpg 300w, https:\/\/www.kassiopeia.fi\/hotel-k5-levi\/wp-content\/uploads\/sites\/4\/2024\/11\/joulukuusi-1-2048x1365-1-1024x683.jpg 1024w, https:\/\/www.kassiopeia.fi\/hotel-k5-levi\/wp-content\/uploads\/sites\/4\/2024\/11\/joulukuusi-1-2048x1365-1-768x512.jpg 768w, https:\/\/www.kassiopeia.fi\/hotel-k5-levi\/wp-content\/uploads\/sites\/4\/2024\/11\/joulukuusi-1-2048x1365-1-1536x1024.jpg 1536w\" sizes=\"auto, (max-width: 2048px) 100vw, 2048px\" \/><\/figure>\n<\/div>\n\n\n\n<div class=\"wp-block-column is-layout-flow wp-block-column-is-layout-flow\">\n<figure class=\"wp-block-image size-full openable-image\"><img loading=\"lazy\" decoding=\"async\" width=\"1920\" height=\"1280\" src=\"https:\/\/www.kassiopeia.fi\/hotel-k5-levi\/wp-content\/uploads\/sites\/4\/2024\/10\/poroaitaus-hotelk5levi.jpg\" alt=\"\" class=\"wp-image-72\" style=\"aspect-ratio:1;object-fit:cover\" srcset=\"https:\/\/www.kassiopeia.fi\/hotel-k5-levi\/wp-content\/uploads\/sites\/4\/2024\/10\/poroaitaus-hotelk5levi.jpg 1920w, https:\/\/www.kassiopeia.fi\/hotel-k5-levi\/wp-content\/uploads\/sites\/4\/2024\/10\/poroaitaus-hotelk5levi-300x200.jpg 300w, https:\/\/www.kassiopeia.fi\/hotel-k5-levi\/wp-content\/uploads\/sites\/4\/2024\/10\/poroaitaus-hotelk5levi-1024x683.jpg 1024w, https:\/\/www.kassiopeia.fi\/hotel-k5-levi\/wp-content\/uploads\/sites\/4\/2024\/10\/poroaitaus-hotelk5levi-768x512.jpg 768w, https:\/\/www.kassiopeia.fi\/hotel-k5-levi\/wp-content\/uploads\/sites\/4\/2024\/10\/poroaitaus-hotelk5levi-1536x1024.jpg 1536w\" sizes=\"auto, (max-width: 1920px) 100vw, 1920px\" \/><\/figure>\n<\/div>\n\n\n\n<div class=\"wp-block-column is-layout-flow wp-block-column-is-layout-flow\">\n<figure class=\"wp-block-image size-full openable-image\"><img loading=\"lazy\" decoding=\"async\" width=\"1112\" height=\"2000\" src=\"https:\/\/www.kassiopeia.fi\/hotel-k5-levi\/wp-content\/uploads\/sites\/4\/2024\/11\/joulukuusi-709x1275-2.jpg\" alt=\"\" class=\"wp-image-1043\" style=\"aspect-ratio:1;object-fit:cover\" srcset=\"https:\/\/www.kassiopeia.fi\/hotel-k5-levi\/wp-content\/uploads\/sites\/4\/2024\/11\/joulukuusi-709x1275-2.jpg 1112w, https:\/\/www.kassiopeia.fi\/hotel-k5-levi\/wp-content\/uploads\/sites\/4\/2024\/11\/joulukuusi-709x1275-2-167x300.jpg 167w, https:\/\/www.kassiopeia.fi\/hotel-k5-levi\/wp-content\/uploads\/sites\/4\/2024\/11\/joulukuusi-709x1275-2-569x1024.jpg 569w, https:\/\/www.kassiopeia.fi\/hotel-k5-levi\/wp-content\/uploads\/sites\/4\/2024\/11\/joulukuusi-709x1275-2-768x1381.jpg 768w, https:\/\/www.kassiopeia.fi\/hotel-k5-levi\/wp-content\/uploads\/sites\/4\/2024\/11\/joulukuusi-709x1275-2-854x1536.jpg 854w\" sizes=\"auto, (max-width: 1112px) 100vw, 1112px\" \/><\/figure>\n<\/div>\n\n\n\n<div class=\"wp-block-column is-layout-flow wp-block-column-is-layout-flow\">\n<figure class=\"wp-block-image size-full openable-image\"><img loading=\"lazy\" decoding=\"async\" width=\"1000\" height=\"666\" src=\"https:\/\/www.kassiopeia.fi\/hotel-k5-levi\/wp-content\/uploads\/sites\/4\/2024\/11\/jouluglogit-levi.jpg\" alt=\"\" class=\"wp-image-1016\" style=\"aspect-ratio:1;object-fit:cover\" srcset=\"https:\/\/www.kassiopeia.fi\/hotel-k5-levi\/wp-content\/uploads\/sites\/4\/2024\/11\/jouluglogit-levi.jpg 1000w, https:\/\/www.kassiopeia.fi\/hotel-k5-levi\/wp-content\/uploads\/sites\/4\/2024\/11\/jouluglogit-levi-300x200.jpg 300w, https:\/\/www.kassiopeia.fi\/hotel-k5-levi\/wp-content\/uploads\/sites\/4\/2024\/11\/jouluglogit-levi-768x511.jpg 768w\" sizes=\"auto, (max-width: 1000px) 100vw, 1000px\" \/><\/figure>\n<\/div>\n<\/div>\n<\/div>\n","protected":false},"excerpt":{"rendered":"<p>Christmas Lunch Restaurant K\u00e4tk\u00e4&#8217;s delicious Christmas lunch will be served on December 18th and 19th, 2025. You are warmly welcome! Restaurant K\u00e4tk\u00e4&#8217;s Christmas Lunch Christmas lunch will be served on: 14,90\u20ac \/ person Children aged 4\u201312: 7,45\u20acChildren under 4: free Christmas Lunch Menu 2025 Green salad (Df,Gf)Rosemary cucumber (Df,Gf)Forest mushroom salad (Lf,Gf)Beetroot salad \u201cRosolli\u201d (Df,Gf)Cherry [&hellip;]<\/p>\n","protected":false},"author":8,"featured_media":0,"parent":1418,"menu_order":0,"comment_status":"closed","ping_status":"closed","template":"","meta":{"_acf_changed":false,"footnotes":""},"class_list":["post-1451","page","type-page","status-publish","hentry"],"acf":[],"yoast_head":"<!-- This site is optimized with the Yoast SEO Premium plugin v27.2 (Yoast SEO v27.2) - https:\/\/yoast.com\/product\/yoast-seo-premium-wordpress\/ -->\n<title>Christmas Lunch - Hotel K5 Levi<\/title>\n<meta name=\"description\" content=\"Restaurant K\u00e4tk\u00e4&#039;s delicious Christmas lunch in Levi will be served on December 19th and 20th. You are warmly welcome!\" \/>\n<meta name=\"robots\" content=\"index, follow, max-snippet:-1, max-image-preview:large, max-video-preview:-1\" \/>\n<link rel=\"canonical\" href=\"https:\/\/www.kassiopeia.fi\/hotel-k5-levi\/en\/restaurant-katka\/christmas-lunch\/\" \/>\n<meta property=\"og:locale\" content=\"en_US\" \/>\n<meta property=\"og:type\" content=\"article\" \/>\n<meta property=\"og:title\" content=\"Christmas Lunch\" \/>\n<meta property=\"og:description\" content=\"Restaurant K\u00e4tk\u00e4&#039;s delicious Christmas lunch in Levi will be served on December 19th and 20th. You are warmly welcome!\" \/>\n<meta property=\"og:url\" content=\"https:\/\/www.kassiopeia.fi\/hotel-k5-levi\/en\/restaurant-katka\/christmas-lunch\/\" \/>\n<meta property=\"og:site_name\" content=\"Hotel K5 Levi\" \/>\n<meta property=\"article:modified_time\" content=\"2025-12-29T07:49:49+00:00\" \/>\n<meta property=\"og:image\" content=\"https:\/\/www.kassiopeia.fi\/hotel-k5-levi\/wp-content\/uploads\/sites\/4\/2024\/11\/iStock-1060838790-2000x1333-1-1.jpg\" \/>\n\t<meta property=\"og:image:width\" content=\"2000\" \/>\n\t<meta property=\"og:image:height\" content=\"1333\" \/>\n\t<meta property=\"og:image:type\" content=\"image\/jpeg\" \/>\n<meta name=\"twitter:card\" content=\"summary_large_image\" \/>\n<meta name=\"twitter:label1\" content=\"Est. reading time\" \/>\n\t<meta name=\"twitter:data1\" content=\"3 minutes\" \/>\n<script type=\"application\/ld+json\" class=\"yoast-schema-graph\">{\"@context\":\"https:\/\/schema.org\",\"@graph\":[{\"@type\":\"WebPage\",\"@id\":\"https:\/\/www.kassiopeia.fi\/hotel-k5-levi\/en\/restaurant-katka\/christmas-lunch\/\",\"url\":\"https:\/\/www.kassiopeia.fi\/hotel-k5-levi\/en\/restaurant-katka\/christmas-lunch\/\",\"name\":\"Christmas Lunch - Hotel K5 Levi\",\"isPartOf\":{\"@id\":\"https:\/\/www.kassiopeia.fi\/hotel-k5-levi\/#website\"},\"primaryImageOfPage\":{\"@id\":\"https:\/\/www.kassiopeia.fi\/hotel-k5-levi\/en\/restaurant-katka\/christmas-lunch\/#primaryimage\"},\"image\":{\"@id\":\"https:\/\/www.kassiopeia.fi\/hotel-k5-levi\/en\/restaurant-katka\/christmas-lunch\/#primaryimage\"},\"thumbnailUrl\":\"https:\/\/www.kassiopeia.fi\/hotel-k5-levi\/wp-content\/uploads\/sites\/4\/2024\/11\/iStock-1060838790-2000x1333-1-1.jpg\",\"datePublished\":\"2024-11-13T07:18:39+00:00\",\"dateModified\":\"2025-12-29T07:49:49+00:00\",\"description\":\"Restaurant K\u00e4tk\u00e4's delicious Christmas lunch in Levi will be served on December 19th and 20th. You are warmly welcome!\",\"breadcrumb\":{\"@id\":\"https:\/\/www.kassiopeia.fi\/hotel-k5-levi\/en\/restaurant-katka\/christmas-lunch\/#breadcrumb\"},\"inLanguage\":\"en-US\",\"potentialAction\":[{\"@type\":\"ReadAction\",\"target\":[\"https:\/\/www.kassiopeia.fi\/hotel-k5-levi\/en\/restaurant-katka\/christmas-lunch\/\"]}]},{\"@type\":\"ImageObject\",\"inLanguage\":\"en-US\",\"@id\":\"https:\/\/www.kassiopeia.fi\/hotel-k5-levi\/en\/restaurant-katka\/christmas-lunch\/#primaryimage\",\"url\":\"https:\/\/www.kassiopeia.fi\/hotel-k5-levi\/wp-content\/uploads\/sites\/4\/2024\/11\/iStock-1060838790-2000x1333-1-1.jpg\",\"contentUrl\":\"https:\/\/www.kassiopeia.fi\/hotel-k5-levi\/wp-content\/uploads\/sites\/4\/2024\/11\/iStock-1060838790-2000x1333-1-1.jpg\",\"width\":2000,\"height\":1333},{\"@type\":\"BreadcrumbList\",\"@id\":\"https:\/\/www.kassiopeia.fi\/hotel-k5-levi\/en\/restaurant-katka\/christmas-lunch\/#breadcrumb\",\"itemListElement\":[{\"@type\":\"ListItem\",\"position\":1,\"name\":\"Home\",\"item\":\"https:\/\/www.kassiopeia.fi\/hotel-k5-levi\/\"},{\"@type\":\"ListItem\",\"position\":2,\"name\":\"Restaurant K\u00e4tk\u00e4\",\"item\":\"https:\/\/www.kassiopeia.fi\/hotel-k5-levi\/en\/restaurant-katka\/\"},{\"@type\":\"ListItem\",\"position\":3,\"name\":\"Christmas Lunch\"}]},{\"@type\":\"WebSite\",\"@id\":\"https:\/\/www.kassiopeia.fi\/hotel-k5-levi\/#website\",\"url\":\"https:\/\/www.kassiopeia.fi\/hotel-k5-levi\/\",\"name\":\"Hotel K5 Levi\",\"description\":\"\",\"potentialAction\":[{\"@type\":\"SearchAction\",\"target\":{\"@type\":\"EntryPoint\",\"urlTemplate\":\"https:\/\/www.kassiopeia.fi\/hotel-k5-levi\/?s={search_term_string}\"},\"query-input\":{\"@type\":\"PropertyValueSpecification\",\"valueRequired\":true,\"valueName\":\"search_term_string\"}}],\"inLanguage\":\"en-US\"}]}<\/script>\n<!-- \/ Yoast SEO Premium plugin. -->","yoast_head_json":{"title":"Christmas Lunch - Hotel K5 Levi","description":"Restaurant K\u00e4tk\u00e4's delicious Christmas lunch in Levi will be served on December 19th and 20th. You are warmly welcome!","robots":{"index":"index","follow":"follow","max-snippet":"max-snippet:-1","max-image-preview":"max-image-preview:large","max-video-preview":"max-video-preview:-1"},"canonical":"https:\/\/www.kassiopeia.fi\/hotel-k5-levi\/en\/restaurant-katka\/christmas-lunch\/","og_locale":"en_US","og_type":"article","og_title":"Christmas Lunch","og_description":"Restaurant K\u00e4tk\u00e4's delicious Christmas lunch in Levi will be served on December 19th and 20th. You are warmly welcome!","og_url":"https:\/\/www.kassiopeia.fi\/hotel-k5-levi\/en\/restaurant-katka\/christmas-lunch\/","og_site_name":"Hotel K5 Levi","article_modified_time":"2025-12-29T07:49:49+00:00","og_image":[{"width":2000,"height":1333,"url":"https:\/\/www.kassiopeia.fi\/hotel-k5-levi\/wp-content\/uploads\/sites\/4\/2024\/11\/iStock-1060838790-2000x1333-1-1.jpg","type":"image\/jpeg"}],"twitter_card":"summary_large_image","twitter_misc":{"Est. reading time":"3 minutes"},"schema":{"@context":"https:\/\/schema.org","@graph":[{"@type":"WebPage","@id":"https:\/\/www.kassiopeia.fi\/hotel-k5-levi\/en\/restaurant-katka\/christmas-lunch\/","url":"https:\/\/www.kassiopeia.fi\/hotel-k5-levi\/en\/restaurant-katka\/christmas-lunch\/","name":"Christmas Lunch - Hotel K5 Levi","isPartOf":{"@id":"https:\/\/www.kassiopeia.fi\/hotel-k5-levi\/#website"},"primaryImageOfPage":{"@id":"https:\/\/www.kassiopeia.fi\/hotel-k5-levi\/en\/restaurant-katka\/christmas-lunch\/#primaryimage"},"image":{"@id":"https:\/\/www.kassiopeia.fi\/hotel-k5-levi\/en\/restaurant-katka\/christmas-lunch\/#primaryimage"},"thumbnailUrl":"https:\/\/www.kassiopeia.fi\/hotel-k5-levi\/wp-content\/uploads\/sites\/4\/2024\/11\/iStock-1060838790-2000x1333-1-1.jpg","datePublished":"2024-11-13T07:18:39+00:00","dateModified":"2025-12-29T07:49:49+00:00","description":"Restaurant K\u00e4tk\u00e4's delicious Christmas lunch in Levi will be served on December 19th and 20th. You are warmly welcome!","breadcrumb":{"@id":"https:\/\/www.kassiopeia.fi\/hotel-k5-levi\/en\/restaurant-katka\/christmas-lunch\/#breadcrumb"},"inLanguage":"en-US","potentialAction":[{"@type":"ReadAction","target":["https:\/\/www.kassiopeia.fi\/hotel-k5-levi\/en\/restaurant-katka\/christmas-lunch\/"]}]},{"@type":"ImageObject","inLanguage":"en-US","@id":"https:\/\/www.kassiopeia.fi\/hotel-k5-levi\/en\/restaurant-katka\/christmas-lunch\/#primaryimage","url":"https:\/\/www.kassiopeia.fi\/hotel-k5-levi\/wp-content\/uploads\/sites\/4\/2024\/11\/iStock-1060838790-2000x1333-1-1.jpg","contentUrl":"https:\/\/www.kassiopeia.fi\/hotel-k5-levi\/wp-content\/uploads\/sites\/4\/2024\/11\/iStock-1060838790-2000x1333-1-1.jpg","width":2000,"height":1333},{"@type":"BreadcrumbList","@id":"https:\/\/www.kassiopeia.fi\/hotel-k5-levi\/en\/restaurant-katka\/christmas-lunch\/#breadcrumb","itemListElement":[{"@type":"ListItem","position":1,"name":"Home","item":"https:\/\/www.kassiopeia.fi\/hotel-k5-levi\/"},{"@type":"ListItem","position":2,"name":"Restaurant K\u00e4tk\u00e4","item":"https:\/\/www.kassiopeia.fi\/hotel-k5-levi\/en\/restaurant-katka\/"},{"@type":"ListItem","position":3,"name":"Christmas Lunch"}]},{"@type":"WebSite","@id":"https:\/\/www.kassiopeia.fi\/hotel-k5-levi\/#website","url":"https:\/\/www.kassiopeia.fi\/hotel-k5-levi\/","name":"Hotel K5 Levi","description":"","potentialAction":[{"@type":"SearchAction","target":{"@type":"EntryPoint","urlTemplate":"https:\/\/www.kassiopeia.fi\/hotel-k5-levi\/?s={search_term_string}"},"query-input":{"@type":"PropertyValueSpecification","valueRequired":true,"valueName":"search_term_string"}}],"inLanguage":"en-US"}]}},"lang":"en","translations":{"en":1451,"fi":1028},"pll_sync_post":[],"_links":{"self":[{"href":"https:\/\/www.kassiopeia.fi\/hotel-k5-levi\/wp-json\/wp\/v2\/pages\/1451","targetHints":{"allow":["GET"]}}],"collection":[{"href":"https:\/\/www.kassiopeia.fi\/hotel-k5-levi\/wp-json\/wp\/v2\/pages"}],"about":[{"href":"https:\/\/www.kassiopeia.fi\/hotel-k5-levi\/wp-json\/wp\/v2\/types\/page"}],"author":[{"embeddable":true,"href":"https:\/\/www.kassiopeia.fi\/hotel-k5-levi\/wp-json\/wp\/v2\/users\/8"}],"replies":[{"embeddable":true,"href":"https:\/\/www.kassiopeia.fi\/hotel-k5-levi\/wp-json\/wp\/v2\/comments?post=1451"}],"version-history":[{"count":4,"href":"https:\/\/www.kassiopeia.fi\/hotel-k5-levi\/wp-json\/wp\/v2\/pages\/1451\/revisions"}],"predecessor-version":[{"id":3069,"href":"https:\/\/www.kassiopeia.fi\/hotel-k5-levi\/wp-json\/wp\/v2\/pages\/1451\/revisions\/3069"}],"up":[{"embeddable":true,"href":"https:\/\/www.kassiopeia.fi\/hotel-k5-levi\/wp-json\/wp\/v2\/pages\/1418"}],"wp:attachment":[{"href":"https:\/\/www.kassiopeia.fi\/hotel-k5-levi\/wp-json\/wp\/v2\/media?parent=1451"}],"curies":[{"name":"wp","href":"https:\/\/api.w.org\/{rel}","templated":true}]}}