{"id":1055,"date":"2024-11-01T11:00:18","date_gmt":"2024-11-01T11:00:18","guid":{"rendered":"https:\/\/www.kassiopeia.fi\/hotel-k5-levi\/?page_id=1055"},"modified":"2025-07-29T11:58:01","modified_gmt":"2025-07-29T11:58:01","slug":"taksi","status":"publish","type":"page","link":"https:\/\/www.kassiopeia.fi\/hotel-k5-levi\/hotelli-info\/taksi\/","title":{"rendered":"Hotelli-info Taksi"},"content":{"rendered":"\n<div class=\"wp-block-cover alignfull is-light cover-hero wp-duotone-unset-1\" style=\"margin-top:0px;margin-bottom:0px;padding-top:0px;padding-right:0px;padding-bottom:0px;padding-left:0px;min-height:30vw;aspect-ratio:unset;\"><img loading=\"lazy\" decoding=\"async\" width=\"2000\" height=\"1500\" class=\"wp-block-cover__image-background wp-image-28\" alt=\"\" src=\"https:\/\/www.kassiopeia.fi\/hotel-k5-levi\/wp-content\/uploads\/sites\/4\/2024\/10\/Hotel-K5-Levi_hero.jpg\" style=\"object-position:50% 65%\" data-object-fit=\"cover\" data-object-position=\"50% 65%\" srcset=\"https:\/\/www.kassiopeia.fi\/hotel-k5-levi\/wp-content\/uploads\/sites\/4\/2024\/10\/Hotel-K5-Levi_hero.jpg 2000w, https:\/\/www.kassiopeia.fi\/hotel-k5-levi\/wp-content\/uploads\/sites\/4\/2024\/10\/Hotel-K5-Levi_hero-300x225.jpg 300w, https:\/\/www.kassiopeia.fi\/hotel-k5-levi\/wp-content\/uploads\/sites\/4\/2024\/10\/Hotel-K5-Levi_hero-1024x768.jpg 1024w, https:\/\/www.kassiopeia.fi\/hotel-k5-levi\/wp-content\/uploads\/sites\/4\/2024\/10\/Hotel-K5-Levi_hero-768x576.jpg 768w, https:\/\/www.kassiopeia.fi\/hotel-k5-levi\/wp-content\/uploads\/sites\/4\/2024\/10\/Hotel-K5-Levi_hero-1536x1152.jpg 1536w\" sizes=\"auto, (max-width: 2000px) 100vw, 2000px\" \/><span aria-hidden=\"true\" class=\"wp-block-cover__background has-black-background-color has-background-dim-0 has-background-dim\"><\/span><div class=\"wp-block-cover__inner-container is-layout-flow wp-container-core-cover-is-layout-6e17fc20 wp-block-cover-is-layout-flow\">\n<h1 class=\"wp-block-heading has-text-align-center\" id=\"h-\" style=\"font-size:70px\"><\/h1>\n\n\n\n<p><\/p>\n<\/div><\/div>\n\n\n\n<div class=\"wp-block-group alignfull has-k-5-levi-9-background-color has-background is-layout-constrained wp-container-core-group-is-layout-35abefa8 wp-block-group-is-layout-constrained\" style=\"margin-top:0;margin-bottom:0;padding-top:var(--wp--preset--spacing--40);padding-right:var(--wp--preset--spacing--40);padding-bottom:0;padding-left:var(--wp--preset--spacing--40)\">\n<p class=\"link-blank has-text-color has-link-color has-small-font-size wp-elements-e0eadaff2ccfa8c12085415b4014a44d\" style=\"color:#929292\"><a href=\"https:\/\/www.kassiopeia.fi\/hotel-k5-levi\/hotelli-info\/\">Hotelli-info<\/a> \/ Taksi<\/p>\n<\/div>\n\n\n\n<div class=\"wp-block-group alignfull has-k-5-levi-9-background-color has-background is-layout-constrained wp-container-core-group-is-layout-0c9c989a wp-block-group-is-layout-constrained\" style=\"margin-top:0;margin-bottom:0;padding-top:var(--wp--preset--spacing--70);padding-right:var(--wp--preset--spacing--40);padding-bottom:var(--wp--preset--spacing--70);padding-left:var(--wp--preset--spacing--40)\">\n<h2 class=\"wp-block-heading has-blue-color has-text-color has-link-color wp-elements-2fc5f01a7687384c02ea0c19ff29c715\" id=\"h-taksi\">Taksi<\/h2>\n\n\n\n<div class=\"wp-block-media-text alignwide has-media-on-the-right is-stacked-on-mobile is-vertically-aligned-center is-image-fill-element\" style=\"margin-top:var(--wp--preset--spacing--60);margin-bottom:var(--wp--preset--spacing--60)\"><div class=\"wp-block-media-text__content\">\n<div style=\"height:22px\" aria-hidden=\"true\" class=\"wp-block-spacer\"><\/div>\n\n\n\n<p>Levill\u00e4 toimii useita taksiyrityksi\u00e4. Vastaanottomme auttaa teit\u00e4 mielell\u00e4\u00e4n taksin tilaamisessa ja voimme tehd\u00e4 my\u00f6s ennakkotilauksia.<\/p>\n\n\n\n<p><a href=\"https:\/\/www.levintaksi.com\/\" target=\"_blank\" rel=\"noreferrer noopener\">Levi-Kittil\u00e4n Taksit<\/a><br>Puhelin:&nbsp;<a href=\"tel:+35820099800\">0200 99800<\/a><\/p>\n\n\n\n<p><a href=\"https:\/\/taxijessica.fi\/taksipalvelut-kittila-levi\/\" target=\"_blank\" rel=\"noreferrer noopener\">Taxi Jessica<\/a><br>Puhelin:&nbsp;<a href=\"tel:0400 610113\">0400 610113<\/a><br>Tai lataa yrityksen oma \u00e4ppi.<\/p>\n\n\n\n<p><a href=\"https:\/\/www.lahitaksilevi.fi\/\" target=\"_blank\" rel=\"noreferrer noopener\">L\u00e4hitaksi<\/a><br>Puhelin:&nbsp;<a href=\"tel:01007300\">0100 7300<\/a><\/p>\n\n\n\n<p><a href=\"https:\/\/vipone.fi\/\" target=\"_blank\" rel=\"noreferrer noopener\">Limusiini<\/a><br>Puhelin:&nbsp;<a href=\"tel:+358405111066\">+358 40 5111 066<\/a><\/p>\n\n\n\n<div style=\"height:40px\" aria-hidden=\"true\" class=\"wp-block-spacer\"><\/div>\n<\/div><figure class=\"wp-block-media-text__media\"><img loading=\"lazy\" decoding=\"async\" width=\"1024\" height=\"576\" src=\"https:\/\/www.kassiopeia.fi\/hotel-k5-levi\/wp-content\/uploads\/sites\/4\/2024\/11\/teema_taksi-1024x576.jpg\" alt=\"\" class=\"wp-image-1062 size-full\" style=\"object-position:50% 50%\" srcset=\"https:\/\/www.kassiopeia.fi\/hotel-k5-levi\/wp-content\/uploads\/sites\/4\/2024\/11\/teema_taksi-1024x576.jpg 1024w, https:\/\/www.kassiopeia.fi\/hotel-k5-levi\/wp-content\/uploads\/sites\/4\/2024\/11\/teema_taksi-300x169.jpg 300w, https:\/\/www.kassiopeia.fi\/hotel-k5-levi\/wp-content\/uploads\/sites\/4\/2024\/11\/teema_taksi-768x432.jpg 768w, https:\/\/www.kassiopeia.fi\/hotel-k5-levi\/wp-content\/uploads\/sites\/4\/2024\/11\/teema_taksi-1536x864.jpg 1536w, https:\/\/www.kassiopeia.fi\/hotel-k5-levi\/wp-content\/uploads\/sites\/4\/2024\/11\/teema_taksi.jpg 2000w\" sizes=\"auto, (max-width: 1024px) 100vw, 1024px\" \/><\/figure><\/div>\n<\/div>\n","protected":false},"excerpt":{"rendered":"<p>Hotelli-info \/ Taksi Taksi Levill\u00e4 toimii useita taksiyrityksi\u00e4. Vastaanottomme auttaa teit\u00e4 mielell\u00e4\u00e4n taksin tilaamisessa ja voimme tehd\u00e4 my\u00f6s ennakkotilauksia. Levi-Kittil\u00e4n TaksitPuhelin:&nbsp;0200 99800 Taxi JessicaPuhelin:&nbsp;0400 610113Tai lataa yrityksen oma \u00e4ppi. L\u00e4hitaksiPuhelin:&nbsp;0100 7300 LimusiiniPuhelin:&nbsp;+358 40 5111 066<\/p>\n","protected":false},"author":7,"featured_media":0,"parent":884,"menu_order":0,"comment_status":"closed","ping_status":"closed","template":"blank","meta":{"_acf_changed":false,"footnotes":""},"class_list":["post-1055","page","type-page","status-publish","hentry"],"acf":[],"yoast_head":"<!-- This site is optimized with the Yoast SEO Premium plugin v27.2 (Yoast SEO v27.2) - https:\/\/yoast.com\/product\/yoast-seo-premium-wordpress\/ -->\n<title>Hotelli-info Taksi - Hotel K5 Levi<\/title>\n<meta name=\"robots\" content=\"index, follow, max-snippet:-1, max-image-preview:large, max-video-preview:-1\" \/>\n<link rel=\"canonical\" href=\"https:\/\/www.kassiopeia.fi\/hotel-k5-levi\/hotelli-info\/taksi\/\" \/>\n<meta property=\"og:locale\" content=\"en_US\" \/>\n<meta property=\"og:type\" content=\"article\" \/>\n<meta property=\"og:title\" content=\"Hotelli-info Taksi\" \/>\n<meta property=\"og:description\" content=\"Hotelli-info \/ Taksi Taksi Levill\u00e4 toimii useita taksiyrityksi\u00e4. Vastaanottomme auttaa teit\u00e4 mielell\u00e4\u00e4n taksin tilaamisessa ja voimme tehd\u00e4 my\u00f6s ennakkotilauksia. Levi-Kittil\u00e4n TaksitPuhelin:&nbsp;0200 99800 Taxi JessicaPuhelin:&nbsp;0400 610113Tai lataa yrityksen oma \u00e4ppi. L\u00e4hitaksiPuhelin:&nbsp;0100 7300 LimusiiniPuhelin:&nbsp;+358 40 5111 066\" \/>\n<meta property=\"og:url\" content=\"https:\/\/www.kassiopeia.fi\/hotel-k5-levi\/hotelli-info\/taksi\/\" \/>\n<meta property=\"og:site_name\" content=\"Hotel K5 Levi\" \/>\n<meta property=\"article:modified_time\" content=\"2025-07-29T11:58:01+00:00\" \/>\n<meta property=\"og:image\" content=\"https:\/\/www.kassiopeia.fi\/hotel-k5-levi\/wp-content\/uploads\/sites\/4\/2024\/10\/Hotel-K5-Levi_hero.jpg\" \/>\n\t<meta property=\"og:image:width\" content=\"2000\" \/>\n\t<meta property=\"og:image:height\" content=\"1500\" \/>\n\t<meta property=\"og:image:type\" content=\"image\/jpeg\" \/>\n<meta name=\"twitter:card\" content=\"summary_large_image\" \/>\n<meta name=\"twitter:label1\" content=\"Est. reading time\" \/>\n\t<meta name=\"twitter:data1\" content=\"1 minute\" \/>\n<script type=\"application\/ld+json\" class=\"yoast-schema-graph\">{\"@context\":\"https:\/\/schema.org\",\"@graph\":[{\"@type\":\"WebPage\",\"@id\":\"https:\/\/www.kassiopeia.fi\/hotel-k5-levi\/hotelli-info\/taksi\/\",\"url\":\"https:\/\/www.kassiopeia.fi\/hotel-k5-levi\/hotelli-info\/taksi\/\",\"name\":\"Hotelli-info Taksi - Hotel K5 Levi\",\"isPartOf\":{\"@id\":\"https:\/\/www.kassiopeia.fi\/hotel-k5-levi\/#website\"},\"primaryImageOfPage\":{\"@id\":\"https:\/\/www.kassiopeia.fi\/hotel-k5-levi\/hotelli-info\/taksi\/#primaryimage\"},\"image\":{\"@id\":\"https:\/\/www.kassiopeia.fi\/hotel-k5-levi\/hotelli-info\/taksi\/#primaryimage\"},\"thumbnailUrl\":\"https:\/\/www.kassiopeia.fi\/hotel-k5-levi\/wp-content\/uploads\/sites\/4\/2024\/10\/Hotel-K5-Levi_hero.jpg\",\"datePublished\":\"2024-11-01T11:00:18+00:00\",\"dateModified\":\"2025-07-29T11:58:01+00:00\",\"breadcrumb\":{\"@id\":\"https:\/\/www.kassiopeia.fi\/hotel-k5-levi\/hotelli-info\/taksi\/#breadcrumb\"},\"inLanguage\":\"en-US\",\"potentialAction\":[{\"@type\":\"ReadAction\",\"target\":[\"https:\/\/www.kassiopeia.fi\/hotel-k5-levi\/hotelli-info\/taksi\/\"]}]},{\"@type\":\"ImageObject\",\"inLanguage\":\"en-US\",\"@id\":\"https:\/\/www.kassiopeia.fi\/hotel-k5-levi\/hotelli-info\/taksi\/#primaryimage\",\"url\":\"https:\/\/www.kassiopeia.fi\/hotel-k5-levi\/wp-content\/uploads\/sites\/4\/2024\/10\/Hotel-K5-Levi_hero.jpg\",\"contentUrl\":\"https:\/\/www.kassiopeia.fi\/hotel-k5-levi\/wp-content\/uploads\/sites\/4\/2024\/10\/Hotel-K5-Levi_hero.jpg\",\"width\":2000,\"height\":1500,\"caption\":\"Hotel K5 Levi ulkoa talvella.\"},{\"@type\":\"BreadcrumbList\",\"@id\":\"https:\/\/www.kassiopeia.fi\/hotel-k5-levi\/hotelli-info\/taksi\/#breadcrumb\",\"itemListElement\":[{\"@type\":\"ListItem\",\"position\":1,\"name\":\"Home\",\"item\":\"https:\/\/www.kassiopeia.fi\/hotel-k5-levi\/\"},{\"@type\":\"ListItem\",\"position\":2,\"name\":\"Hotelli-info\",\"item\":\"https:\/\/www.kassiopeia.fi\/hotel-k5-levi\/hotelli-info\/\"},{\"@type\":\"ListItem\",\"position\":3,\"name\":\"Hotelli-info Taksi\"}]},{\"@type\":\"WebSite\",\"@id\":\"https:\/\/www.kassiopeia.fi\/hotel-k5-levi\/#website\",\"url\":\"https:\/\/www.kassiopeia.fi\/hotel-k5-levi\/\",\"name\":\"Hotel K5 Levi\",\"description\":\"\",\"potentialAction\":[{\"@type\":\"SearchAction\",\"target\":{\"@type\":\"EntryPoint\",\"urlTemplate\":\"https:\/\/www.kassiopeia.fi\/hotel-k5-levi\/?s={search_term_string}\"},\"query-input\":{\"@type\":\"PropertyValueSpecification\",\"valueRequired\":true,\"valueName\":\"search_term_string\"}}],\"inLanguage\":\"en-US\"}]}<\/script>\n<!-- \/ Yoast SEO Premium plugin. -->","yoast_head_json":{"title":"Hotelli-info Taksi - Hotel K5 Levi","robots":{"index":"index","follow":"follow","max-snippet":"max-snippet:-1","max-image-preview":"max-image-preview:large","max-video-preview":"max-video-preview:-1"},"canonical":"https:\/\/www.kassiopeia.fi\/hotel-k5-levi\/hotelli-info\/taksi\/","og_locale":"en_US","og_type":"article","og_title":"Hotelli-info Taksi","og_description":"Hotelli-info \/ Taksi Taksi Levill\u00e4 toimii useita taksiyrityksi\u00e4. Vastaanottomme auttaa teit\u00e4 mielell\u00e4\u00e4n taksin tilaamisessa ja voimme tehd\u00e4 my\u00f6s ennakkotilauksia. Levi-Kittil\u00e4n TaksitPuhelin:&nbsp;0200 99800 Taxi JessicaPuhelin:&nbsp;0400 610113Tai lataa yrityksen oma \u00e4ppi. L\u00e4hitaksiPuhelin:&nbsp;0100 7300 LimusiiniPuhelin:&nbsp;+358 40 5111 066","og_url":"https:\/\/www.kassiopeia.fi\/hotel-k5-levi\/hotelli-info\/taksi\/","og_site_name":"Hotel K5 Levi","article_modified_time":"2025-07-29T11:58:01+00:00","og_image":[{"width":2000,"height":1500,"url":"https:\/\/www.kassiopeia.fi\/hotel-k5-levi\/wp-content\/uploads\/sites\/4\/2024\/10\/Hotel-K5-Levi_hero.jpg","type":"image\/jpeg"}],"twitter_card":"summary_large_image","twitter_misc":{"Est. reading time":"1 minute"},"schema":{"@context":"https:\/\/schema.org","@graph":[{"@type":"WebPage","@id":"https:\/\/www.kassiopeia.fi\/hotel-k5-levi\/hotelli-info\/taksi\/","url":"https:\/\/www.kassiopeia.fi\/hotel-k5-levi\/hotelli-info\/taksi\/","name":"Hotelli-info Taksi - Hotel K5 Levi","isPartOf":{"@id":"https:\/\/www.kassiopeia.fi\/hotel-k5-levi\/#website"},"primaryImageOfPage":{"@id":"https:\/\/www.kassiopeia.fi\/hotel-k5-levi\/hotelli-info\/taksi\/#primaryimage"},"image":{"@id":"https:\/\/www.kassiopeia.fi\/hotel-k5-levi\/hotelli-info\/taksi\/#primaryimage"},"thumbnailUrl":"https:\/\/www.kassiopeia.fi\/hotel-k5-levi\/wp-content\/uploads\/sites\/4\/2024\/10\/Hotel-K5-Levi_hero.jpg","datePublished":"2024-11-01T11:00:18+00:00","dateModified":"2025-07-29T11:58:01+00:00","breadcrumb":{"@id":"https:\/\/www.kassiopeia.fi\/hotel-k5-levi\/hotelli-info\/taksi\/#breadcrumb"},"inLanguage":"en-US","potentialAction":[{"@type":"ReadAction","target":["https:\/\/www.kassiopeia.fi\/hotel-k5-levi\/hotelli-info\/taksi\/"]}]},{"@type":"ImageObject","inLanguage":"en-US","@id":"https:\/\/www.kassiopeia.fi\/hotel-k5-levi\/hotelli-info\/taksi\/#primaryimage","url":"https:\/\/www.kassiopeia.fi\/hotel-k5-levi\/wp-content\/uploads\/sites\/4\/2024\/10\/Hotel-K5-Levi_hero.jpg","contentUrl":"https:\/\/www.kassiopeia.fi\/hotel-k5-levi\/wp-content\/uploads\/sites\/4\/2024\/10\/Hotel-K5-Levi_hero.jpg","width":2000,"height":1500,"caption":"Hotel K5 Levi ulkoa talvella."},{"@type":"BreadcrumbList","@id":"https:\/\/www.kassiopeia.fi\/hotel-k5-levi\/hotelli-info\/taksi\/#breadcrumb","itemListElement":[{"@type":"ListItem","position":1,"name":"Home","item":"https:\/\/www.kassiopeia.fi\/hotel-k5-levi\/"},{"@type":"ListItem","position":2,"name":"Hotelli-info","item":"https:\/\/www.kassiopeia.fi\/hotel-k5-levi\/hotelli-info\/"},{"@type":"ListItem","position":3,"name":"Hotelli-info Taksi"}]},{"@type":"WebSite","@id":"https:\/\/www.kassiopeia.fi\/hotel-k5-levi\/#website","url":"https:\/\/www.kassiopeia.fi\/hotel-k5-levi\/","name":"Hotel K5 Levi","description":"","potentialAction":[{"@type":"SearchAction","target":{"@type":"EntryPoint","urlTemplate":"https:\/\/www.kassiopeia.fi\/hotel-k5-levi\/?s={search_term_string}"},"query-input":{"@type":"PropertyValueSpecification","valueRequired":true,"valueName":"search_term_string"}}],"inLanguage":"en-US"}]}},"lang":"fi","translations":{"fi":1055},"pll_sync_post":[],"_links":{"self":[{"href":"https:\/\/www.kassiopeia.fi\/hotel-k5-levi\/wp-json\/wp\/v2\/pages\/1055","targetHints":{"allow":["GET"]}}],"collection":[{"href":"https:\/\/www.kassiopeia.fi\/hotel-k5-levi\/wp-json\/wp\/v2\/pages"}],"about":[{"href":"https:\/\/www.kassiopeia.fi\/hotel-k5-levi\/wp-json\/wp\/v2\/types\/page"}],"author":[{"embeddable":true,"href":"https:\/\/www.kassiopeia.fi\/hotel-k5-levi\/wp-json\/wp\/v2\/users\/7"}],"replies":[{"embeddable":true,"href":"https:\/\/www.kassiopeia.fi\/hotel-k5-levi\/wp-json\/wp\/v2\/comments?post=1055"}],"version-history":[{"count":7,"href":"https:\/\/www.kassiopeia.fi\/hotel-k5-levi\/wp-json\/wp\/v2\/pages\/1055\/revisions"}],"predecessor-version":[{"id":2579,"href":"https:\/\/www.kassiopeia.fi\/hotel-k5-levi\/wp-json\/wp\/v2\/pages\/1055\/revisions\/2579"}],"up":[{"embeddable":true,"href":"https:\/\/www.kassiopeia.fi\/hotel-k5-levi\/wp-json\/wp\/v2\/pages\/884"}],"wp:attachment":[{"href":"https:\/\/www.kassiopeia.fi\/hotel-k5-levi\/wp-json\/wp\/v2\/media?parent=1055"}],"curies":[{"name":"wp","href":"https:\/\/api.w.org\/{rel}","templated":true}]}}