{"id":1041,"date":"2024-11-01T10:53:19","date_gmt":"2024-11-01T10:53:19","guid":{"rendered":"https:\/\/www.kassiopeia.fi\/hotel-k5-levi\/?page_id=1041"},"modified":"2025-07-29T11:58:24","modified_gmt":"2025-07-29T11:58:24","slug":"wellness","status":"publish","type":"page","link":"https:\/\/www.kassiopeia.fi\/hotel-k5-levi\/hotelli-info\/wellness\/","title":{"rendered":"Hotelli-info Wellness"},"content":{"rendered":"\n<div class=\"wp-block-cover alignfull is-light cover-hero wp-duotone-unset-1\" style=\"margin-top:0px;margin-bottom:0px;padding-top:0px;padding-right:0px;padding-bottom:0px;padding-left:0px;min-height:30vw;aspect-ratio:unset;\"><span aria-hidden=\"true\" class=\"wp-block-cover__background has-black-background-color has-background-dim-0 has-background-dim\"><\/span><img loading=\"lazy\" decoding=\"async\" width=\"2000\" height=\"1500\" class=\"wp-block-cover__image-background wp-image-28\" alt=\"\" src=\"https:\/\/www.kassiopeia.fi\/hotel-k5-levi\/wp-content\/uploads\/sites\/4\/2024\/10\/Hotel-K5-Levi_hero.jpg\" style=\"object-position:50% 65%\" data-object-fit=\"cover\" data-object-position=\"50% 65%\" srcset=\"https:\/\/www.kassiopeia.fi\/hotel-k5-levi\/wp-content\/uploads\/sites\/4\/2024\/10\/Hotel-K5-Levi_hero.jpg 2000w, https:\/\/www.kassiopeia.fi\/hotel-k5-levi\/wp-content\/uploads\/sites\/4\/2024\/10\/Hotel-K5-Levi_hero-300x225.jpg 300w, https:\/\/www.kassiopeia.fi\/hotel-k5-levi\/wp-content\/uploads\/sites\/4\/2024\/10\/Hotel-K5-Levi_hero-1024x768.jpg 1024w, https:\/\/www.kassiopeia.fi\/hotel-k5-levi\/wp-content\/uploads\/sites\/4\/2024\/10\/Hotel-K5-Levi_hero-768x576.jpg 768w, https:\/\/www.kassiopeia.fi\/hotel-k5-levi\/wp-content\/uploads\/sites\/4\/2024\/10\/Hotel-K5-Levi_hero-1536x1152.jpg 1536w\" sizes=\"auto, (max-width: 2000px) 100vw, 2000px\" \/><div class=\"wp-block-cover__inner-container is-layout-flow wp-container-core-cover-is-layout-6e17fc20 wp-block-cover-is-layout-flow\">\n<h1 class=\"wp-block-heading has-text-align-center\" id=\"h-\" style=\"font-size:70px\"><\/h1>\n\n\n\n<p><\/p>\n<\/div><\/div>\n\n\n\n<div class=\"wp-block-group alignfull has-k-5-levi-9-background-color has-background is-layout-constrained wp-container-core-group-is-layout-35abefa8 wp-block-group-is-layout-constrained\" style=\"margin-top:0;margin-bottom:0;padding-top:var(--wp--preset--spacing--40);padding-right:var(--wp--preset--spacing--40);padding-bottom:0;padding-left:var(--wp--preset--spacing--40)\">\n<p class=\"link-blank has-text-color has-link-color has-small-font-size wp-elements-dd3f009f29b9772cfc643c38690cecd0\" style=\"color:#929292\"><a href=\"https:\/\/www.kassiopeia.fi\/hotel-k5-levi\/hotelli-info\/\">Hotelli-info<\/a> \/ Wellness<\/p>\n<\/div>\n\n\n\n<div class=\"wp-block-group alignfull has-k-5-levi-9-background-color has-background is-layout-constrained wp-container-core-group-is-layout-0c9c989a wp-block-group-is-layout-constrained\" style=\"margin-top:0;margin-bottom:0;padding-top:var(--wp--preset--spacing--70);padding-right:var(--wp--preset--spacing--40);padding-bottom:var(--wp--preset--spacing--70);padding-left:var(--wp--preset--spacing--40)\">\n<h2 class=\"wp-block-heading has-blue-color has-text-color has-link-color wp-elements-1648adb1fa9ad85b4964f0502c8f4aed\" id=\"h-wellness\">Wellness<\/h2>\n\n\n\n<div class=\"wp-block-media-text alignwide has-media-on-the-right is-stacked-on-mobile is-vertically-aligned-center is-image-fill\" style=\"margin-top:var(--wp--preset--spacing--60);margin-bottom:var(--wp--preset--spacing--60)\"><div class=\"wp-block-media-text__content\">\n<div style=\"height:22px\" aria-hidden=\"true\" class=\"wp-block-spacer\"><\/div>\n\n\n\n<p>Hotellillamme ei ole omia hyvinvointipalveluja mutta Levin keskusta l\u00f6ytyy t\u00e4h\u00e4n tarkoitukseen useita hyvi\u00e4 vaihtoehtoja.<\/p>\n\n\n\n<h3 class=\"wp-block-heading\" id=\"h-rela-hierojat\"><a href=\"https:\/\/www.relahierojat.fi\/vastaanotot\/hieronta-levi\/\" target=\"_blank\" rel=\"noreferrer noopener\">Rela-hierojat<\/a><\/h3>\n\n\n\n<p><strong>Osoite:<\/strong>&nbsp;Myllyjoentie 2, 99130 Levi<br><strong>Puhelin:<\/strong>&nbsp;<a href=\"tel:0600 13811\">0600 13811<\/a>&nbsp;(valtakunnallinen maksullinen numero)<br>Varaukset&nbsp;<a href=\"https:\/\/www.relahierojat.fi\/vastaanotot\/hieronta-levi\/#ajas-ajanvaraus\" target=\"_blank\" rel=\"noreferrer noopener\">verkkosivuilta<\/a>. Hotellimme asiakkaille hieronnat tarjoushinnoin kun n\u00e4yt\u00e4t huoneavainta hierojalle paikan p\u00e4\u00e4ll\u00e4.<\/p>\n\n\n\n<p><strong>25 min hieronta 25\u20ac<\/strong>&nbsp;(norm. alk. 33\u20ac)<br><strong>50 min hieronta 49\u20ac<\/strong>&nbsp;(norm. alk. 65\u20ac)<br><strong>75 min hieronta 70\u20ac<\/strong>&nbsp;(norm. alk. 98\u20ac)<br><strong>Kuumakivihieronta 40 min 49\u20ac<\/strong>&nbsp;(norm. alk. 65\u20ac)<\/p>\n\n\n\n<h3 class=\"wp-block-heading\" id=\"h-day-spa-studio-feel-it\"><a href=\"https:\/\/www.studiofeelit.fi\/\" target=\"_blank\" rel=\"noreferrer noopener\">Day Spa Studio Feel It<\/a><\/h3>\n\n\n\n<p>Osoite: Levintie 1590 (kylpyl\u00e4n ja Burger Kingin rakennus), 99130 Levi<br>S\u00e4hk\u00f6posti: levi@studiofeelit.fi<br>Puhelin:&nbsp;<a href=\"tel:0404110095\">0404110095<\/a><\/p>\n\n\n\n<p>Wellnesshoidot, jalka- ja k\u00e4sihoidot, kasvohoidot, hieroja, Lappihoidot, hiukset, kynnet ja ripset, sokerointi, meikkaus<\/p>\n\n\n\n<p>Varaukset&nbsp;<a href=\"https:\/\/www.studiofeelit.fi\/hinnasto\/levi\/\" target=\"_blank\" rel=\"noreferrer noopener\">verkkosivuilta<\/a>.<\/p>\n\n\n\n<div style=\"height:40px\" aria-hidden=\"true\" class=\"wp-block-spacer\"><\/div>\n<\/div><figure class=\"wp-block-media-text__media\" style=\"background-image:url(https:\/\/www.kassiopeia.fi\/hotel-k5-levi\/wp-content\/uploads\/sites\/4\/2024\/11\/wellness-jooga-teemakuva-1024x576.jpg);background-position:39% 49%\"><img loading=\"lazy\" decoding=\"async\" width=\"1024\" height=\"576\" src=\"https:\/\/www.kassiopeia.fi\/hotel-k5-levi\/wp-content\/uploads\/sites\/4\/2024\/11\/wellness-jooga-teemakuva-1024x576.jpg\" alt=\"\" class=\"wp-image-1044 size-full\" srcset=\"https:\/\/www.kassiopeia.fi\/hotel-k5-levi\/wp-content\/uploads\/sites\/4\/2024\/11\/wellness-jooga-teemakuva-1024x576.jpg 1024w, https:\/\/www.kassiopeia.fi\/hotel-k5-levi\/wp-content\/uploads\/sites\/4\/2024\/11\/wellness-jooga-teemakuva-300x169.jpg 300w, https:\/\/www.kassiopeia.fi\/hotel-k5-levi\/wp-content\/uploads\/sites\/4\/2024\/11\/wellness-jooga-teemakuva-768x432.jpg 768w, https:\/\/www.kassiopeia.fi\/hotel-k5-levi\/wp-content\/uploads\/sites\/4\/2024\/11\/wellness-jooga-teemakuva-1536x864.jpg 1536w, https:\/\/www.kassiopeia.fi\/hotel-k5-levi\/wp-content\/uploads\/sites\/4\/2024\/11\/wellness-jooga-teemakuva.jpg 2000w\" sizes=\"auto, (max-width: 1024px) 100vw, 1024px\" \/><\/figure><\/div>\n\n\n\n<div class=\"wp-block-media-text alignwide is-stacked-on-mobile is-vertically-aligned-center is-image-fill\" style=\"margin-top:var(--wp--preset--spacing--60);margin-bottom:var(--wp--preset--spacing--60)\"><figure class=\"wp-block-media-text__media\" style=\"background-image:url(https:\/\/www.kassiopeia.fi\/hotel-k5-levi\/wp-content\/uploads\/sites\/4\/2024\/11\/hieronta-683x1024.jpg);background-position:50% 50%\"><img loading=\"lazy\" decoding=\"async\" width=\"683\" height=\"1024\" src=\"https:\/\/www.kassiopeia.fi\/hotel-k5-levi\/wp-content\/uploads\/sites\/4\/2024\/11\/hieronta-683x1024.jpg\" alt=\"\" class=\"wp-image-1045 size-full\" srcset=\"https:\/\/www.kassiopeia.fi\/hotel-k5-levi\/wp-content\/uploads\/sites\/4\/2024\/11\/hieronta-683x1024.jpg 683w, https:\/\/www.kassiopeia.fi\/hotel-k5-levi\/wp-content\/uploads\/sites\/4\/2024\/11\/hieronta-200x300.jpg 200w, https:\/\/www.kassiopeia.fi\/hotel-k5-levi\/wp-content\/uploads\/sites\/4\/2024\/11\/hieronta-768x1152.jpg 768w, https:\/\/www.kassiopeia.fi\/hotel-k5-levi\/wp-content\/uploads\/sites\/4\/2024\/11\/hieronta-1024x1536.jpg 1024w, https:\/\/www.kassiopeia.fi\/hotel-k5-levi\/wp-content\/uploads\/sites\/4\/2024\/11\/hieronta-1366x2048.jpg 1366w, https:\/\/www.kassiopeia.fi\/hotel-k5-levi\/wp-content\/uploads\/sites\/4\/2024\/11\/hieronta.jpg 1707w\" sizes=\"auto, (max-width: 683px) 100vw, 683px\" \/><\/figure><div class=\"wp-block-media-text__content\">\n<div style=\"height:22px\" aria-hidden=\"true\" class=\"wp-block-spacer\"><\/div>\n\n\n\n<h3 class=\"wp-block-heading\" id=\"h-relax-center\">Relax Center<\/h3>\n\n\n\n<p><strong>Relax Center Lapland Sensation Spa<\/strong><\/p>\n\n\n\n<p>Hotelli Hullu Porossa sijaitsee Lappi -teemainen toimipiste, jossa palvelevat my\u00f6s koulutetut hierojat, kosmetologit sek\u00e4 Personal Trainer.<\/p>\n\n\n\n<p><strong>Osoite:<\/strong>&nbsp;Rakkavaarantie 3, 99130 Levi.<br><strong>S\u00e4hk\u00f6posti:<\/strong>&nbsp;levi@relaxcenter.fi<br><strong>Puhelin:<\/strong>&nbsp;<a href=\"tel:016 6510 700\">016 6510 700<\/a><\/p>\n\n\n\n<h3 class=\"wp-block-heading\" id=\"h-relax-center-beauty-and-beyond-levi\">Relax Center Beauty and Beyond Levi<\/h3>\n\n\n\n<p>Levin keskustassa sijaitseva toimipiste on keskittynyt trendeihin ja tehokkaisiin kauneushoitoihin. Sielt\u00e4 l\u00f6yd\u00e4t kampaajat, kosmetologit, ripsi- ja kynsiteknikot sek\u00e4 vierailevat t\u00e4hdet esteettisten hoitojen ja pigmentointien maailmasta.<\/p>\n\n\n\n<p><strong>Osoite:<\/strong>&nbsp;Hiiht\u00e4j\u00e4nkuja 10, 99130 Levi.<br><strong>S\u00e4hk\u00f6posti:<\/strong>&nbsp;levi@relaxcenter.fi<br><strong>Puhelin:<\/strong>&nbsp;<a href=\"tel:016 6510 700\">016 6510 700<\/a><\/p>\n\n\n\n<div style=\"height:40px\" aria-hidden=\"true\" class=\"wp-block-spacer\"><\/div>\n<\/div><\/div>\n<\/div>\n","protected":false},"excerpt":{"rendered":"<p>Hotelli-info \/ Wellness Wellness Hotellillamme ei ole omia hyvinvointipalveluja mutta Levin keskusta l\u00f6ytyy t\u00e4h\u00e4n tarkoitukseen useita hyvi\u00e4 vaihtoehtoja. Rela-hierojat Osoite:&nbsp;Myllyjoentie 2, 99130 LeviPuhelin:&nbsp;0600 13811&nbsp;(valtakunnallinen maksullinen numero)Varaukset&nbsp;verkkosivuilta. Hotellimme asiakkaille hieronnat tarjoushinnoin kun n\u00e4yt\u00e4t huoneavainta hierojalle paikan p\u00e4\u00e4ll\u00e4. 25 min hieronta 25\u20ac&nbsp;(norm. alk. 33\u20ac)50 min hieronta 49\u20ac&nbsp;(norm. alk. 65\u20ac)75 min hieronta 70\u20ac&nbsp;(norm. alk. 98\u20ac)Kuumakivihieronta 40 min 49\u20ac&nbsp;(norm. [&hellip;]<\/p>\n","protected":false},"author":7,"featured_media":0,"parent":884,"menu_order":0,"comment_status":"closed","ping_status":"closed","template":"blank","meta":{"_acf_changed":false,"footnotes":""},"class_list":["post-1041","page","type-page","status-publish","hentry"],"acf":[],"yoast_head":"<!-- This site is optimized with the Yoast SEO Premium plugin v27.2 (Yoast SEO v27.2) - https:\/\/yoast.com\/product\/yoast-seo-premium-wordpress\/ -->\n<title>Hotelli-info Wellness - Hotel K5 Levi<\/title>\n<meta name=\"robots\" content=\"index, follow, max-snippet:-1, max-image-preview:large, max-video-preview:-1\" \/>\n<link rel=\"canonical\" href=\"https:\/\/www.kassiopeia.fi\/hotel-k5-levi\/hotelli-info\/wellness\/\" \/>\n<meta property=\"og:locale\" content=\"en_US\" \/>\n<meta property=\"og:type\" content=\"article\" \/>\n<meta property=\"og:title\" content=\"Hotelli-info Wellness\" \/>\n<meta property=\"og:description\" content=\"Hotelli-info \/ Wellness Wellness Hotellillamme ei ole omia hyvinvointipalveluja mutta Levin keskusta l\u00f6ytyy t\u00e4h\u00e4n tarkoitukseen useita hyvi\u00e4 vaihtoehtoja. Rela-hierojat Osoite:&nbsp;Myllyjoentie 2, 99130 LeviPuhelin:&nbsp;0600 13811&nbsp;(valtakunnallinen maksullinen numero)Varaukset&nbsp;verkkosivuilta. Hotellimme asiakkaille hieronnat tarjoushinnoin kun n\u00e4yt\u00e4t huoneavainta hierojalle paikan p\u00e4\u00e4ll\u00e4. 25 min hieronta 25\u20ac&nbsp;(norm. alk. 33\u20ac)50 min hieronta 49\u20ac&nbsp;(norm. alk. 65\u20ac)75 min hieronta 70\u20ac&nbsp;(norm. alk. 98\u20ac)Kuumakivihieronta 40 min 49\u20ac&nbsp;(norm. [&hellip;]\" \/>\n<meta property=\"og:url\" content=\"https:\/\/www.kassiopeia.fi\/hotel-k5-levi\/hotelli-info\/wellness\/\" \/>\n<meta property=\"og:site_name\" content=\"Hotel K5 Levi\" \/>\n<meta property=\"article:modified_time\" content=\"2025-07-29T11:58:24+00:00\" \/>\n<meta property=\"og:image\" content=\"https:\/\/www.kassiopeia.fi\/hotel-k5-levi\/wp-content\/uploads\/sites\/4\/2024\/10\/Hotel-K5-Levi_hero.jpg\" \/>\n\t<meta property=\"og:image:width\" content=\"2000\" \/>\n\t<meta property=\"og:image:height\" content=\"1500\" \/>\n\t<meta property=\"og:image:type\" content=\"image\/jpeg\" \/>\n<meta name=\"twitter:card\" content=\"summary_large_image\" \/>\n<meta name=\"twitter:label1\" content=\"Est. reading time\" \/>\n\t<meta name=\"twitter:data1\" content=\"2 minutes\" \/>\n<script type=\"application\/ld+json\" class=\"yoast-schema-graph\">{\"@context\":\"https:\/\/schema.org\",\"@graph\":[{\"@type\":\"WebPage\",\"@id\":\"https:\/\/www.kassiopeia.fi\/hotel-k5-levi\/hotelli-info\/wellness\/\",\"url\":\"https:\/\/www.kassiopeia.fi\/hotel-k5-levi\/hotelli-info\/wellness\/\",\"name\":\"Hotelli-info Wellness - Hotel K5 Levi\",\"isPartOf\":{\"@id\":\"https:\/\/www.kassiopeia.fi\/hotel-k5-levi\/#website\"},\"primaryImageOfPage\":{\"@id\":\"https:\/\/www.kassiopeia.fi\/hotel-k5-levi\/hotelli-info\/wellness\/#primaryimage\"},\"image\":{\"@id\":\"https:\/\/www.kassiopeia.fi\/hotel-k5-levi\/hotelli-info\/wellness\/#primaryimage\"},\"thumbnailUrl\":\"https:\/\/www.kassiopeia.fi\/hotel-k5-levi\/wp-content\/uploads\/sites\/4\/2024\/10\/Hotel-K5-Levi_hero.jpg\",\"datePublished\":\"2024-11-01T10:53:19+00:00\",\"dateModified\":\"2025-07-29T11:58:24+00:00\",\"breadcrumb\":{\"@id\":\"https:\/\/www.kassiopeia.fi\/hotel-k5-levi\/hotelli-info\/wellness\/#breadcrumb\"},\"inLanguage\":\"en-US\",\"potentialAction\":[{\"@type\":\"ReadAction\",\"target\":[\"https:\/\/www.kassiopeia.fi\/hotel-k5-levi\/hotelli-info\/wellness\/\"]}]},{\"@type\":\"ImageObject\",\"inLanguage\":\"en-US\",\"@id\":\"https:\/\/www.kassiopeia.fi\/hotel-k5-levi\/hotelli-info\/wellness\/#primaryimage\",\"url\":\"https:\/\/www.kassiopeia.fi\/hotel-k5-levi\/wp-content\/uploads\/sites\/4\/2024\/10\/Hotel-K5-Levi_hero.jpg\",\"contentUrl\":\"https:\/\/www.kassiopeia.fi\/hotel-k5-levi\/wp-content\/uploads\/sites\/4\/2024\/10\/Hotel-K5-Levi_hero.jpg\",\"width\":2000,\"height\":1500,\"caption\":\"Hotel K5 Levi ulkoa talvella.\"},{\"@type\":\"BreadcrumbList\",\"@id\":\"https:\/\/www.kassiopeia.fi\/hotel-k5-levi\/hotelli-info\/wellness\/#breadcrumb\",\"itemListElement\":[{\"@type\":\"ListItem\",\"position\":1,\"name\":\"Home\",\"item\":\"https:\/\/www.kassiopeia.fi\/hotel-k5-levi\/\"},{\"@type\":\"ListItem\",\"position\":2,\"name\":\"Hotelli-info\",\"item\":\"https:\/\/www.kassiopeia.fi\/hotel-k5-levi\/hotelli-info\/\"},{\"@type\":\"ListItem\",\"position\":3,\"name\":\"Hotelli-info Wellness\"}]},{\"@type\":\"WebSite\",\"@id\":\"https:\/\/www.kassiopeia.fi\/hotel-k5-levi\/#website\",\"url\":\"https:\/\/www.kassiopeia.fi\/hotel-k5-levi\/\",\"name\":\"Hotel K5 Levi\",\"description\":\"\",\"potentialAction\":[{\"@type\":\"SearchAction\",\"target\":{\"@type\":\"EntryPoint\",\"urlTemplate\":\"https:\/\/www.kassiopeia.fi\/hotel-k5-levi\/?s={search_term_string}\"},\"query-input\":{\"@type\":\"PropertyValueSpecification\",\"valueRequired\":true,\"valueName\":\"search_term_string\"}}],\"inLanguage\":\"en-US\"}]}<\/script>\n<!-- \/ Yoast SEO Premium plugin. -->","yoast_head_json":{"title":"Hotelli-info Wellness - Hotel K5 Levi","robots":{"index":"index","follow":"follow","max-snippet":"max-snippet:-1","max-image-preview":"max-image-preview:large","max-video-preview":"max-video-preview:-1"},"canonical":"https:\/\/www.kassiopeia.fi\/hotel-k5-levi\/hotelli-info\/wellness\/","og_locale":"en_US","og_type":"article","og_title":"Hotelli-info Wellness","og_description":"Hotelli-info \/ Wellness Wellness Hotellillamme ei ole omia hyvinvointipalveluja mutta Levin keskusta l\u00f6ytyy t\u00e4h\u00e4n tarkoitukseen useita hyvi\u00e4 vaihtoehtoja. Rela-hierojat Osoite:&nbsp;Myllyjoentie 2, 99130 LeviPuhelin:&nbsp;0600 13811&nbsp;(valtakunnallinen maksullinen numero)Varaukset&nbsp;verkkosivuilta. Hotellimme asiakkaille hieronnat tarjoushinnoin kun n\u00e4yt\u00e4t huoneavainta hierojalle paikan p\u00e4\u00e4ll\u00e4. 25 min hieronta 25\u20ac&nbsp;(norm. alk. 33\u20ac)50 min hieronta 49\u20ac&nbsp;(norm. alk. 65\u20ac)75 min hieronta 70\u20ac&nbsp;(norm. alk. 98\u20ac)Kuumakivihieronta 40 min 49\u20ac&nbsp;(norm. [&hellip;]","og_url":"https:\/\/www.kassiopeia.fi\/hotel-k5-levi\/hotelli-info\/wellness\/","og_site_name":"Hotel K5 Levi","article_modified_time":"2025-07-29T11:58:24+00:00","og_image":[{"width":2000,"height":1500,"url":"https:\/\/www.kassiopeia.fi\/hotel-k5-levi\/wp-content\/uploads\/sites\/4\/2024\/10\/Hotel-K5-Levi_hero.jpg","type":"image\/jpeg"}],"twitter_card":"summary_large_image","twitter_misc":{"Est. reading time":"2 minutes"},"schema":{"@context":"https:\/\/schema.org","@graph":[{"@type":"WebPage","@id":"https:\/\/www.kassiopeia.fi\/hotel-k5-levi\/hotelli-info\/wellness\/","url":"https:\/\/www.kassiopeia.fi\/hotel-k5-levi\/hotelli-info\/wellness\/","name":"Hotelli-info Wellness - Hotel K5 Levi","isPartOf":{"@id":"https:\/\/www.kassiopeia.fi\/hotel-k5-levi\/#website"},"primaryImageOfPage":{"@id":"https:\/\/www.kassiopeia.fi\/hotel-k5-levi\/hotelli-info\/wellness\/#primaryimage"},"image":{"@id":"https:\/\/www.kassiopeia.fi\/hotel-k5-levi\/hotelli-info\/wellness\/#primaryimage"},"thumbnailUrl":"https:\/\/www.kassiopeia.fi\/hotel-k5-levi\/wp-content\/uploads\/sites\/4\/2024\/10\/Hotel-K5-Levi_hero.jpg","datePublished":"2024-11-01T10:53:19+00:00","dateModified":"2025-07-29T11:58:24+00:00","breadcrumb":{"@id":"https:\/\/www.kassiopeia.fi\/hotel-k5-levi\/hotelli-info\/wellness\/#breadcrumb"},"inLanguage":"en-US","potentialAction":[{"@type":"ReadAction","target":["https:\/\/www.kassiopeia.fi\/hotel-k5-levi\/hotelli-info\/wellness\/"]}]},{"@type":"ImageObject","inLanguage":"en-US","@id":"https:\/\/www.kassiopeia.fi\/hotel-k5-levi\/hotelli-info\/wellness\/#primaryimage","url":"https:\/\/www.kassiopeia.fi\/hotel-k5-levi\/wp-content\/uploads\/sites\/4\/2024\/10\/Hotel-K5-Levi_hero.jpg","contentUrl":"https:\/\/www.kassiopeia.fi\/hotel-k5-levi\/wp-content\/uploads\/sites\/4\/2024\/10\/Hotel-K5-Levi_hero.jpg","width":2000,"height":1500,"caption":"Hotel K5 Levi ulkoa talvella."},{"@type":"BreadcrumbList","@id":"https:\/\/www.kassiopeia.fi\/hotel-k5-levi\/hotelli-info\/wellness\/#breadcrumb","itemListElement":[{"@type":"ListItem","position":1,"name":"Home","item":"https:\/\/www.kassiopeia.fi\/hotel-k5-levi\/"},{"@type":"ListItem","position":2,"name":"Hotelli-info","item":"https:\/\/www.kassiopeia.fi\/hotel-k5-levi\/hotelli-info\/"},{"@type":"ListItem","position":3,"name":"Hotelli-info Wellness"}]},{"@type":"WebSite","@id":"https:\/\/www.kassiopeia.fi\/hotel-k5-levi\/#website","url":"https:\/\/www.kassiopeia.fi\/hotel-k5-levi\/","name":"Hotel K5 Levi","description":"","potentialAction":[{"@type":"SearchAction","target":{"@type":"EntryPoint","urlTemplate":"https:\/\/www.kassiopeia.fi\/hotel-k5-levi\/?s={search_term_string}"},"query-input":{"@type":"PropertyValueSpecification","valueRequired":true,"valueName":"search_term_string"}}],"inLanguage":"en-US"}]}},"lang":"fi","translations":{"fi":1041},"pll_sync_post":[],"_links":{"self":[{"href":"https:\/\/www.kassiopeia.fi\/hotel-k5-levi\/wp-json\/wp\/v2\/pages\/1041","targetHints":{"allow":["GET"]}}],"collection":[{"href":"https:\/\/www.kassiopeia.fi\/hotel-k5-levi\/wp-json\/wp\/v2\/pages"}],"about":[{"href":"https:\/\/www.kassiopeia.fi\/hotel-k5-levi\/wp-json\/wp\/v2\/types\/page"}],"author":[{"embeddable":true,"href":"https:\/\/www.kassiopeia.fi\/hotel-k5-levi\/wp-json\/wp\/v2\/users\/7"}],"replies":[{"embeddable":true,"href":"https:\/\/www.kassiopeia.fi\/hotel-k5-levi\/wp-json\/wp\/v2\/comments?post=1041"}],"version-history":[{"count":3,"href":"https:\/\/www.kassiopeia.fi\/hotel-k5-levi\/wp-json\/wp\/v2\/pages\/1041\/revisions"}],"predecessor-version":[{"id":1342,"href":"https:\/\/www.kassiopeia.fi\/hotel-k5-levi\/wp-json\/wp\/v2\/pages\/1041\/revisions\/1342"}],"up":[{"embeddable":true,"href":"https:\/\/www.kassiopeia.fi\/hotel-k5-levi\/wp-json\/wp\/v2\/pages\/884"}],"wp:attachment":[{"href":"https:\/\/www.kassiopeia.fi\/hotel-k5-levi\/wp-json\/wp\/v2\/media?parent=1041"}],"curies":[{"name":"wp","href":"https:\/\/api.w.org\/{rel}","templated":true}]}}